{"id":15831,"date":"2025-02-24T22:49:59","date_gmt":"2025-02-24T21:49:59","guid":{"rendered":"https:\/\/staviori.com.pl\/product\/perly-ze-srebrem-wdn6159\/"},"modified":"2026-03-16T06:56:10","modified_gmt":"2026-03-16T05:56:10","slug":"perly-ze-srebrem-wdn6159","status":"publish","type":"product","link":"https:\/\/staviori.com.pl\/cs\/product\/perly-ze-srebrem-wdn6159\/","title":{"rendered":"st\u0159\u00edbrn\u00fd n\u00e1hrdeln\u00edk s p\u0159\u00edrodn\u00edmi perlami"},"content":{"rendered":"<p>Model: WDN6159<br \/>\nHmotnost p\u0159ibli\u017en\u011b 2,40 g<\/p>\n<p>N\u00e1hrdeln\u00edk 47 cm.<br \/>\n0,925 rhodiovan\u00e9 st\u0159\u00edbro.<br \/>\nP\u0159\u00edrodn\u00ed sladkovodn\u00ed kultivovan\u00e9 perly.<\/p>\n<p>Vezm\u011bte pros\u00edm na v\u011bdom\u00ed, \u017ee p\u0159\u00edrodn\u00ed perly a d\u00edlo p\u0159\u00edrody nejsou identick\u00e9 nebo dokonal\u00e9 a ka\u017ed\u00fd perlov\u00fd v\u00fdrobek se m\u016f\u017ee m\u00edrn\u011b li\u0161it.<\/p>\n<p>\u015arednica ogniwa 16 mm.<br \/>\n\u015arednica kulki 4 mm.<\/p>","protected":false},"excerpt":{"rendered":"<p>Delikatny naszyjnik Staviori wykonany z rodowanego srebra pr\u00f3by 0,925, ozdobiony trzema naturalnymi per\u0142ami hodowanymi s\u0142odkowodnymi. Subtelne zawieszenie pere\u0142 na srebrnym okr\u0119gu tworzy wyj\u0105tkowo kobiecy i elegancki efekt, doskona\u0142y do ka\u017cdej stylizacji. Ka\u017cda per\u0142a jest niepowtarzalna, co nadaje bi\u017cuterii indywidualny charakter i naturalne pi\u0119kno. Idealny wyb\u00f3r dla mi\u0142o\u015bniczek klasyki i subtelnego blasku.<\/p>","protected":false},"featured_media":8443,"comment_status":"closed","ping_status":"closed","template":"","meta":{"om_disable_all_campaigns":false},"product_brand":[2284],"product_cat":[1393,1919,1817],"product_tag":[3932,6677,6604,2798,4271,4114,4608,6674,6678,6676,3029,4201,3967,6675,4192],"class_list":{"0":"post-15831","1":"product","2":"type-product","3":"status-publish","4":"has-post-thumbnail","6":"product_brand-staviori","7":"product_cat-perly","8":"product_cat-perly-ze-srebrem","9":"product_cat-srebro-2","10":"product_tag-3932","11":"product_tag-925-silber","12":"product_tag-925-silver","13":"product_tag-bizuteria-staviori","14":"product_tag-freshwater-pearls","15":"product_tag-naszyjnik-srebrny","16":"product_tag-naszyjnik-z-perlami","17":"product_tag-pearl-necklace","18":"product_tag-perlen-schmuck","19":"product_tag-perlovy-nahrdelnik","20":"product_tag-perly-hodowane","21":"product_tag-silver-necklace","22":"product_tag-srebro-0","23":"product_tag-staviori-jewelry","24":"product_tag-stribrny-nahrdelnik","25":"pa_kamien-naturalne-perly-hodowane-slodkowodne","26":"pa_kruszec-srebro-rodowane","27":"pa_proba-0-925","28":"pa_rozmiar-47cm","29":"pa_srednica-kulki-4mm","30":"pa_srednica-ogniwa-16mm","31":"pa_waga-2-40g","33":"first","34":"instock","35":"purchasable","36":"product-type-simple"},"aioseo_notices":[],"_links":{"self":[{"href":"https:\/\/staviori.com.pl\/cs\/wp-json\/wp\/v2\/product\/15831","targetHints":{"allow":["GET"]}}],"collection":[{"href":"https:\/\/staviori.com.pl\/cs\/wp-json\/wp\/v2\/product"}],"about":[{"href":"https:\/\/staviori.com.pl\/cs\/wp-json\/wp\/v2\/types\/product"}],"replies":[{"embeddable":true,"href":"https:\/\/staviori.com.pl\/cs\/wp-json\/wp\/v2\/comments?post=15831"}],"wp:featuredmedia":[{"embeddable":true,"href":"https:\/\/staviori.com.pl\/cs\/wp-json\/wp\/v2\/media\/8443"}],"wp:attachment":[{"href":"https:\/\/staviori.com.pl\/cs\/wp-json\/wp\/v2\/media?parent=15831"}],"wp:term":[{"taxonomy":"product_brand","embeddable":true,"href":"https:\/\/staviori.com.pl\/cs\/wp-json\/wp\/v2\/product_brand?post=15831"},{"taxonomy":"product_cat","embeddable":true,"href":"https:\/\/staviori.com.pl\/cs\/wp-json\/wp\/v2\/product_cat?post=15831"},{"taxonomy":"product_tag","embeddable":true,"href":"https:\/\/staviori.com.pl\/cs\/wp-json\/wp\/v2\/product_tag?post=15831"}],"curies":[{"name":"wp","href":"https:\/\/api.w.org\/{rel}","templated":true}]}}