{"id":15829,"date":"2025-02-24T22:49:59","date_gmt":"2025-02-24T21:49:59","guid":{"rendered":"https:\/\/staviori.com.pl\/product\/srebrny-wisiorek-wdm6144\/"},"modified":"2026-02-11T00:09:33","modified_gmt":"2026-02-10T23:09:33","slug":"srebrny-wisiorek-wdm6144","status":"publish","type":"product","link":"https:\/\/staviori.com.pl\/cs\/product\/srebrny-wisiorek-wdm6144\/","title":{"rendered":"st\u0159\u00edbrn\u00fd p\u0159\u00edv\u011bsek srdce s markazity"},"content":{"rendered":"<p>Model: WDM6144<br \/>\nHmotnost p\u0159ibli\u017en\u011b 1,80 g<\/p>\n<p>P\u0159\u00edv\u011bsek.<br \/>\nSt\u0159\u00edbro 0,925.<br \/>\nMarkazit\u00e9.<\/p>\n<p>Wymiary 12&#215;9 mm.<br \/>\nD\u00e9lka 20 mm.<\/p>\n<p>N\u00e1dhern\u00e9 t\u0159pytiv\u00e9 markazitov\u00e9 srdce. Ide\u00e1ln\u00ed pro p\u0159\u00edle\u017eitostn\u00fd, promy\u0161len\u00fd d\u00e1rek.<\/p>","protected":false},"excerpt":{"rendered":"<p>Uroczy wisiorek Staviori w kszta\u0142cie serca wykonany z najwy\u017cszej jako\u015bci srebra pr\u00f3by 0,925. Jego powierzchni\u0119 zdobi\u0105 po\u0142yskuj\u0105ce markazyty, kt\u00f3re pi\u0119knie odbijaj\u0105 \u015bwiat\u0142o, nadaj\u0105c ca\u0142o\u015bci elegancji i delikatnego blasku vintage. Subtelny, romantyczny i kobiecy \u2013 idealny jako prezent dla ukochanej osoby lub drobny upominek dla samej siebie.<\/p>","protected":false},"featured_media":8426,"comment_status":"closed","ping_status":"closed","template":"","meta":{"om_disable_all_campaigns":false},"product_brand":[2284],"product_cat":[2141,1817,729],"product_tag":[3932,6677,2798,4303,6680,4118,6681,2425,6170,6588,3967,6675,6581,6679,5744],"class_list":{"0":"post-15829","1":"product","2":"type-product","3":"status-publish","4":"has-post-thumbnail","6":"product_brand-staviori","7":"product_cat-srebrny-wisiorek","8":"product_cat-srebro-2","9":"product_cat-wisiorki","10":"product_tag-3932","11":"product_tag-925-silber","12":"product_tag-bizuteria-staviori","13":"product_tag-heart-pendant","14":"product_tag-herzanhanger","15":"product_tag-marcasite-jewelry","16":"product_tag-markasiten-schmuck","17":"product_tag-markazyty","18":"product_tag-privesek-srdce","19":"product_tag-silver-pendant","20":"product_tag-srebro-0","21":"product_tag-staviori-jewelry","22":"product_tag-stribrny-privesek","23":"product_tag-wisiorek-serduszko","24":"product_tag-wisiorek-srebrny","25":"pa_dlugosc-20mm","26":"pa_dostawca-markazyty-hong","27":"pa_kamien-markazyty","28":"pa_kruszec-srebro","29":"pa_motyw-serce","30":"pa_proba-0-925","31":"pa_waga-180g","32":"pa_wymiary-12x9mm","34":"first","35":"instock","36":"purchasable","37":"product-type-simple"},"aioseo_notices":[],"_links":{"self":[{"href":"https:\/\/staviori.com.pl\/cs\/wp-json\/wp\/v2\/product\/15829","targetHints":{"allow":["GET"]}}],"collection":[{"href":"https:\/\/staviori.com.pl\/cs\/wp-json\/wp\/v2\/product"}],"about":[{"href":"https:\/\/staviori.com.pl\/cs\/wp-json\/wp\/v2\/types\/product"}],"replies":[{"embeddable":true,"href":"https:\/\/staviori.com.pl\/cs\/wp-json\/wp\/v2\/comments?post=15829"}],"wp:featuredmedia":[{"embeddable":true,"href":"https:\/\/staviori.com.pl\/cs\/wp-json\/wp\/v2\/media\/8426"}],"wp:attachment":[{"href":"https:\/\/staviori.com.pl\/cs\/wp-json\/wp\/v2\/media?parent=15829"}],"wp:term":[{"taxonomy":"product_brand","embeddable":true,"href":"https:\/\/staviori.com.pl\/cs\/wp-json\/wp\/v2\/product_brand?post=15829"},{"taxonomy":"product_cat","embeddable":true,"href":"https:\/\/staviori.com.pl\/cs\/wp-json\/wp\/v2\/product_cat?post=15829"},{"taxonomy":"product_tag","embeddable":true,"href":"https:\/\/staviori.com.pl\/cs\/wp-json\/wp\/v2\/product_tag?post=15829"}],"curies":[{"name":"wp","href":"https:\/\/api.w.org\/{rel}","templated":true}]}}