{"id":15828,"date":"2025-02-24T22:49:59","date_gmt":"2025-02-24T21:49:59","guid":{"rendered":"https:\/\/staviori.com.pl\/product\/srebrny-wisiorek-wdm6143\/"},"modified":"2026-03-13T08:01:51","modified_gmt":"2026-03-13T07:01:51","slug":"srebrny-wisiorek-wdm6143","status":"publish","type":"product","link":"https:\/\/staviori.com.pl\/cs\/product\/srebrny-wisiorek-wdm6143\/","title":{"rendered":"st\u0159\u00edbrn\u00fd p\u0159\u00edv\u011bsek jezev\u010d\u00edka s markazity"},"content":{"rendered":"<p>Model: WDM6143<br \/>\nWaga ok. 5,00g<\/p>\n<p>P\u0159\u00edv\u011bsek.<br \/>\nSt\u0159\u00edbro 0,925.<br \/>\nMarkazit\u00e9.<br \/>\n1 Garnet Afryka\u0144ski Czerwony.<\/p>\n<p>D\u0142ugo\u015b\u0107 19 mm.<br \/>\nWymiary 28&#215;16 mm.<\/p>\n<p>Niezwyk\u0142y wisiorek. Znakomita gratka dla ka\u017cdego mi\u0142o\u015bnika ps\u00f3w i przyjaciela zwierz\u0105t. Oksydowane srebro i cudowne markazyty.<\/p>","protected":false},"excerpt":{"rendered":"<p>Uroczy wisiorek w kszta\u0142cie jamnika, wykonany z oksydowanego srebra pr\u00f3by 0,925. Powierzchni\u0119 zdobi\u0105 b\u0142yszcz\u0105ce markazyty, kt\u00f3re dodaj\u0105 mu eleganckiego, retro charakteru. Oko psa stanowi czerwony granat afryka\u0144ski, wprowadzaj\u0105cy subtelny akcent koloru. Bi\u017cuteria pe\u0142na wdzi\u0119ku i osobowo\u015bci \u2013 doskona\u0142y prezent dla mi\u0142o\u015bnik\u00f3w zwierz\u0105t i pi\u0119knych detali.<\/p>","protected":false},"featured_media":8424,"comment_status":"closed","ping_status":"closed","template":"","meta":{"om_disable_all_campaigns":false},"product_brand":[2284],"product_cat":[2141,1817,729],"product_tag":[3932,6670,6664,6669,6668,6665,4118,5293,2425,6666,6663,6671,6667,3967,5905,6672,6662],"class_list":{"0":"post-15828","1":"product","2":"type-product","3":"status-publish","4":"has-post-thumbnail","6":"product_brand-staviori","7":"product_cat-srebrny-wisiorek","8":"product_cat-srebro-2","9":"product_cat-wisiorki","10":"product_tag-3932","11":"product_tag-anhanger-hund","12":"product_tag-bizuteria-ze-zwierzetami","13":"product_tag-dachshund-necklace","14":"product_tag-dog-pendant","15":"product_tag-granat-afrykanski","16":"product_tag-marcasite-jewelry","17":"product_tag-markazity","18":"product_tag-markazyty","19":"product_tag-oksydowane-srebro","20":"product_tag-pies","21":"product_tag-schmuck-hund","22":"product_tag-silver-pendant-dog","23":"product_tag-srebro-0","24":"product_tag-sterling-silver","25":"product_tag-stribrny-privesek-pes","26":"product_tag-wisiorek-jamnik","27":"pa_dlugosc-19mm","28":"pa_dostawca-markazyty-hong","29":"pa_kamien-markazyty","30":"pa_kruszec-srebro","31":"pa_motyw-pies","32":"pa_proba-0-925","33":"pa_waga-500g","34":"pa_wymiary-28x16mm","36":"first","37":"instock","38":"purchasable","39":"product-type-simple"},"aioseo_notices":[],"_links":{"self":[{"href":"https:\/\/staviori.com.pl\/cs\/wp-json\/wp\/v2\/product\/15828","targetHints":{"allow":["GET"]}}],"collection":[{"href":"https:\/\/staviori.com.pl\/cs\/wp-json\/wp\/v2\/product"}],"about":[{"href":"https:\/\/staviori.com.pl\/cs\/wp-json\/wp\/v2\/types\/product"}],"replies":[{"embeddable":true,"href":"https:\/\/staviori.com.pl\/cs\/wp-json\/wp\/v2\/comments?post=15828"}],"wp:featuredmedia":[{"embeddable":true,"href":"https:\/\/staviori.com.pl\/cs\/wp-json\/wp\/v2\/media\/8424"}],"wp:attachment":[{"href":"https:\/\/staviori.com.pl\/cs\/wp-json\/wp\/v2\/media?parent=15828"}],"wp:term":[{"taxonomy":"product_brand","embeddable":true,"href":"https:\/\/staviori.com.pl\/cs\/wp-json\/wp\/v2\/product_brand?post=15828"},{"taxonomy":"product_cat","embeddable":true,"href":"https:\/\/staviori.com.pl\/cs\/wp-json\/wp\/v2\/product_cat?post=15828"},{"taxonomy":"product_tag","embeddable":true,"href":"https:\/\/staviori.com.pl\/cs\/wp-json\/wp\/v2\/product_tag?post=15828"}],"curies":[{"name":"wp","href":"https:\/\/api.w.org\/{rel}","templated":true}]}}