{"id":15827,"date":"2025-02-24T22:49:59","date_gmt":"2025-02-24T21:49:59","guid":{"rendered":"https:\/\/staviori.com.pl\/product\/srebrny-wisiorek-wdm5942\/"},"modified":"2026-02-11T00:09:33","modified_gmt":"2026-02-10T23:09:33","slug":"srebrny-wisiorek-wdm5942","status":"publish","type":"product","link":"https:\/\/staviori.com.pl\/cs\/product\/srebrny-wisiorek-wdm5942\/","title":{"rendered":"st\u0159\u00edbrn\u00fd p\u0159\u00edv\u011bsek se zelen\u00fdm ach\u00e1tem a markazity"},"content":{"rendered":"<p>Model: WDM5942<br \/>\nWaga ok. 2g<\/p>\n<p>P\u0159\u00edv\u011bsek.<br \/>\nSt\u0159\u00edbro 0,925.<br \/>\nAch\u00e1t.<br \/>\nMarkazit\u00e9.<\/p>\n<p>D\u00e9lka 22 mm.<br \/>\nWymiary kamieni ok. 6&#215;4 mm.<\/p>","protected":false},"excerpt":{"rendered":"<p>Elegancki wisiorek Staviori wykonany ze srebra pr\u00f3by 0,925 z naturalnym zielonym agatem i markazytami. Po\u0142\u0105czenie intensywnej zieleni kamienia z delikatnym po\u0142yskiem srebra tworzy niezwykle harmonijn\u0105 kompozycj\u0119 o klasycznym charakterze. Subtelne zdobienia nadaj\u0105 mu ponadczasowego uroku, dzi\u0119ki czemu b\u0119dzie doskona\u0142ym dodatkiem zar\u00f3wno do codziennych stylizacji, jak i wyj\u0105tkowych okazji.<\/p>","protected":false},"featured_media":21594,"comment_status":"closed","ping_status":"closed","template":"","meta":{"om_disable_all_campaigns":false},"product_brand":[2284],"product_cat":[2141,1817,729],"product_tag":[3932,6656,6657,6654,6655,3101,2427,6652,5744,6653,6578,6587],"class_list":{"0":"post-15827","1":"product","2":"type-product","3":"status-publish","4":"has-post-thumbnail","6":"product_brand-staviori","7":"product_cat-srebrny-wisiorek","8":"product_cat-srebro-2","9":"product_cat-wisiorki","10":"product_tag-3932","11":"product_tag-privesek-achat-stribro","12":"product_tag-schmuck-silber-agat","13":"product_tag-silver-pendant-agate","14":"product_tag-silver-pendant-marcasite","15":"product_tag-srebrna-bizuteria","16":"product_tag-srebro-925","17":"product_tag-stribro-0","18":"product_tag-wisiorek-srebrny","19":"product_tag-wisiorek-z-agatem","20":"product_tag-wisiorek-z-markazytami","21":"product_tag-zielony-agat","22":"pa_barwa-zielona","23":"pa_dlugosc-22mm","24":"pa_kamien-agat","25":"pa_kamien-markazyty","26":"pa_kruszec-srebro","27":"pa_proba-0-925","28":"pa_waga-200g","29":"pa_wymiary-kamieni-ok-6x4mm","31":"first","32":"instock","33":"purchasable","34":"product-type-simple"},"aioseo_notices":[],"_links":{"self":[{"href":"https:\/\/staviori.com.pl\/cs\/wp-json\/wp\/v2\/product\/15827","targetHints":{"allow":["GET"]}}],"collection":[{"href":"https:\/\/staviori.com.pl\/cs\/wp-json\/wp\/v2\/product"}],"about":[{"href":"https:\/\/staviori.com.pl\/cs\/wp-json\/wp\/v2\/types\/product"}],"replies":[{"embeddable":true,"href":"https:\/\/staviori.com.pl\/cs\/wp-json\/wp\/v2\/comments?post=15827"}],"wp:featuredmedia":[{"embeddable":true,"href":"https:\/\/staviori.com.pl\/cs\/wp-json\/wp\/v2\/media\/21594"}],"wp:attachment":[{"href":"https:\/\/staviori.com.pl\/cs\/wp-json\/wp\/v2\/media?parent=15827"}],"wp:term":[{"taxonomy":"product_brand","embeddable":true,"href":"https:\/\/staviori.com.pl\/cs\/wp-json\/wp\/v2\/product_brand?post=15827"},{"taxonomy":"product_cat","embeddable":true,"href":"https:\/\/staviori.com.pl\/cs\/wp-json\/wp\/v2\/product_cat?post=15827"},{"taxonomy":"product_tag","embeddable":true,"href":"https:\/\/staviori.com.pl\/cs\/wp-json\/wp\/v2\/product_tag?post=15827"}],"curies":[{"name":"wp","href":"https:\/\/api.w.org\/{rel}","templated":true}]}}