{"id":15826,"date":"2025-02-24T22:49:59","date_gmt":"2025-02-24T21:49:59","guid":{"rendered":"https:\/\/staviori.com.pl\/product\/srebrny-wisiorek-wdm5940\/"},"modified":"2026-02-11T00:09:33","modified_gmt":"2026-02-10T23:09:33","slug":"srebrny-wisiorek-wdm5940","status":"publish","type":"product","link":"https:\/\/staviori.com.pl\/cs\/product\/srebrny-wisiorek-wdm5940\/","title":{"rendered":"St\u0159\u00edbrn\u00fd p\u0159\u00edv\u011bsek s markazity a \u010derven\u00fdm ach\u00e1tem"},"content":{"rendered":"<p>Model: WDM5940<br \/>\nHmotnost p\u0159ibli\u017en\u011b 2,00 g<\/p>\n<p>P\u0159\u00edv\u011bsek.<br \/>\nSt\u0159\u00edbro 0,925.<br \/>\nAch\u00e1t.<br \/>\nMarkazit\u00e9.<\/p>\n<p>D\u00e9lka 25 mm.<br \/>\nRozm\u011bry 7 \u00d7 5 mm.<\/p>\n<p>Sadu dopl\u0148uj\u00ed n\u00e1u\u0161nice a prsten.<\/p>","protected":false},"excerpt":{"rendered":"<p>Elegantn\u00ed p\u0159\u00edv\u011bsek Staviori ze st\u0159\u00edbra, zdoben\u00fd syt\u011b \u010derven\u00fdm ach\u00e1tem a t\u0159pytiv\u00fdmi markazity. Klasick\u00e1 kombinace drah\u00fdch kamen\u016f a slo\u017eit\u00fdch detail\u016f mu dod\u00e1v\u00e1 jedine\u010dn\u00fd charakter ve vintage stylu. Ide\u00e1ln\u00ed volba pro \u017eeny, kter\u00e9 na \u0161perc\u00edch oce\u0148uj\u00ed nad\u010dasovou eleganci a jemn\u00e9 akcenty.<\/p>","protected":false},"featured_media":21588,"comment_status":"closed","ping_status":"closed","template":"","meta":{"om_disable_all_campaigns":false},"product_brand":[2284],"product_cat":[2141,1817,729],"product_tag":[3932,4238,4236,4237,2428,6644,6580,2425,6637,6075,6588,3967,3724,6581,5744,6643],"class_list":{"0":"post-15826","1":"product","2":"type-product","3":"status-publish","4":"has-post-thumbnail","6":"product_brand-staviori","7":"product_cat-srebrny-wisiorek","8":"product_cat-srebro-2","9":"product_cat-wisiorki","10":"product_tag-3932","11":"product_tag-achat","12":"product_tag-agat","13":"product_tag-agate-jewelry","14":"product_tag-bizuteria-srebrna","15":"product_tag-damenanhanger","16":"product_tag-marcasite-pendant","17":"product_tag-markazyty","18":"product_tag-schmuck","19":"product_tag-silber-925","20":"product_tag-silver-pendant","21":"product_tag-srebro-0","22":"product_tag-staviori","23":"product_tag-stribrny-privesek","24":"product_tag-wisiorek-srebrny","25":"product_tag-wisiorek-z-kamieniem","26":"pa_dlugosc-25mm","27":"pa_kamien-agat","28":"pa_kamien-markazyty","29":"pa_kruszec-srebro","30":"pa_proba-0-925","31":"pa_waga-200g","32":"pa_wymiary-7x5mm","34":"first","35":"instock","36":"purchasable","37":"product-type-simple"},"aioseo_notices":[],"_links":{"self":[{"href":"https:\/\/staviori.com.pl\/cs\/wp-json\/wp\/v2\/product\/15826","targetHints":{"allow":["GET"]}}],"collection":[{"href":"https:\/\/staviori.com.pl\/cs\/wp-json\/wp\/v2\/product"}],"about":[{"href":"https:\/\/staviori.com.pl\/cs\/wp-json\/wp\/v2\/types\/product"}],"replies":[{"embeddable":true,"href":"https:\/\/staviori.com.pl\/cs\/wp-json\/wp\/v2\/comments?post=15826"}],"wp:featuredmedia":[{"embeddable":true,"href":"https:\/\/staviori.com.pl\/cs\/wp-json\/wp\/v2\/media\/21588"}],"wp:attachment":[{"href":"https:\/\/staviori.com.pl\/cs\/wp-json\/wp\/v2\/media?parent=15826"}],"wp:term":[{"taxonomy":"product_brand","embeddable":true,"href":"https:\/\/staviori.com.pl\/cs\/wp-json\/wp\/v2\/product_brand?post=15826"},{"taxonomy":"product_cat","embeddable":true,"href":"https:\/\/staviori.com.pl\/cs\/wp-json\/wp\/v2\/product_cat?post=15826"},{"taxonomy":"product_tag","embeddable":true,"href":"https:\/\/staviori.com.pl\/cs\/wp-json\/wp\/v2\/product_tag?post=15826"}],"curies":[{"name":"wp","href":"https:\/\/api.w.org\/{rel}","templated":true}]}}