{"id":15825,"date":"2025-02-24T22:49:59","date_gmt":"2025-02-24T21:49:59","guid":{"rendered":"https:\/\/staviori.com.pl\/product\/srebrny-wisiorek-wdm5937\/"},"modified":"2026-03-30T10:13:26","modified_gmt":"2026-03-30T08:13:26","slug":"srebrny-wisiorek-wdm5937","status":"publish","type":"product","link":"https:\/\/staviori.com.pl\/cs\/product\/srebrny-wisiorek-wdm5937\/","title":{"rendered":"St\u0159\u00edbrn\u00fd p\u0159\u00edv\u011bsek s markazity - srdce"},"content":{"rendered":"<p>Model: WDM5937<br \/>\nHmotnost p\u0159ibli\u017en\u011b 2,40 g<\/p>\n<p>P\u0159\u00edv\u011bsek.<br \/>\nSt\u0159\u00edbro 0,925.<br \/>\nMarkazit\u00e9.<\/p>\n<p>D\u00e9lka 25 mm.<br \/>\nWymiary 15&#215;5 mm.<\/p>\n<p>Kolczyki dost\u0119pne do kompletu. <\/p>","protected":false},"excerpt":{"rendered":"<p>Uroczy wisiorek Staviori wykonany ze srebra pr\u00f3by 0,925 zachwyca romantycznym motywem trzech serduszek. Dwa z nich ozdobione s\u0105 po\u0142yskuj\u0105cymi markazytami, kt\u00f3re dodaj\u0105 ca\u0142o\u015bci subtelnego blasku, a \u015brodkowe \u2013 a\u017curowe \u2013 nadaje lekko\u015bci i delikatno\u015bci. To idealny prezent dla osoby, kt\u00f3ra ceni klasyczn\u0105 elegancj\u0119 z nut\u0105 vintage i symbolik\u0119 mi\u0142o\u015bci.<\/p>","protected":false},"featured_media":21586,"comment_status":"closed","ping_status":"closed","template":"","meta":{"om_disable_all_campaigns":false},"product_brand":[2284],"product_cat":[2141,1817,729],"product_tag":[3932,3097,2798,4303,6642,4109,2425,2291,6170,6637,2468,6570,6629,6588,3967,6581,5295,5744],"class_list":{"0":"post-15825","1":"product","2":"type-product","3":"status-publish","4":"has-post-thumbnail","6":"product_brand-staviori","7":"product_cat-srebrny-wisiorek","8":"product_cat-srebro-2","9":"product_cat-wisiorki","10":"product_tag-3932","11":"product_tag-bizuteria-romantyczna","12":"product_tag-bizuteria-staviori","13":"product_tag-heart-pendant","14":"product_tag-herz-anhanger","15":"product_tag-marcasite","16":"product_tag-markazyty","17":"product_tag-prezent-dla-niej","18":"product_tag-privesek-srdce","19":"product_tag-schmuck","20":"product_tag-serduszka","21":"product_tag-silber-anhanger","22":"product_tag-silver-jewellery","23":"product_tag-silver-pendant","24":"product_tag-srebro-0","25":"product_tag-stribrny-privesek","26":"product_tag-stribro-925","27":"product_tag-wisiorek-srebrny","28":"pa_dlugosc-25mm","29":"pa_dostawca-markazyty-hong","30":"pa_kamien-markazyty","31":"pa_kruszec-srebro","32":"pa_motyw-serce","33":"pa_proba-0-925","34":"pa_waga-240g","35":"pa_wymiary-15x5mm","37":"first","38":"instock","39":"purchasable","40":"product-type-simple"},"aioseo_notices":[],"_links":{"self":[{"href":"https:\/\/staviori.com.pl\/cs\/wp-json\/wp\/v2\/product\/15825","targetHints":{"allow":["GET"]}}],"collection":[{"href":"https:\/\/staviori.com.pl\/cs\/wp-json\/wp\/v2\/product"}],"about":[{"href":"https:\/\/staviori.com.pl\/cs\/wp-json\/wp\/v2\/types\/product"}],"replies":[{"embeddable":true,"href":"https:\/\/staviori.com.pl\/cs\/wp-json\/wp\/v2\/comments?post=15825"}],"wp:featuredmedia":[{"embeddable":true,"href":"https:\/\/staviori.com.pl\/cs\/wp-json\/wp\/v2\/media\/21586"}],"wp:attachment":[{"href":"https:\/\/staviori.com.pl\/cs\/wp-json\/wp\/v2\/media?parent=15825"}],"wp:term":[{"taxonomy":"product_brand","embeddable":true,"href":"https:\/\/staviori.com.pl\/cs\/wp-json\/wp\/v2\/product_brand?post=15825"},{"taxonomy":"product_cat","embeddable":true,"href":"https:\/\/staviori.com.pl\/cs\/wp-json\/wp\/v2\/product_cat?post=15825"},{"taxonomy":"product_tag","embeddable":true,"href":"https:\/\/staviori.com.pl\/cs\/wp-json\/wp\/v2\/product_tag?post=15825"}],"curies":[{"name":"wp","href":"https:\/\/api.w.org\/{rel}","templated":true}]}}