{"id":15820,"date":"2025-02-24T22:49:59","date_gmt":"2025-02-24T21:49:59","guid":{"rendered":"https:\/\/staviori.com.pl\/product\/srebrny-wisiorek-wdc2940\/"},"modified":"2026-02-11T00:09:33","modified_gmt":"2026-02-10T23:09:33","slug":"srebrny-wisiorek-wdc2940","status":"publish","type":"product","link":"https:\/\/staviori.com.pl\/cs\/product\/srebrny-wisiorek-wdc2940\/","title":{"rendered":"St\u0159\u00edbrn\u00fd \u010dtvercov\u00fd p\u0159\u00edv\u011bsek se zirkony WDC2940"},"content":{"rendered":"<p>Model: WDC2940<br \/>\nHmotnost p\u0159ibli\u017en\u011b 1,00 g<\/p>\n<p>P\u0159\u00edv\u011bsek.<br \/>\n0,925 rhodiovan\u00e9 st\u0159\u00edbro.<br \/>\nZirkonie.<\/p>\n<p>\u0160\u00ed\u0159ka 6 mm.<\/p>","protected":false},"excerpt":{"rendered":"<p>Subtelny, srebrny wisiorek Staviori z l\u015bni\u0105c\u0105 cyrkoni\u0105 w szlifie kwadratowym to kwintesencja elegancji i klasy. Prosta forma oraz perfekcyjne wykonanie z rodowanego srebra 0,925 podkre\u015blaj\u0105 blask kamienia, tworz\u0105c harmonijn\u0105 kompozycj\u0119 idealn\u0105 na co dzie\u0144 i wyj\u0105tkowe okazje. Doskona\u0142y wyb\u00f3r dla kobiet ceni\u0105cych ponadczasowe pi\u0119kno i subtelny blask.<\/p>","protected":false},"featured_media":21591,"comment_status":"closed","ping_status":"closed","template":"","meta":{"om_disable_all_campaigns":false},"product_brand":[2284],"product_cat":[2141,1817,729],"product_tag":[3932,2798,2454,3754,3690,2384,6093,6094,2455,6646,6074,6588,6525,3967,5295,4028,6645,6088],"class_list":{"0":"post-15820","1":"product","2":"type-product","3":"status-publish","4":"has-post-thumbnail","6":"product_brand-staviori","7":"product_cat-srebrny-wisiorek","8":"product_cat-srebro-2","9":"product_cat-wisiorki","10":"product_tag-3932","11":"product_tag-bizuteria-staviori","12":"product_tag-cyrkonia","13":"product_tag-darek","14":"product_tag-elegancki-prezent","15":"product_tag-minimalistyczna-bizuteria","16":"product_tag-pendant","17":"product_tag-privesek","18":"product_tag-rodowane-srebro","19":"product_tag-schmuck-silber","20":"product_tag-silver-925","21":"product_tag-silver-pendant","22":"product_tag-srebrny-wisiorek","23":"product_tag-srebro-0","24":"product_tag-stribro-925","25":"product_tag-wisiorek","26":"product_tag-zirconia","27":"product_tag-zirkonia","28":"pa_kamien-cyrkonia","29":"pa_kruszec-srebro-rodowane","30":"pa_proba-0-925","31":"pa_szerokosc-6mm","32":"pa_waga-100g-2","34":"first","35":"instock","36":"sale","37":"purchasable","38":"product-type-simple"},"aioseo_notices":[],"_links":{"self":[{"href":"https:\/\/staviori.com.pl\/cs\/wp-json\/wp\/v2\/product\/15820","targetHints":{"allow":["GET"]}}],"collection":[{"href":"https:\/\/staviori.com.pl\/cs\/wp-json\/wp\/v2\/product"}],"about":[{"href":"https:\/\/staviori.com.pl\/cs\/wp-json\/wp\/v2\/types\/product"}],"replies":[{"embeddable":true,"href":"https:\/\/staviori.com.pl\/cs\/wp-json\/wp\/v2\/comments?post=15820"}],"wp:featuredmedia":[{"embeddable":true,"href":"https:\/\/staviori.com.pl\/cs\/wp-json\/wp\/v2\/media\/21591"}],"wp:attachment":[{"href":"https:\/\/staviori.com.pl\/cs\/wp-json\/wp\/v2\/media?parent=15820"}],"wp:term":[{"taxonomy":"product_brand","embeddable":true,"href":"https:\/\/staviori.com.pl\/cs\/wp-json\/wp\/v2\/product_brand?post=15820"},{"taxonomy":"product_cat","embeddable":true,"href":"https:\/\/staviori.com.pl\/cs\/wp-json\/wp\/v2\/product_cat?post=15820"},{"taxonomy":"product_tag","embeddable":true,"href":"https:\/\/staviori.com.pl\/cs\/wp-json\/wp\/v2\/product_tag?post=15820"}],"curies":[{"name":"wp","href":"https:\/\/api.w.org\/{rel}","templated":true}]}}