{"id":15815,"date":"2025-02-24T22:49:55","date_gmt":"2025-02-24T21:49:55","guid":{"rendered":"https:\/\/staviori.com.pl\/product\/naszyjnik-z-brylantami-wbd5500\/"},"modified":"2026-02-11T00:09:33","modified_gmt":"2026-02-10T23:09:33","slug":"naszyjnik-z-brylantami-wbd5500","status":"publish","type":"product","link":"https:\/\/staviori.com.pl\/cs\/product\/naszyjnik-z-brylantami-wbd5500\/","title":{"rendered":"Exkluzivn\u00ed | n\u00e1hrdeln\u00edk z b\u00edl\u00e9ho zlata s laboratorn\u00edm diamantem F\/VS1 0,50ct"},"content":{"rendered":"<p>Model: WBD5500<br \/>\nHmotnost p\u0159ibli\u017en\u011b 1,50 g<\/p>\n<p>N\u00e1hrdeln\u00edk 45 cm.<br \/>\nB\u00edl\u00e9 zlato 0,585.<br \/>\n1 Diament, szlif brylantowy, o masie 0,50ct, barwa F, czysto\u015b\u0107 VS1.<br \/>\nSzeroko\u015b\u0107 obr\u0105czki ok. 7 mm.<br \/>\nTlou\u0161\u0165ka 5 mm.<\/p>\n<p>Mo\u017cliwo\u015b\u0107 wykonania w bia\u0142ym lub \u017c\u00f3\u0142tym kolorze z\u0142ota.<br \/>\nK dispozici na individu\u00e1ln\u00ed objedn\u00e1vku s jak\u00fdmkoli jin\u00fdm diamantem.<\/p>\n<p>P\u0159\u00edrodn\u00ed laboratorn\u00ed diamant CVD barvy F a \u010distoty VS1 zasazen\u00fd do kr\u00e1sn\u00e9ho ko\u0161\u00ed\u010dku ze \u017elut\u00e9ho zlata.<\/p>\n<p>Produkt na zam\u00f3wienie. Termin realizacji oko\u0142o 2 tygodni.<\/p>","protected":false},"excerpt":{"rendered":"<p>Jemn\u00fd n\u00e1hrdeln\u00edk Staviori s oslniv\u00fdm diamantem o v\u00e1ze 0,50 ct, vyroben\u00fd ze 14kar\u00e1tov\u00e9ho b\u00edl\u00e9ho zlata. K\u00e1men v\u00fdjime\u010dn\u00e9 \u010distoty VS1 a barvy F pot\u011b\u0161\u00ed sv\u00fdm leskem a jemn\u00e9 zasazen\u00ed v podob\u011b ko\u0161\u00ed\u010dku podtrhne jeho dokonal\u00fd brus. Jedn\u00e1 se o klasiku v tom nejkr\u00e1sn\u011bj\u0161\u00edm vyd\u00e1n\u00ed - nad\u010dasov\u00fd symbol elegance a dobr\u00e9ho vkusu, kter\u00fd dokonale dopln\u00ed ka\u017edou stylizaci.<\/p>","protected":false},"featured_media":21617,"comment_status":"closed","ping_status":"closed","template":"","meta":{"om_disable_all_campaigns":false},"product_brand":[2284],"product_cat":[1803,1838,2120,719],"product_tag":[4396,6162,2798,6696,6695,4055,6694,4796,6287,4089,4282],"class_list":{"0":"post-15815","1":"product","2":"type-product","3":"status-publish","4":"has-post-thumbnail","6":"product_brand-staviori","7":"product_cat-brylanty-exclusive","8":"product_cat-diamenty","9":"product_cat-naszyjnik-z-brylantami","10":"product_cat-naszyjniki","11":"product_tag-4396","12":"product_tag-biale-zloto-0","13":"product_tag-bizuteria-staviori","14":"product_tag-collier-diamant","15":"product_tag-diamantovy-nahrdelnik","16":"product_tag-diamond-necklace","17":"product_tag-naszyjnik-z-brylantem","18":"product_tag-naszyjnik-z-diamentem","19":"product_tag-schmuck-gold-585","20":"product_tag-white-gold-necklace","21":"product_tag-zlaty-nahrdelnik","22":"pa_barwa-f-2","23":"pa_czystosc-vs1","24":"pa_dostawca-odlewnia","25":"pa_grubosc-5mm","26":"pa_kamien-diament","27":"pa_kamien-diament-laboratoryjny","28":"pa_kolor-biale","29":"pa_kruszec-zloto","30":"pa_proba-0-585","31":"pa_rozmiar-45cm","32":"pa_szerokosc-obraczki-ok-7mm","33":"pa_waga-1-50g","35":"first","36":"onbackorder","37":"purchasable","38":"product-type-simple"},"aioseo_notices":[],"_links":{"self":[{"href":"https:\/\/staviori.com.pl\/cs\/wp-json\/wp\/v2\/product\/15815","targetHints":{"allow":["GET"]}}],"collection":[{"href":"https:\/\/staviori.com.pl\/cs\/wp-json\/wp\/v2\/product"}],"about":[{"href":"https:\/\/staviori.com.pl\/cs\/wp-json\/wp\/v2\/types\/product"}],"replies":[{"embeddable":true,"href":"https:\/\/staviori.com.pl\/cs\/wp-json\/wp\/v2\/comments?post=15815"}],"wp:featuredmedia":[{"embeddable":true,"href":"https:\/\/staviori.com.pl\/cs\/wp-json\/wp\/v2\/media\/21617"}],"wp:attachment":[{"href":"https:\/\/staviori.com.pl\/cs\/wp-json\/wp\/v2\/media?parent=15815"}],"wp:term":[{"taxonomy":"product_brand","embeddable":true,"href":"https:\/\/staviori.com.pl\/cs\/wp-json\/wp\/v2\/product_brand?post=15815"},{"taxonomy":"product_cat","embeddable":true,"href":"https:\/\/staviori.com.pl\/cs\/wp-json\/wp\/v2\/product_cat?post=15815"},{"taxonomy":"product_tag","embeddable":true,"href":"https:\/\/staviori.com.pl\/cs\/wp-json\/wp\/v2\/product_tag?post=15815"}],"curies":[{"name":"wp","href":"https:\/\/api.w.org\/{rel}","templated":true}]}}