{"id":15808,"date":"2025-02-24T22:49:55","date_gmt":"2025-02-24T21:49:55","guid":{"rendered":"https:\/\/staviori.com.pl\/product\/wisiorek-z-brylantem-wbd3890\/"},"modified":"2026-02-11T00:09:33","modified_gmt":"2026-02-10T23:09:33","slug":"wisiorek-z-brylantem-wbd3890","status":"publish","type":"product","link":"https:\/\/staviori.com.pl\/cs\/product\/wisiorek-z-brylantem-wbd3890\/","title":{"rendered":"p\u0159\u00edv\u011bsek nekone\u010dna s b\u00edl\u00fdmi a \u010dern\u00fdmi diamanty"},"content":{"rendered":"<p>Model: WBD3890<br \/>\nHmotnost p\u0159ibli\u017en\u011b 1,25 g<\/p>\n<p>P\u0159\u00edv\u011bsek.<br \/>\nB\u00edl\u00e9 zlato 0,585.<br \/>\n9 Diament\u00f3w, szlif brylantowy, o masie 0,04ct, barwa H, czysto\u015b\u0107 SI2.<br \/>\n9 Diament\u00f3w, kolor czarny, szlif brylantowy, o masie 0,03ct.<\/p>\n<p>Rozm\u011bry 5 \u00d7 15 mm.<\/p>\n<p>Produkt dost\u0119pny wy\u0142\u0105cznie na zam\u00f3wienie, czas realizacji ok. 4 tygodnie<\/p>","protected":false},"excerpt":{"rendered":"<p>Fenomen\u00e1ln\u00ed p\u0159\u00edv\u011bsek nekone\u010dna z b\u00edl\u00e9ho zlata symbolizuj\u00edc\u00ed v\u011b\u010dnou l\u00e1sku a trvalost cit\u016f. Je decentn\u011b zdoben t\u0159pytiv\u00fdmi b\u00edl\u00fdmi diamanty a tajemn\u00fdmi \u010dern\u00fdmi diamanty, kter\u00e9 spole\u010dn\u011b vytv\u00e1\u0159ej\u00ed jedine\u010dn\u00fd kontrast a eleganci. Ide\u00e1ln\u00ed volba pro \u017eenu, kter\u00e1 ocen\u00ed styl a smyslupln\u00fd \u0161perk, v n\u011bm\u017e se snoub\u00ed nad\u010dasov\u00e1 t\u0159\u00edda s n\u00e1dechem modernosti.<\/p>","protected":false},"featured_media":21622,"comment_status":"closed","ping_status":"closed","template":"","meta":{"om_disable_all_campaigns":false},"product_brand":[2284],"product_cat":[1838,2242,729],"product_tag":[2769,2319,2315,5655,6298,6697,6701,6698,6700,6699,5032,4592,4442,2364],"class_list":{"0":"post-15808","1":"product","2":"type-product","3":"status-publish","4":"has-post-thumbnail","6":"product_brand-staviori","7":"product_cat-diamenty","8":"product_cat-wisiorek-z-brylantem","9":"product_cat-wisiorki","10":"product_tag-bizuteria-z-bialego-zlota","11":"product_tag-czarne-diamenty","12":"product_tag-diamentowa-bizuteria","13":"product_tag-diamond-pendant","14":"product_tag-gold-585","15":"product_tag-infinity-pendant","16":"product_tag-privesek-nekonecno","17":"product_tag-schwarze-diamanten","18":"product_tag-sperk-z-bileho-zlata","19":"product_tag-unendlichkeit-anhanger","20":"product_tag-white-gold-jewelry","21":"product_tag-wisiorek-nieskonczonosc","22":"product_tag-wisiorek-z-diamentami","23":"product_tag-zloto-585","24":"pa_barwa-h-2","25":"pa_czystosc-si2","26":"pa_dostawca-estrella","27":"pa_kamien-biale-diamenty","28":"pa_kamien-czarne-diamenty","29":"pa_kolor-biale","30":"pa_kruszec-zloto","31":"pa_motyw-nieskonczonosc","32":"pa_proba-0-585","33":"pa_szlif-brylantowy-okragly","34":"pa_waga-120g","35":"pa_wymiary-5x15mm","37":"first","38":"onbackorder","39":"purchasable","40":"product-type-simple"},"aioseo_notices":[],"_links":{"self":[{"href":"https:\/\/staviori.com.pl\/cs\/wp-json\/wp\/v2\/product\/15808","targetHints":{"allow":["GET"]}}],"collection":[{"href":"https:\/\/staviori.com.pl\/cs\/wp-json\/wp\/v2\/product"}],"about":[{"href":"https:\/\/staviori.com.pl\/cs\/wp-json\/wp\/v2\/types\/product"}],"replies":[{"embeddable":true,"href":"https:\/\/staviori.com.pl\/cs\/wp-json\/wp\/v2\/comments?post=15808"}],"wp:featuredmedia":[{"embeddable":true,"href":"https:\/\/staviori.com.pl\/cs\/wp-json\/wp\/v2\/media\/21622"}],"wp:attachment":[{"href":"https:\/\/staviori.com.pl\/cs\/wp-json\/wp\/v2\/media?parent=15808"}],"wp:term":[{"taxonomy":"product_brand","embeddable":true,"href":"https:\/\/staviori.com.pl\/cs\/wp-json\/wp\/v2\/product_brand?post=15808"},{"taxonomy":"product_cat","embeddable":true,"href":"https:\/\/staviori.com.pl\/cs\/wp-json\/wp\/v2\/product_cat?post=15808"},{"taxonomy":"product_tag","embeddable":true,"href":"https:\/\/staviori.com.pl\/cs\/wp-json\/wp\/v2\/product_tag?post=15808"}],"curies":[{"name":"wp","href":"https:\/\/api.w.org\/{rel}","templated":true}]}}