{"id":15797,"date":"2025-02-24T22:49:55","date_gmt":"2025-02-24T21:49:55","guid":{"rendered":"https:\/\/staviori.com.pl\/product\/wisiorek-z-brylantem-wbd3825e\/"},"modified":"2026-02-11T00:09:32","modified_gmt":"2026-02-10T23:09:32","slug":"wisiorek-z-brylantem-wbd3825e","status":"publish","type":"product","link":"https:\/\/staviori.com.pl\/cs\/product\/wisiorek-z-brylantem-wbd3825e\/","title":{"rendered":"p\u0159\u00edv\u011bsek z b\u00edl\u00e9ho zlata se smaragdem a diamanty"},"content":{"rendered":"<p>Model: WBD3825E<br \/>\nHmotnost p\u0159ibli\u017en\u011b 1,00 g<\/p>\n<p>P\u0159\u00edv\u011bsek.<br \/>\nB\u00edl\u00e9 zlato 0,585.<br \/>\n5 Diament\u00f3w, szlif brylantowy, o masie 0,02ct, barwa H, czysto\u015b\u0107 I1.<br \/>\n1 Szmaragd, o masie 0,50ct.<\/p>\n<p>Wymiary 10&#215;4 mm.<br \/>\nGrubo\u015b\u0107 4 mm.<\/p>","protected":false},"excerpt":{"rendered":"<p>Zachwycaj\u0105cy wisiorek Staviori wykonany z bia\u0142ego z\u0142ota pr\u00f3by 0,585, ozdobiony szmaragdem o masie 0,50 ct oraz pi\u0119cioma l\u015bni\u0105cymi diamentami o \u0142\u0105cznej masie 0,02 ct. Delikatna oprawa otulaj\u0105ca kamie\u0144 szlachetny podkre\u015bla jego g\u0142\u0119bok\u0105, zielon\u0105 barw\u0119 i blask diament\u00f3w. To bi\u017cuteria pe\u0142na klasy i wdzi\u0119ku \u2013 idealny wyb\u00f3r dla kobiet ceni\u0105cych elegancj\u0119, subtelno\u015b\u0107 i naturalne pi\u0119kno kamieni.<\/p>","protected":false},"featured_media":21614,"comment_status":"closed","ping_status":"closed","template":"","meta":{"om_disable_all_campaigns":false},"product_brand":[2284],"product_cat":[1838,2242,729],"product_tag":[4396,6576,6693,2798,6510,2296,5655,6691,6690,6692,6103,6675,4147,6689,4499,4387],"class_list":{"0":"post-15797","1":"product","2":"type-product","3":"status-publish","4":"has-post-thumbnail","6":"product_brand-staviori","7":"product_cat-diamenty","8":"product_cat-wisiorek-z-brylantem","9":"product_cat-wisiorki","10":"product_tag-4396","11":"product_tag-585-gold","12":"product_tag-bileho-zlata-privesek","13":"product_tag-bizuteria-staviori","14":"product_tag-diamant-schmuck","15":"product_tag-diamenty","16":"product_tag-diamond-pendant","17":"product_tag-emerald-jewelry","18":"product_tag-gold-pendant","19":"product_tag-privesek-smaragd","20":"product_tag-smaragd-anhanger","21":"product_tag-staviori-jewelry","22":"product_tag-szmaragd","23":"product_tag-wisiorek-z-bialego-zlota","24":"product_tag-wisiorek-zloty","25":"product_tag-zloto-0","26":"pa_barwa-h-2","27":"pa_czystosc-i1","28":"pa_grubosc-4mm","29":"pa_kamien-diamenty","30":"pa_kamien-szmaragd","31":"pa_kolor-biale","32":"pa_kruszec-zloto","33":"pa_proba-0-585","34":"pa_waga-100g-2","35":"pa_wymiary-10x4mm","37":"first","38":"instock","39":"purchasable","40":"product-type-simple"},"aioseo_notices":[],"_links":{"self":[{"href":"https:\/\/staviori.com.pl\/cs\/wp-json\/wp\/v2\/product\/15797","targetHints":{"allow":["GET"]}}],"collection":[{"href":"https:\/\/staviori.com.pl\/cs\/wp-json\/wp\/v2\/product"}],"about":[{"href":"https:\/\/staviori.com.pl\/cs\/wp-json\/wp\/v2\/types\/product"}],"replies":[{"embeddable":true,"href":"https:\/\/staviori.com.pl\/cs\/wp-json\/wp\/v2\/comments?post=15797"}],"wp:featuredmedia":[{"embeddable":true,"href":"https:\/\/staviori.com.pl\/cs\/wp-json\/wp\/v2\/media\/21614"}],"wp:attachment":[{"href":"https:\/\/staviori.com.pl\/cs\/wp-json\/wp\/v2\/media?parent=15797"}],"wp:term":[{"taxonomy":"product_brand","embeddable":true,"href":"https:\/\/staviori.com.pl\/cs\/wp-json\/wp\/v2\/product_brand?post=15797"},{"taxonomy":"product_cat","embeddable":true,"href":"https:\/\/staviori.com.pl\/cs\/wp-json\/wp\/v2\/product_cat?post=15797"},{"taxonomy":"product_tag","embeddable":true,"href":"https:\/\/staviori.com.pl\/cs\/wp-json\/wp\/v2\/product_tag?post=15797"}],"curies":[{"name":"wp","href":"https:\/\/api.w.org\/{rel}","templated":true}]}}