{"id":15796,"date":"2025-02-24T22:49:55","date_gmt":"2025-02-24T21:49:55","guid":{"rendered":"https:\/\/staviori.com.pl\/product\/wisiorek-z-brylantem-wbd3825a\/"},"modified":"2026-02-11T00:09:32","modified_gmt":"2026-02-10T23:09:32","slug":"wisiorek-z-brylantem-wbd3825a","status":"publish","type":"product","link":"https:\/\/staviori.com.pl\/cs\/product\/wisiorek-z-brylantem-wbd3825a\/","title":{"rendered":"p\u0159\u00edv\u011bsek z b\u00edl\u00e9ho zlata s ametystem a diamanty"},"content":{"rendered":"<p>Model: WBD3825A<br \/>\nWaga ok. 0,36g<\/p>\n<p>P\u0159\u00edv\u011bsek.<br \/>\nB\u00edl\u00e9 zlato 0,585.<br \/>\n5 Diament\u00f3w, szlif brylantowy, o masie 0,02ct, barwa H, czysto\u015b\u0107 I1.<br \/>\n1 Ametyst, o masie 0,80ct.<\/p>\n<p>Wymiary 10&#215;4 mm.<br \/>\nGrubo\u015b\u0107 4 mm.<\/p>","protected":false},"excerpt":{"rendered":"<p>Zachwycaj\u0105cy wisiorek Staviori wykonany z bia\u0142ego z\u0142ota pr\u00f3by 0,585. Jego sercem jest ol\u015bniewaj\u0105cy ametyst o masie 0,80 ct, kt\u00f3rego g\u0142\u0119boka purpurowa barwa symbolizuje elegancj\u0119 i wewn\u0119trzny spok\u00f3j. Kamie\u0144 otula delikatna linia z pi\u0119ciu diament\u00f3w o \u0142\u0105cznej masie 0,02 ct, dodaj\u0105c ca\u0142o\u015bci subtelnego blasku. To idealny wyb\u00f3r dla kobiet, kt\u00f3re ceni\u0105 szlachetn\u0105 prostot\u0119 i luksus w zmys\u0142owej formie.<\/p>","protected":false},"featured_media":8255,"comment_status":"closed","ping_status":"closed","template":"","meta":{"om_disable_all_campaigns":false},"product_brand":[2284],"product_cat":[1838,2242,729],"product_tag":[6703,6706,6620,2472,2308,3781,5077,2296,5655,6705,3724,6704,3777,5032,4028],"class_list":{"0":"post-15796","1":"product","2":"type-product","3":"status-publish","4":"has-post-thumbnail","6":"product_brand-staviori","7":"product_cat-diamenty","8":"product_cat-wisiorek-z-brylantem","9":"product_cat-wisiorki","10":"product_tag-0-585","11":"product_tag-amethyst","12":"product_tag-amethyst-pendant","13":"product_tag-ametyst","14":"product_tag-biale-zloto","15":"product_tag-bile-zlato","16":"product_tag-diamant","17":"product_tag-diamenty","18":"product_tag-diamond-pendant","19":"product_tag-privesek-ametyst","20":"product_tag-staviori","21":"product_tag-weisgold-anhanger","22":"product_tag-white-gold","23":"product_tag-white-gold-jewelry","24":"product_tag-wisiorek","25":"pa_barwa-h-2","26":"pa_czystosc-i1","27":"pa_grubosc-4mm","28":"pa_kamien-ametyst-2","29":"pa_kamien-biale-diamenty","30":"pa_kolor-biale","31":"pa_kruszec-zloto","32":"pa_proba-0-585","33":"pa_waga-038g","34":"pa_wymiary-10x4mm","36":"first","37":"instock","38":"purchasable","39":"product-type-simple"},"aioseo_notices":[],"_links":{"self":[{"href":"https:\/\/staviori.com.pl\/cs\/wp-json\/wp\/v2\/product\/15796","targetHints":{"allow":["GET"]}}],"collection":[{"href":"https:\/\/staviori.com.pl\/cs\/wp-json\/wp\/v2\/product"}],"about":[{"href":"https:\/\/staviori.com.pl\/cs\/wp-json\/wp\/v2\/types\/product"}],"replies":[{"embeddable":true,"href":"https:\/\/staviori.com.pl\/cs\/wp-json\/wp\/v2\/comments?post=15796"}],"wp:featuredmedia":[{"embeddable":true,"href":"https:\/\/staviori.com.pl\/cs\/wp-json\/wp\/v2\/media\/8255"}],"wp:attachment":[{"href":"https:\/\/staviori.com.pl\/cs\/wp-json\/wp\/v2\/media?parent=15796"}],"wp:term":[{"taxonomy":"product_brand","embeddable":true,"href":"https:\/\/staviori.com.pl\/cs\/wp-json\/wp\/v2\/product_brand?post=15796"},{"taxonomy":"product_cat","embeddable":true,"href":"https:\/\/staviori.com.pl\/cs\/wp-json\/wp\/v2\/product_cat?post=15796"},{"taxonomy":"product_tag","embeddable":true,"href":"https:\/\/staviori.com.pl\/cs\/wp-json\/wp\/v2\/product_tag?post=15796"}],"curies":[{"name":"wp","href":"https:\/\/api.w.org\/{rel}","templated":true}]}}