{"id":15792,"date":"2025-02-24T22:49:51","date_gmt":"2025-02-24T21:49:51","guid":{"rendered":"https:\/\/staviori.com.pl\/product\/bizuteria-inwestycyjna-wisiorek-wbd2801\/"},"modified":"2026-02-11T00:09:31","modified_gmt":"2026-02-10T23:09:31","slug":"bizuteria-inwestycyjna-wisiorek-wbd2801","status":"publish","type":"product","link":"https:\/\/staviori.com.pl\/cs\/product\/bizuteria-inwestycyjna-wisiorek-wbd2801\/","title":{"rendered":"Exkluzivn\u011b | 750 b\u00edl\u00e9 zlato, p\u0159\u00edv\u011bsek s bagetami a diamanty - p\u00edsmeno M"},"content":{"rendered":"<p>Model: WBD2801<br \/>\nHmotnost p\u0159ibli\u017en\u011b 3,90 g<\/p>\n<p>P\u0159\u00edv\u011bsek.<br \/>\nB\u00edl\u00e9 zlato 0,750.<br \/>\n144 Diamenty, szlif brylantowy, o masie 0,51ct, barwa G-H, czysto\u015b\u0107 SI1.<br \/>\n45 Diament\u00f3w, szlif bagieta, o masie 0,51ct, barwa G-H, czysto\u015b\u0107 SI1.<\/p>\n<p>D\u00e9lka 45 mm.<br \/>\nSzeroko\u015b\u0107 28 mm.<br \/>\nTlou\u0161\u0165ka 2 mm.<\/p>\n<p>\u015arednica kulki 3.39 mm<\/p>","protected":false},"excerpt":{"rendered":"<p>Ol\u015bniewaj\u0105cy wisiorek Staviori wykonany z bia\u0142ego z\u0142ota pr\u00f3by 0,750, zachwyca swoj\u0105 artystyczn\u0105 form\u0105 i niezwyk\u0142ym blaskiem. A\u017c 189 diament\u00f3w \u2013 w tym 144 o szlifie brylantowym i 45 o szlifie bagietowym \u2013 tworzy mistern\u0105 kompozycj\u0119 pe\u0142n\u0105 \u015bwiat\u0142a i elegancji. Ich \u0142\u0105czna masa 1,02 ct nadaje ca\u0142o\u015bci wyj\u0105tkowy po\u0142ysk i luksusowy charakter. Subtelne wyko\u0144czenie z pojedynczym, l\u015bni\u0105cym diamentem u do\u0142u dodaje lekko\u015bci i kobiecego wdzi\u0119ku. To bi\u017cuteria dla os\u00f3b, kt\u00f3re pragn\u0105 wyr\u00f3\u017cni\u0107 si\u0119 klas\u0105 i artystycznym stylem.<\/p>","protected":false},"featured_media":8225,"comment_status":"closed","ping_status":"closed","template":"","meta":{"om_disable_all_campaigns":false},"product_brand":[2284],"product_cat":[1803,729,6719],"product_tag":[6707,2308,3781,5077,6708,2296,5655,3747,5563,6709,3724,6704,3777,4028],"class_list":{"0":"post-15792","1":"product","2":"type-product","3":"status-publish","4":"has-post-thumbnail","6":"product_brand-staviori","7":"product_cat-brylanty-exclusive","8":"product_cat-wisiorki","9":"product_cat-wisiorki-brylanty-exclusive","10":"product_tag-0-750","11":"product_tag-biale-zloto","12":"product_tag-bile-zlato","13":"product_tag-diamant","14":"product_tag-diamentowy-wisiorek","15":"product_tag-diamenty","16":"product_tag-diamond-pendant","17":"product_tag-luxury-jewelry","18":"product_tag-luxus-schmuck","19":"product_tag-privesek-diamant","20":"product_tag-staviori","21":"product_tag-weisgold-anhanger","22":"product_tag-white-gold","23":"product_tag-wisiorek","24":"pa_barwa-g-h","25":"pa_czystosc-si1","26":"pa_dlugosc-45mm","27":"pa_kamien-brylanty","28":"pa_kamien-diamenty-bagietowe","29":"pa_kolor-biale","30":"pa_kruszec-zloto","31":"pa_proba-0-750","32":"pa_szerokosc-28mm","33":"pa_waga-390g","35":"first","36":"instock","37":"purchasable","38":"product-type-simple"},"aioseo_notices":[],"_links":{"self":[{"href":"https:\/\/staviori.com.pl\/cs\/wp-json\/wp\/v2\/product\/15792","targetHints":{"allow":["GET"]}}],"collection":[{"href":"https:\/\/staviori.com.pl\/cs\/wp-json\/wp\/v2\/product"}],"about":[{"href":"https:\/\/staviori.com.pl\/cs\/wp-json\/wp\/v2\/types\/product"}],"replies":[{"embeddable":true,"href":"https:\/\/staviori.com.pl\/cs\/wp-json\/wp\/v2\/comments?post=15792"}],"wp:featuredmedia":[{"embeddable":true,"href":"https:\/\/staviori.com.pl\/cs\/wp-json\/wp\/v2\/media\/8225"}],"wp:attachment":[{"href":"https:\/\/staviori.com.pl\/cs\/wp-json\/wp\/v2\/media?parent=15792"}],"wp:term":[{"taxonomy":"product_brand","embeddable":true,"href":"https:\/\/staviori.com.pl\/cs\/wp-json\/wp\/v2\/product_brand?post=15792"},{"taxonomy":"product_cat","embeddable":true,"href":"https:\/\/staviori.com.pl\/cs\/wp-json\/wp\/v2\/product_cat?post=15792"},{"taxonomy":"product_tag","embeddable":true,"href":"https:\/\/staviori.com.pl\/cs\/wp-json\/wp\/v2\/product_tag?post=15792"}],"curies":[{"name":"wp","href":"https:\/\/api.w.org\/{rel}","templated":true}]}}