{"id":15780,"date":"2025-02-24T22:49:51","date_gmt":"2025-02-24T21:49:51","guid":{"rendered":"https:\/\/staviori.com.pl\/product\/wisiorek-z-brylantem-wbd1904\/"},"modified":"2026-02-11T00:09:31","modified_gmt":"2026-02-10T23:09:31","slug":"wisiorek-z-brylantem-wbd1904","status":"publish","type":"product","link":"https:\/\/staviori.com.pl\/cs\/product\/wisiorek-z-brylantem-wbd1904\/","title":{"rendered":"p\u0159\u00edv\u011bsek k\u0159\u00ed\u017eek s diamanty b\u00edl\u00e9 zlato 585"},"content":{"rendered":"<p>Model: WBD1904<br \/>\nWaga ok. 0,38g<\/p>\n<p>Wisiorek Krzy\u017cyk<br \/>\nB\u00edl\u00e9 zlato 0,585.<br \/>\n16 Diament\u00f3w, szlif brylantowy, o masie 0,07ct, barwa H, czysto\u015b\u0107 I1.<\/p>\n<p>Wymiary 8&#215;12 mm.<br \/>\nD\u00e9lka 20 mm.<\/p>","protected":false},"excerpt":{"rendered":"<p>Subtelny wisiorek w kszta\u0142cie krzy\u017cyka, wykonany z 14-karatowego bia\u0142ego z\u0142ota. Blask szesnastu drobnych diament\u00f3w o szlifie brylantowym pi\u0119knie podkre\u015bla jego delikatn\u0105 form\u0119, tworz\u0105c symbol elegancji i duchowego znaczenia. To wyj\u0105tkowy dodatek, kt\u00f3ry doskonale sprawdzi si\u0119 zar\u00f3wno na co dzie\u0144, jak i przy wyj\u0105tkowych okazjach.<\/p>","protected":false},"featured_media":21646,"comment_status":"closed","ping_status":"closed","template":"","meta":{"om_disable_all_campaigns":false},"product_brand":[2284],"product_cat":[1384,1838,191,2242,729],"product_tag":[6703,2308,3781,4090,6713,2296,6120,6146,2486,6094,3777,4028,3723],"class_list":{"0":"post-15780","1":"product","2":"type-product","3":"status-publish","4":"has-post-thumbnail","6":"product_brand-staviori","7":"product_cat-bizuteria","8":"product_cat-diamenty","9":"product_cat-krzyzyki-i-medaliki","10":"product_cat-wisiorek-z-brylantem","11":"product_cat-wisiorki","12":"product_tag-0-585","13":"product_tag-biale-zloto","14":"product_tag-bile-zlato","15":"product_tag-cross-pendant","16":"product_tag-diamanten","17":"product_tag-diamenty","18":"product_tag-diamond-jewelry","19":"product_tag-kreuzanhanger","20":"product_tag-krzyzyk","21":"product_tag-privesek","22":"product_tag-white-gold","23":"product_tag-wisiorek","24":"product_tag-zlota-bizuteria","25":"pa_barwa-h-2","26":"pa_czystosc-i1","27":"pa_dlugosc-20mm","28":"pa_kamien-brylanty","29":"pa_kolor-biale","30":"pa_kruszec-zloto","31":"pa_motyw-krzyzyk","32":"pa_proba-0-585","33":"pa_waga-038g","34":"pa_wymiary-8x12mm","36":"first","37":"instock","38":"purchasable","39":"product-type-simple"},"aioseo_notices":[],"_links":{"self":[{"href":"https:\/\/staviori.com.pl\/cs\/wp-json\/wp\/v2\/product\/15780","targetHints":{"allow":["GET"]}}],"collection":[{"href":"https:\/\/staviori.com.pl\/cs\/wp-json\/wp\/v2\/product"}],"about":[{"href":"https:\/\/staviori.com.pl\/cs\/wp-json\/wp\/v2\/types\/product"}],"replies":[{"embeddable":true,"href":"https:\/\/staviori.com.pl\/cs\/wp-json\/wp\/v2\/comments?post=15780"}],"wp:featuredmedia":[{"embeddable":true,"href":"https:\/\/staviori.com.pl\/cs\/wp-json\/wp\/v2\/media\/21646"}],"wp:attachment":[{"href":"https:\/\/staviori.com.pl\/cs\/wp-json\/wp\/v2\/media?parent=15780"}],"wp:term":[{"taxonomy":"product_brand","embeddable":true,"href":"https:\/\/staviori.com.pl\/cs\/wp-json\/wp\/v2\/product_brand?post=15780"},{"taxonomy":"product_cat","embeddable":true,"href":"https:\/\/staviori.com.pl\/cs\/wp-json\/wp\/v2\/product_cat?post=15780"},{"taxonomy":"product_tag","embeddable":true,"href":"https:\/\/staviori.com.pl\/cs\/wp-json\/wp\/v2\/product_tag?post=15780"}],"curies":[{"name":"wp","href":"https:\/\/api.w.org\/{rel}","templated":true}]}}