{"id":15779,"date":"2025-02-24T22:49:51","date_gmt":"2025-02-24T21:49:51","guid":{"rendered":"https:\/\/staviori.com.pl\/product\/wisiorek-z-brylantem-wbd1902\/"},"modified":"2026-02-11T00:09:31","modified_gmt":"2026-02-10T23:09:31","slug":"wisiorek-z-brylantem-wbd1902","status":"publish","type":"product","link":"https:\/\/staviori.com.pl\/cs\/product\/wisiorek-z-brylantem-wbd1902\/","title":{"rendered":"Kr\u00e1sn\u00fd k\u0159\u00ed\u017e z b\u00edl\u00e9ho zlata s diamanty a srd\u00ed\u010dky"},"content":{"rendered":"<p>Model: WBD1902<br \/>\nHmotnost p\u0159ibli\u017en\u011b 1,10 g<\/p>\n<p>P\u0159\u00edv\u011bsek.<br \/>\nK\u0159\u00ed\u017e.<br \/>\nB\u00edl\u00e9 zlato 0,585.<br \/>\n17 diamant\u016f, briliantov\u00fd brus, hmotnost 0,10ct, barva H, \u010distota I1.<\/p>\n<p>Rozm\u011bry 9 \u00d7 21 mm.<\/p>","protected":false},"excerpt":{"rendered":"<p>Elegantn\u00ed p\u0159\u00edv\u011bsek ve tvaru k\u0159\u00ed\u017ee ze 14kar\u00e1tov\u00e9ho b\u00edl\u00e9ho zlata. Jemn\u011b zdoben\u00fd sedmn\u00e1cti diamanty o celkov\u00e9 v\u00e1ze 0,10 ct zaujme sv\u00fdm leskem a preciznost\u00ed. Jemn\u00e1 povrchov\u00e1 \u00faprava podtrhuje klasick\u00fd charakter \u0161perku, tak\u017ee je ide\u00e1ln\u00ed volbou pro d\u00e1rek nebo symbolick\u00fd dopln\u011bk pln\u00fd elegance a v\u00fdznamu.<\/p>","protected":false},"featured_media":8126,"comment_status":"closed","ping_status":"closed","template":"","meta":{"om_disable_all_campaigns":false},"product_brand":[2284],"product_cat":[1838,2242,729],"product_tag":[6703,2308,3781,4090,6713,2296,6120,6146,2486,6094,3777,4028,3723],"class_list":{"0":"post-15779","1":"product","2":"type-product","3":"status-publish","4":"has-post-thumbnail","6":"product_brand-staviori","7":"product_cat-diamenty","8":"product_cat-wisiorek-z-brylantem","9":"product_cat-wisiorki","10":"product_tag-0-585","11":"product_tag-biale-zloto","12":"product_tag-bile-zlato","13":"product_tag-cross-pendant","14":"product_tag-diamanten","15":"product_tag-diamenty","16":"product_tag-diamond-jewelry","17":"product_tag-kreuzanhanger","18":"product_tag-krzyzyk","19":"product_tag-privesek","20":"product_tag-white-gold","21":"product_tag-wisiorek","22":"product_tag-zlota-bizuteria","23":"pa_barwa-h-2","24":"pa_czystosc-i1","25":"pa_kamien-brylanty","26":"pa_kolor-biale","27":"pa_kruszec-zloto","28":"pa_motyw-krzyzyk","29":"pa_motyw-serce","30":"pa_proba-0-585","31":"pa_waga-110g","32":"pa_wymiary-9x21mm","34":"first","35":"instock","36":"purchasable","37":"product-type-simple"},"aioseo_notices":[],"_links":{"self":[{"href":"https:\/\/staviori.com.pl\/cs\/wp-json\/wp\/v2\/product\/15779","targetHints":{"allow":["GET"]}}],"collection":[{"href":"https:\/\/staviori.com.pl\/cs\/wp-json\/wp\/v2\/product"}],"about":[{"href":"https:\/\/staviori.com.pl\/cs\/wp-json\/wp\/v2\/types\/product"}],"replies":[{"embeddable":true,"href":"https:\/\/staviori.com.pl\/cs\/wp-json\/wp\/v2\/comments?post=15779"}],"wp:featuredmedia":[{"embeddable":true,"href":"https:\/\/staviori.com.pl\/cs\/wp-json\/wp\/v2\/media\/8126"}],"wp:attachment":[{"href":"https:\/\/staviori.com.pl\/cs\/wp-json\/wp\/v2\/media?parent=15779"}],"wp:term":[{"taxonomy":"product_brand","embeddable":true,"href":"https:\/\/staviori.com.pl\/cs\/wp-json\/wp\/v2\/product_brand?post=15779"},{"taxonomy":"product_cat","embeddable":true,"href":"https:\/\/staviori.com.pl\/cs\/wp-json\/wp\/v2\/product_cat?post=15779"},{"taxonomy":"product_tag","embeddable":true,"href":"https:\/\/staviori.com.pl\/cs\/wp-json\/wp\/v2\/product_tag?post=15779"}],"curies":[{"name":"wp","href":"https:\/\/api.w.org\/{rel}","templated":true}]}}