{"id":15778,"date":"2025-02-24T22:49:51","date_gmt":"2025-02-24T21:49:51","guid":{"rendered":"https:\/\/staviori.com.pl\/product\/wisiorek-z-brylantem-wbd1895\/"},"modified":"2026-02-11T00:09:31","modified_gmt":"2026-02-10T23:09:31","slug":"wisiorek-z-brylantem-wbd1895","status":"publish","type":"product","link":"https:\/\/staviori.com.pl\/cs\/product\/wisiorek-z-brylantem-wbd1895\/","title":{"rendered":"p\u0159\u00edv\u011bsek mot\u00fdl s diamantem z b\u00edl\u00e9ho zlata 585"},"content":{"rendered":"<p>Model: WBD1895<br \/>\nWaga ok. 0,47g<\/p>\n<p>Wisiorek motylek<br \/>\nB\u00edl\u00e9 zlato 0,585.<br \/>\n1 diamant, achtkantov\u00fd brus, hmotnost 0,005ct, barva H, \u010distota I1.<\/p>\n<p>Wymiary 8&#215;14 mm.<\/p>","protected":false},"excerpt":{"rendered":"<p>Uroczy wisiorek Staviori w kszta\u0142cie delikatnego motyla, wykonany z 14-karatowego bia\u0142ego z\u0142ota. Subtelnie po\u0142yskuj\u0105cy diament nadaje ca\u0142o\u015bci lekko\u015bci i wdzi\u0119ku, symbolizuj\u0105c wolno\u015b\u0107 oraz rado\u015b\u0107 \u017cycia. To wyj\u0105tkowa ozdoba, kt\u00f3ra pi\u0119knie podkre\u015bli kobiec\u0105 natur\u0119 i doda blasku ka\u017cdej stylizacji. Idealny na co dzie\u0144 i na specjalne okazje \u2014 lekki, elegancki i pe\u0142en uroku.<\/p>","protected":false},"featured_media":21652,"comment_status":"closed","ping_status":"closed","template":"","meta":{"om_disable_all_campaigns":false},"product_brand":[2284],"product_cat":[1838,2242,729],"product_tag":[4124,4396,2769,6547,6722,3722,6120,6721,6724,6720,6723,3724,5032,6545],"class_list":{"0":"post-15778","1":"product","2":"type-product","3":"status-publish","4":"has-post-thumbnail","6":"product_brand-staviori","7":"product_cat-diamenty","8":"product_cat-wisiorek-z-brylantem","9":"product_cat-wisiorki","10":"product_tag-14k-gold","11":"product_tag-4396","12":"product_tag-bizuteria-z-bialego-zlota","13":"product_tag-butterfly-pendant","14":"product_tag-damska-bizuteria","15":"product_tag-diament","16":"product_tag-diamond-jewelry","17":"product_tag-elegancki-wisiorek","18":"product_tag-goldschmetterling","19":"product_tag-privesek-motyl","20":"product_tag-schmuck-damen","21":"product_tag-staviori","22":"product_tag-white-gold-jewelry","23":"product_tag-wisiorek-motyl","24":"pa_barwa-h-2","25":"pa_czystosc-i1","26":"pa_kamien-diament","27":"pa_kolor-biale","28":"pa_kruszec-zloto","29":"pa_motyw-motylek","30":"pa_proba-0-585","31":"pa_waga-047g","32":"pa_wymiary-8x14mm","34":"first","35":"instock","36":"purchasable","37":"product-type-simple"},"aioseo_notices":[],"_links":{"self":[{"href":"https:\/\/staviori.com.pl\/cs\/wp-json\/wp\/v2\/product\/15778","targetHints":{"allow":["GET"]}}],"collection":[{"href":"https:\/\/staviori.com.pl\/cs\/wp-json\/wp\/v2\/product"}],"about":[{"href":"https:\/\/staviori.com.pl\/cs\/wp-json\/wp\/v2\/types\/product"}],"replies":[{"embeddable":true,"href":"https:\/\/staviori.com.pl\/cs\/wp-json\/wp\/v2\/comments?post=15778"}],"wp:featuredmedia":[{"embeddable":true,"href":"https:\/\/staviori.com.pl\/cs\/wp-json\/wp\/v2\/media\/21652"}],"wp:attachment":[{"href":"https:\/\/staviori.com.pl\/cs\/wp-json\/wp\/v2\/media?parent=15778"}],"wp:term":[{"taxonomy":"product_brand","embeddable":true,"href":"https:\/\/staviori.com.pl\/cs\/wp-json\/wp\/v2\/product_brand?post=15778"},{"taxonomy":"product_cat","embeddable":true,"href":"https:\/\/staviori.com.pl\/cs\/wp-json\/wp\/v2\/product_cat?post=15778"},{"taxonomy":"product_tag","embeddable":true,"href":"https:\/\/staviori.com.pl\/cs\/wp-json\/wp\/v2\/product_tag?post=15778"}],"curies":[{"name":"wp","href":"https:\/\/api.w.org\/{rel}","templated":true}]}}