{"id":15777,"date":"2025-02-24T22:49:51","date_gmt":"2025-02-24T21:49:51","guid":{"rendered":"https:\/\/staviori.com.pl\/product\/wisiorek-z-brylantem-wbd1880\/"},"modified":"2026-02-11T00:09:31","modified_gmt":"2026-02-10T23:09:31","slug":"wisiorek-z-brylantem-wbd1880","status":"publish","type":"product","link":"https:\/\/staviori.com.pl\/cs\/product\/wisiorek-z-brylantem-wbd1880\/","title":{"rendered":"P\u0159\u00edv\u011bsek z b\u00edl\u00e9ho zlata ve tvaru kv\u011btu s diamantem"},"content":{"rendered":"<p>Model: WBD1880<br \/>\nWaga ok. 0,91g<\/p>\n<p>P\u0159\u00edv\u011bsek.<br \/>\nB\u00edl\u00e9 zlato 0,585.<br \/>\n1 Diament, szlif brylantowy, o masie 0,03ct, barwa H, czysto\u015b\u0107 I1.<\/p>\n<p>\u015arednica korony ok. 10 mm.<br \/>\nTlou\u0161\u0165ka 5 mm.<\/p>","protected":false},"excerpt":{"rendered":"<p>Elegancki wisiorek wykonany z 14-karatowego bia\u0142ego z\u0142ota, kt\u00f3rego centralnym punktem jest subtelny diament o szlifie brylantowym. Promienisty kszta\u0142t przypominaj\u0105cy kwiat sprawia, \u017ce ca\u0142o\u015b\u0107 prezentuje si\u0119 niezwykle lekko i kobieco. To bi\u017cuteria, kt\u00f3ra pi\u0119knie roz\u015bwietli dekolt, dodaj\u0105c blasku zar\u00f3wno codziennym stylizacjom, jak i wyj\u0105tkowym okazjom.<\/p>","protected":false},"featured_media":8104,"comment_status":"closed","ping_status":"closed","template":"","meta":{"om_disable_all_campaigns":false},"product_brand":[2284],"product_cat":[1838,2242,729],"product_tag":[4396,6202,6201,6203,2769,6120,5655,4796,6127,6180,4440,4387],"class_list":{"0":"post-15777","1":"product","2":"type-product","3":"status-publish","4":"has-post-thumbnail","6":"product_brand-staviori","7":"product_cat-diamenty","8":"product_cat-wisiorek-z-brylantem","9":"product_cat-wisiorki","10":"product_tag-4396","11":"product_tag-anhanger-aus-weisgold","12":"product_tag-anhanger-mit-diamant","13":"product_tag-bile-zlato-14k","14":"product_tag-bizuteria-z-bialego-zlota","15":"product_tag-diamond-jewelry","16":"product_tag-diamond-pendant","17":"product_tag-naszyjnik-z-diamentem","18":"product_tag-privesek-s-diamantem","19":"product_tag-white-gold-pendant","20":"product_tag-wisiorek-z-diamentem","21":"product_tag-zloto-0","22":"pa_barwa-h-2","23":"pa_czystosc-i1","24":"pa_grubosc-5mm","25":"pa_kamien-diament","26":"pa_kolor-biale","27":"pa_kruszec-zloto","28":"pa_motyw-kwiatek","29":"pa_proba-0-585","30":"pa_srednica-korony-ok-10mm","31":"pa_waga-090g","33":"first","34":"instock","35":"purchasable","36":"product-type-simple"},"aioseo_notices":[],"_links":{"self":[{"href":"https:\/\/staviori.com.pl\/cs\/wp-json\/wp\/v2\/product\/15777","targetHints":{"allow":["GET"]}}],"collection":[{"href":"https:\/\/staviori.com.pl\/cs\/wp-json\/wp\/v2\/product"}],"about":[{"href":"https:\/\/staviori.com.pl\/cs\/wp-json\/wp\/v2\/types\/product"}],"replies":[{"embeddable":true,"href":"https:\/\/staviori.com.pl\/cs\/wp-json\/wp\/v2\/comments?post=15777"}],"wp:featuredmedia":[{"embeddable":true,"href":"https:\/\/staviori.com.pl\/cs\/wp-json\/wp\/v2\/media\/8104"}],"wp:attachment":[{"href":"https:\/\/staviori.com.pl\/cs\/wp-json\/wp\/v2\/media?parent=15777"}],"wp:term":[{"taxonomy":"product_brand","embeddable":true,"href":"https:\/\/staviori.com.pl\/cs\/wp-json\/wp\/v2\/product_brand?post=15777"},{"taxonomy":"product_cat","embeddable":true,"href":"https:\/\/staviori.com.pl\/cs\/wp-json\/wp\/v2\/product_cat?post=15777"},{"taxonomy":"product_tag","embeddable":true,"href":"https:\/\/staviori.com.pl\/cs\/wp-json\/wp\/v2\/product_tag?post=15777"}],"curies":[{"name":"wp","href":"https:\/\/api.w.org\/{rel}","templated":true}]}}