{"id":15765,"date":"2025-02-24T22:49:46","date_gmt":"2025-02-24T21:49:46","guid":{"rendered":"https:\/\/staviori.com.pl\/product\/wisiorek-z-brylantem-wbd1668\/"},"modified":"2026-02-11T00:09:31","modified_gmt":"2026-02-10T23:09:31","slug":"wisiorek-z-brylantem-wbd1668","status":"publish","type":"product","link":"https:\/\/staviori.com.pl\/cs\/product\/wisiorek-z-brylantem-wbd1668\/","title":{"rendered":"Exkluzivn\u00ed | K\u0159\u00ed\u017e s diamanty z b\u00edl\u00e9ho zlata 750"},"content":{"rendered":"<p>Model: WBD1668<br \/>\nHmotnost p\u0159ibli\u017en\u011b 1,00 g<\/p>\n<p>P\u0159\u00edv\u011bsek.<br \/>\nK\u0159\u00ed\u017e.<br \/>\nB\u00edl\u00e9 zlato 0,750.<br \/>\n6 Diament\u00f3w, szlif brylantowy, o masie 0,16ct, barwa G-H, czysto\u015b\u0107 SI1.<\/p>\n<p>Rozm\u011bry 15 \u00d7 10 mm.<br \/>\nD\u00e9lka 22 mm.<\/p>\n<p>Lze vyrobit v jin\u00e9 zlat\u00e9 barv\u011b.<\/p>\n<p><strong>Je\u015bli brak na magazynie &#8211; mo\u017cliwo\u015b\u0107 wykonania na zam\u00f3wienie w terminie oko\u0142o 5 tygodni.<\/strong><\/p>","protected":false},"excerpt":{"rendered":"<p>Subtelny wisiorek w kszta\u0142cie krzy\u017cyka, wykonany z bia\u0142ego z\u0142ota pr\u00f3by 0,750. Sze\u015b\u0107 l\u015bni\u0105cych diament\u00f3w o \u0142\u0105cznej masie 0,16 ct w pi\u0119knym brylantowym szlifie zachwyca niezwyk\u0142ym blaskiem i szlachetno\u015bci\u0105. Klasyczna forma krzy\u017cyka w po\u0142\u0105czeniu z ch\u0142odnym po\u0142yskiem bia\u0142ego z\u0142ota tworzy ponadczasowy i wyj\u0105tkowo elegancki dodatek, kt\u00f3ry sprawdzi si\u0119 zar\u00f3wno na co dzie\u0144, jak i na wyj\u0105tkowe okazje. Mo\u017cliwo\u015b\u0107 wyboru innego koloru z\u0142ota pozwala dopasowa\u0107 bi\u017cuteri\u0119 do indywidualnych upodoba\u0144.<\/p>","protected":false},"featured_media":19050,"comment_status":"closed","ping_status":"closed","template":"","meta":{"om_disable_all_campaigns":false},"product_brand":[2284],"product_cat":[1803,1838,2242,729],"product_tag":[2308,3075,2301,2296,3690,3717,2486,4478,4028],"class_list":{"0":"post-15765","1":"product","2":"type-product","3":"status-publish","4":"has-post-thumbnail","6":"product_brand-staviori","7":"product_cat-brylanty-exclusive","8":"product_cat-diamenty","9":"product_cat-wisiorek-z-brylantem","10":"product_cat-wisiorki","11":"product_tag-biale-zloto","12":"product_tag-bizuteria-religijna","13":"product_tag-brylanty","14":"product_tag-diamenty","15":"product_tag-elegancki-prezent","16":"product_tag-klasyka","17":"product_tag-krzyzyk","18":"product_tag-wbd1668","19":"product_tag-wisiorek","20":"pa_barwa-g-h","21":"pa_czystosc-si1","22":"pa_dlugosc-22mm","23":"pa_dostawca-draco","24":"pa_kamien-brylanty","25":"pa_kolor-biale","26":"pa_kruszec-zloto","27":"pa_motyw-krzyzyk","28":"pa_proba-0-750","29":"pa_waga-110g","30":"pa_wymiary-15x10mm","32":"first","33":"instock","34":"purchasable","35":"product-type-simple"},"aioseo_notices":[],"_links":{"self":[{"href":"https:\/\/staviori.com.pl\/cs\/wp-json\/wp\/v2\/product\/15765","targetHints":{"allow":["GET"]}}],"collection":[{"href":"https:\/\/staviori.com.pl\/cs\/wp-json\/wp\/v2\/product"}],"about":[{"href":"https:\/\/staviori.com.pl\/cs\/wp-json\/wp\/v2\/types\/product"}],"replies":[{"embeddable":true,"href":"https:\/\/staviori.com.pl\/cs\/wp-json\/wp\/v2\/comments?post=15765"}],"wp:featuredmedia":[{"embeddable":true,"href":"https:\/\/staviori.com.pl\/cs\/wp-json\/wp\/v2\/media\/19050"}],"wp:attachment":[{"href":"https:\/\/staviori.com.pl\/cs\/wp-json\/wp\/v2\/media?parent=15765"}],"wp:term":[{"taxonomy":"product_brand","embeddable":true,"href":"https:\/\/staviori.com.pl\/cs\/wp-json\/wp\/v2\/product_brand?post=15765"},{"taxonomy":"product_cat","embeddable":true,"href":"https:\/\/staviori.com.pl\/cs\/wp-json\/wp\/v2\/product_cat?post=15765"},{"taxonomy":"product_tag","embeddable":true,"href":"https:\/\/staviori.com.pl\/cs\/wp-json\/wp\/v2\/product_tag?post=15765"}],"curies":[{"name":"wp","href":"https:\/\/api.w.org\/{rel}","templated":true}]}}