{"id":15759,"date":"2025-02-24T22:49:46","date_gmt":"2025-02-24T21:49:46","guid":{"rendered":"https:\/\/staviori.com.pl\/product\/bizuteria-inwestycyjna-wisiorek-wbd1651r\/"},"modified":"2026-02-11T00:09:30","modified_gmt":"2026-02-10T23:09:30","slug":"bizuteria-inwestycyjna-wisiorek-wbd1651r","status":"publish","type":"product","link":"https:\/\/staviori.com.pl\/cs\/product\/bizuteria-inwestycyjna-wisiorek-wbd1651r\/","title":{"rendered":"Exkluzivn\u00ed | P\u0159\u00edv\u011bsek k\u0159\u00ed\u017eek s rub\u00edny a diamanty z b\u00edl\u00e9ho zlata 0,750"},"content":{"rendered":"<p>Model: DSP0483R<br \/>\nWaga ok. 2,55g<\/p>\n<p>P\u0159\u00edv\u011bsek.<br \/>\nK\u0159\u00ed\u017e.<br \/>\nB\u00edl\u00e9 zlato 0,750.<br \/>\n52 Diamenty, szlif brylantowy, o masie 0,53ct, barwa G-H, czysto\u015b\u0107 SI1.<br \/>\n22 Rubiny, o masie 0,83ct.<\/p>\n<p>Wymiary 24.5&#215;16 mm.<br \/>\nTlou\u0161\u0165ka 2,5 mm.<\/p>\n<p>Produkt je k dispozici pouze na vy\u017e\u00e1d\u00e1n\u00ed, doba dod\u00e1n\u00ed cca 5 t\u00fddn\u016f.<\/p>","protected":false},"excerpt":{"rendered":"<p>Elegancki wisiorek w kszta\u0142cie krzy\u017cyka wykonany z 18-karatowego bia\u0142ego z\u0142ota. Jego centrum zdobi 22 intensywnie czerwone rubiny o \u0142\u0105cznej masie 0,83 ct, kt\u00f3re tworz\u0105 wyrazisty motyw krzy\u017ca. Ca\u0142o\u015b\u0107 otaczaj\u0105 52 l\u015bni\u0105ce diamenty o masie 0,53 ct, nadaj\u0105c kompozycji blasku i wyj\u0105tkowej g\u0142\u0119bi. To ponadczasowy symbol w luksusowej oprawie, idealny zar\u00f3wno jako wyraz wiary, jak i elegancki dodatek do wyj\u0105tkowych stylizacji.<\/p>","protected":false},"featured_media":7998,"comment_status":"closed","ping_status":"closed","template":"","meta":{"om_disable_all_campaigns":false},"product_brand":[2284],"product_cat":[1803,729,6719],"product_tag":[2658,2543,5659,5655,6133,4469,4139,6138,2486,6136,6114,6137,6139,6135,6131,6132,4028,4442,6134],"class_list":{"0":"post-15759","1":"product","2":"type-product","3":"status-publish","4":"has-post-thumbnail","6":"product_brand-staviori","7":"product_cat-brylanty-exclusive","8":"product_cat-wisiorki","9":"product_cat-wisiorki-brylanty-exclusive","10":"product_tag-biale-zloto-750","11":"product_tag-bizuteria-zlota","12":"product_tag-diamant-anhanger","13":"product_tag-diamond-pendant","14":"product_tag-dsp0483","15":"product_tag-gold-cross","16":"product_tag-jewelry","17":"product_tag-kreuz-anhanger","18":"product_tag-krzyzyk","19":"product_tag-privesek-krizek","20":"product_tag-privesek-s-diamanty","21":"product_tag-privesek-s-rubiny","22":"product_tag-rubin-kreuz-schmuck","23":"product_tag-ruby-pendant","24":"product_tag-wbd1651r","25":"product_tag-wbd1651s","26":"product_tag-wisiorek","27":"product_tag-wisiorek-z-diamentami","28":"product_tag-wisiorek-z-rubinami","29":"pa_barwa-g-h","30":"pa_czystosc-si1","31":"pa_dostawca-draco","32":"pa_grubosc-2-5mm","33":"pa_kamien-brylanty","34":"pa_kamien-rubiny","35":"pa_kolor-biale","36":"pa_kruszec-zloto","37":"pa_motyw-krzyzyk","38":"pa_proba-0-750","39":"pa_waga-250g","40":"pa_wymiary-24-5x16mm","42":"first","43":"onbackorder","44":"purchasable","45":"product-type-simple"},"aioseo_notices":[],"_links":{"self":[{"href":"https:\/\/staviori.com.pl\/cs\/wp-json\/wp\/v2\/product\/15759","targetHints":{"allow":["GET"]}}],"collection":[{"href":"https:\/\/staviori.com.pl\/cs\/wp-json\/wp\/v2\/product"}],"about":[{"href":"https:\/\/staviori.com.pl\/cs\/wp-json\/wp\/v2\/types\/product"}],"replies":[{"embeddable":true,"href":"https:\/\/staviori.com.pl\/cs\/wp-json\/wp\/v2\/comments?post=15759"}],"wp:featuredmedia":[{"embeddable":true,"href":"https:\/\/staviori.com.pl\/cs\/wp-json\/wp\/v2\/media\/7998"}],"wp:attachment":[{"href":"https:\/\/staviori.com.pl\/cs\/wp-json\/wp\/v2\/media?parent=15759"}],"wp:term":[{"taxonomy":"product_brand","embeddable":true,"href":"https:\/\/staviori.com.pl\/cs\/wp-json\/wp\/v2\/product_brand?post=15759"},{"taxonomy":"product_cat","embeddable":true,"href":"https:\/\/staviori.com.pl\/cs\/wp-json\/wp\/v2\/product_cat?post=15759"},{"taxonomy":"product_tag","embeddable":true,"href":"https:\/\/staviori.com.pl\/cs\/wp-json\/wp\/v2\/product_tag?post=15759"}],"curies":[{"name":"wp","href":"https:\/\/api.w.org\/{rel}","templated":true}]}}