{"id":15754,"date":"2025-02-24T22:49:42","date_gmt":"2025-02-24T21:49:42","guid":{"rendered":"https:\/\/staviori.com.pl\/product\/wisiorek-z-brylantem-wbd1593b\/"},"modified":"2026-02-11T00:09:30","modified_gmt":"2026-02-10T23:09:30","slug":"wisiorek-z-brylantem-wbd1593b","status":"publish","type":"product","link":"https:\/\/staviori.com.pl\/cs\/product\/wisiorek-z-brylantem-wbd1593b\/","title":{"rendered":"Exkluzivn\u00ed | kr\u00e1sn\u00fd dlouh\u00fd p\u0159\u00edv\u011bsek s \u010dern\u00fdmi diamanty z 18kar\u00e1tov\u00e9ho zlata"},"content":{"rendered":"<p>Model: WBD1593B<br \/>\nWaga ok. 1,05g<\/p>\n<p>P\u0159\u00edv\u011bsek.<br \/>\nB\u00edl\u00e9 zlato 0,750.<br \/>\n2 Diamenty, kolor czarny, szlif brylantowy, o masie 0,52ct.<br \/>\nWymiary 7&#215;30 mm.<br \/>\nGrubo\u015b\u0107 4 mm.<\/p>\n<p>Mephisto&#8230; Unikalne po\u0142\u0105czenie bia\u0142ego z\u0142ota z czarnym naturalnym brylantem. Daj si\u0119 skusi\u0107 doskona\u0142ej formie mrocznego przedmiotu po\u017c\u0105dania.<\/p>\n<p>W przypadku braku na magazynie => produkt dost\u0119pny na zam\u00f3wienie.<br \/>\nTermin realizacji oko\u0142o 5 tygodni.<\/p>","protected":false},"excerpt":{"rendered":"<p>V\u00fdjime\u010dn\u00fd p\u0159\u00edv\u011bsek Mephisto z 18kar\u00e1tov\u00e9ho b\u00edl\u00e9ho zlata, zdoben\u00fd dv\u011bma p\u0159\u00edrodn\u00edmi \u010dern\u00fdmi diamanty o celkov\u00e9 hmotnosti 0,52 ct. Geometrick\u00e1 forma a kontrast drah\u00e9ho kovu se syt\u011b \u010dernou barvou kamen\u016f vytv\u00e1\u0159ej\u00ed mimo\u0159\u00e1dn\u011b modern\u00ed a z\u00e1rove\u0148 tajemnou kompozici. Jedn\u00e1 se o \u0161perk pro lidi, kte\u0159\u00ed cht\u011bj\u00ed vyniknout eleganc\u00ed s n\u00e1dechem temn\u00e9ho kouzla.<br \/>\n\u010cern\u00e9 zlato je 0,750 b\u00edl\u00e9ho zlata pokoven\u00e9 \u010dern\u00fdm rhodiem.<\/p>","protected":false},"featured_media":7972,"comment_status":"closed","ping_status":"closed","template":"","meta":{"om_disable_all_campaigns":false},"product_brand":[2284],"product_cat":[1803,1838,2242,729],"product_tag":[2658,2543,6126,6124,6129,5655,5595,6127,6128,6130,6123,4028,6125,4440],"class_list":{"0":"post-15754","1":"product","2":"type-product","3":"status-publish","4":"has-post-thumbnail","6":"product_brand-staviori","7":"product_cat-brylanty-exclusive","8":"product_cat-diamenty","9":"product_cat-wisiorek-z-brylantem","10":"product_cat-wisiorki","11":"product_tag-biale-zloto-750","12":"product_tag-bizuteria-zlota","13":"product_tag-black-diamond-pendant","14":"product_tag-ddp0486","15":"product_tag-diamantschmuck","16":"product_tag-diamond-pendant","17":"product_tag-gold-jewelry","18":"product_tag-privesek-s-diamantem","19":"product_tag-privesek-z-bileho-zlata","20":"product_tag-schwarzer-diamant-anhanger","21":"product_tag-wbd1593b","22":"product_tag-wisiorek","23":"product_tag-wisiorek-z-czarnym-diamentem","24":"product_tag-wisiorek-z-diamentem","25":"pa_barwa-czarne","26":"pa_dostawca-draco","27":"pa_grubosc-4mm","28":"pa_kamien-czarne-diamenty","29":"pa_kolor-biale","30":"pa_kruszec-zloto","31":"pa_proba-0-750","32":"pa_waga-105g","33":"pa_wymiary-7x30mm","35":"first","36":"instock","37":"purchasable","38":"product-type-simple"},"aioseo_notices":[],"_links":{"self":[{"href":"https:\/\/staviori.com.pl\/cs\/wp-json\/wp\/v2\/product\/15754","targetHints":{"allow":["GET"]}}],"collection":[{"href":"https:\/\/staviori.com.pl\/cs\/wp-json\/wp\/v2\/product"}],"about":[{"href":"https:\/\/staviori.com.pl\/cs\/wp-json\/wp\/v2\/types\/product"}],"replies":[{"embeddable":true,"href":"https:\/\/staviori.com.pl\/cs\/wp-json\/wp\/v2\/comments?post=15754"}],"wp:featuredmedia":[{"embeddable":true,"href":"https:\/\/staviori.com.pl\/cs\/wp-json\/wp\/v2\/media\/7972"}],"wp:attachment":[{"href":"https:\/\/staviori.com.pl\/cs\/wp-json\/wp\/v2\/media?parent=15754"}],"wp:term":[{"taxonomy":"product_brand","embeddable":true,"href":"https:\/\/staviori.com.pl\/cs\/wp-json\/wp\/v2\/product_brand?post=15754"},{"taxonomy":"product_cat","embeddable":true,"href":"https:\/\/staviori.com.pl\/cs\/wp-json\/wp\/v2\/product_cat?post=15754"},{"taxonomy":"product_tag","embeddable":true,"href":"https:\/\/staviori.com.pl\/cs\/wp-json\/wp\/v2\/product_tag?post=15754"}],"curies":[{"name":"wp","href":"https:\/\/api.w.org\/{rel}","templated":true}]}}