{"id":15753,"date":"2025-02-24T22:49:42","date_gmt":"2025-02-24T21:49:42","guid":{"rendered":"https:\/\/staviori.com.pl\/product\/wisiorek-z-brylantem-wbd1593\/"},"modified":"2026-02-11T00:09:30","modified_gmt":"2026-02-10T23:09:30","slug":"wisiorek-z-brylantem-wbd1593","status":"publish","type":"product","link":"https:\/\/staviori.com.pl\/cs\/product\/wisiorek-z-brylantem-wbd1593\/","title":{"rendered":"Exkluzivn\u00ed | kr\u00e1sn\u00fd dlouh\u00fd p\u0159\u00edv\u011bsek se dv\u011bma diamanty z 18kar\u00e1tov\u00e9ho zlata"},"content":{"rendered":"<p>Model: DDP0484<br \/>\nHmotnost p\u0159ibli\u017en\u011b 0,75 g<\/p>\n<p>P\u0159\u00edv\u011bsek.<br \/>\nB\u00edl\u00e9 zlato 0,750.<br \/>\n2 Diamenty, szlif brylantowy, o masie 0,13ct, barwa G, czysto\u015b\u0107 SI1.<\/p>\n<p>Wymiary 4&#215;26 mm.<br \/>\nGrubo\u015b\u0107 4 mm.<\/p>\n<p>Produkt je k dispozici pouze na vy\u017e\u00e1d\u00e1n\u00ed, doba dod\u00e1n\u00ed cca 5 t\u00fddn\u016f.<\/p>","protected":false},"excerpt":{"rendered":"<p>Subtelny i elegancki wisiorek wykonany z 18-karatowego bia\u0142ego z\u0142ota, ozdobiony dwoma diamentami o brylantowym szlifie. Smuk\u0142a forma nadaje bi\u017cuterii lekko\u015bci, a l\u015bni\u0105ce kamienie podkre\u015blaj\u0105 jej luksusowy charakter. To wyj\u0105tkowy dodatek, kt\u00f3ry pi\u0119knie roz\u015bwietli dekolt i doda blasku ka\u017cdej stylizacji.<\/p>","protected":false},"featured_media":7963,"comment_status":"closed","ping_status":"closed","template":"","meta":{"om_disable_all_campaigns":false},"product_brand":[2284],"product_cat":[1803,1838,2242,729],"product_tag":[2338,2337,2308,2543,4123,6119,6121,3722,2296,6120,5655,6122,2378,6114,6118,4028,2341],"class_list":{"0":"post-15753","1":"product","2":"type-product","3":"status-publish","4":"has-post-thumbnail","6":"product_brand-staviori","7":"product_cat-brylanty-exclusive","8":"product_cat-diamenty","9":"product_cat-wisiorek-z-brylantem","10":"product_cat-wisiorki","11":"product_tag-18k","12":"product_tag-2337","13":"product_tag-biale-zloto","14":"product_tag-bizuteria-zlota","15":"product_tag-brylant","16":"product_tag-ddp0484","17":"product_tag-diamanten-anhanger","18":"product_tag-diament","19":"product_tag-diamenty","20":"product_tag-diamond-jewelry","21":"product_tag-diamond-pendant","22":"product_tag-gold-schmuck","23":"product_tag-naszyjnik","24":"product_tag-privesek-s-diamanty","25":"product_tag-wbd1593","26":"product_tag-wisiorek","27":"product_tag-zloto-750","28":"pa_barwa-g-2","29":"pa_czystosc-si1","30":"pa_dostawca-draco","31":"pa_grubosc-4mm","32":"pa_kamien-brylanty","33":"pa_kolor-biale","34":"pa_kruszec-zloto","35":"pa_proba-0-750","36":"pa_waga-075g","37":"pa_wymiary-4x26mm","39":"first","40":"onbackorder","41":"purchasable","42":"product-type-simple"},"aioseo_notices":[],"_links":{"self":[{"href":"https:\/\/staviori.com.pl\/cs\/wp-json\/wp\/v2\/product\/15753","targetHints":{"allow":["GET"]}}],"collection":[{"href":"https:\/\/staviori.com.pl\/cs\/wp-json\/wp\/v2\/product"}],"about":[{"href":"https:\/\/staviori.com.pl\/cs\/wp-json\/wp\/v2\/types\/product"}],"replies":[{"embeddable":true,"href":"https:\/\/staviori.com.pl\/cs\/wp-json\/wp\/v2\/comments?post=15753"}],"wp:featuredmedia":[{"embeddable":true,"href":"https:\/\/staviori.com.pl\/cs\/wp-json\/wp\/v2\/media\/7963"}],"wp:attachment":[{"href":"https:\/\/staviori.com.pl\/cs\/wp-json\/wp\/v2\/media?parent=15753"}],"wp:term":[{"taxonomy":"product_brand","embeddable":true,"href":"https:\/\/staviori.com.pl\/cs\/wp-json\/wp\/v2\/product_brand?post=15753"},{"taxonomy":"product_cat","embeddable":true,"href":"https:\/\/staviori.com.pl\/cs\/wp-json\/wp\/v2\/product_cat?post=15753"},{"taxonomy":"product_tag","embeddable":true,"href":"https:\/\/staviori.com.pl\/cs\/wp-json\/wp\/v2\/product_tag?post=15753"}],"curies":[{"name":"wp","href":"https:\/\/api.w.org\/{rel}","templated":true}]}}