{"id":15752,"date":"2025-02-24T22:49:42","date_gmt":"2025-02-24T21:49:42","guid":{"rendered":"https:\/\/staviori.com.pl\/product\/bizuteria-inwestycyjna-wisiorek-wbd1534s\/"},"modified":"2026-02-11T00:09:30","modified_gmt":"2026-02-10T23:09:30","slug":"bizuteria-inwestycyjna-wisiorek-wbd1534s","status":"publish","type":"product","link":"https:\/\/staviori.com.pl\/cs\/product\/bizuteria-inwestycyjna-wisiorek-wbd1534s\/","title":{"rendered":"Exkluzivn\u00ed | P\u0159\u00edv\u011bsek se saf\u00edry a diamanty z b\u00edl\u00e9ho zlata 0,750"},"content":{"rendered":"<p>Model: DSP0976<br \/>\nHmotnost p\u0159ibli\u017en\u011b 1,20 g<\/p>\n<p>P\u0159\u00edv\u011bsek.<br \/>\nB\u00edl\u00e9 zlato 0,750.<br \/>\n10 diamant\u016f, briliantov\u00fd brus, hmotnost 0,15ct, barva G, \u010distota SI1.<br \/>\n5 saf\u00edr\u016f o hmotnosti 1,20ct.<\/p>\n<p>V\u00fd\u0161ka 14,70 mm.<br \/>\n\u0160\u00ed\u0159ka 10,20 mm.<br \/>\nTlou\u0161\u0165ka 3,65 mm.<\/p>\n<p>Produkt je k dispozici pouze na vy\u017e\u00e1d\u00e1n\u00ed, doba dod\u00e1n\u00ed cca 5 t\u00fddn\u016f.<\/p>","protected":false},"excerpt":{"rendered":"<p>Elegantn\u00ed p\u0159\u00edv\u011bsek z b\u00edl\u00e9ho zlata 0,750, kter\u00fd zaujme decentn\u00edm tvarem kv\u011btu. P\u011bt tmav\u011b modr\u00fdch saf\u00edr\u016f obklopuje centr\u00e1ln\u00ed diamant a vytv\u00e1\u0159\u00ed harmonickou a sofistikovanou kompozici. Dal\u0161\u00ed diamanty celek rozjas\u0148uj\u00ed a dod\u00e1vaj\u00ed mu jedine\u010dn\u00fd t\u0159pyt. Jedn\u00e1 se o mimo\u0159\u00e1dn\u011b \u017eenskou a luxusn\u00ed ozdobu, ide\u00e1ln\u00ed pro zvl\u00e1\u0161tn\u00ed p\u0159\u00edle\u017eitosti a elegantn\u00ed styling.<\/p>","protected":false},"featured_media":21328,"comment_status":"closed","ping_status":"closed","template":"","meta":{"om_disable_all_campaigns":false},"product_brand":[2284],"product_cat":[1803,6719,729],"product_tag":[6116,6117],"class_list":{"0":"post-15752","1":"product","2":"type-product","3":"status-publish","4":"has-post-thumbnail","6":"product_brand-staviori","7":"product_cat-brylanty-exclusive","8":"product_cat-wisiorki-brylanty-exclusive","9":"product_cat-wisiorki","10":"product_tag-dsp0976","11":"product_tag-wbd1534s","12":"pa_barwa-g-2","13":"pa_czystosc-si1","14":"pa_dostawca-draco","15":"pa_kamien-brylanty","16":"pa_kamien-szafiry-naturalne","17":"pa_kolor-biale","18":"pa_kruszec-zloto","19":"pa_motyw-kwiatek","20":"pa_proba-0-750","21":"pa_szerokosc-10-20mm","22":"pa_waga-120g","23":"pa_wysokosc-14-70mm","25":"first","26":"onbackorder","27":"purchasable","28":"product-type-simple"},"aioseo_notices":[],"_links":{"self":[{"href":"https:\/\/staviori.com.pl\/cs\/wp-json\/wp\/v2\/product\/15752","targetHints":{"allow":["GET"]}}],"collection":[{"href":"https:\/\/staviori.com.pl\/cs\/wp-json\/wp\/v2\/product"}],"about":[{"href":"https:\/\/staviori.com.pl\/cs\/wp-json\/wp\/v2\/types\/product"}],"replies":[{"embeddable":true,"href":"https:\/\/staviori.com.pl\/cs\/wp-json\/wp\/v2\/comments?post=15752"}],"wp:featuredmedia":[{"embeddable":true,"href":"https:\/\/staviori.com.pl\/cs\/wp-json\/wp\/v2\/media\/21328"}],"wp:attachment":[{"href":"https:\/\/staviori.com.pl\/cs\/wp-json\/wp\/v2\/media?parent=15752"}],"wp:term":[{"taxonomy":"product_brand","embeddable":true,"href":"https:\/\/staviori.com.pl\/cs\/wp-json\/wp\/v2\/product_brand?post=15752"},{"taxonomy":"product_cat","embeddable":true,"href":"https:\/\/staviori.com.pl\/cs\/wp-json\/wp\/v2\/product_cat?post=15752"},{"taxonomy":"product_tag","embeddable":true,"href":"https:\/\/staviori.com.pl\/cs\/wp-json\/wp\/v2\/product_tag?post=15752"}],"curies":[{"name":"wp","href":"https:\/\/api.w.org\/{rel}","templated":true}]}}