{"id":15751,"date":"2025-02-24T22:49:42","date_gmt":"2025-02-24T21:49:42","guid":{"rendered":"https:\/\/staviori.com.pl\/product\/bizuteria-inwestycyjna-wisiorek-wbd1524\/"},"modified":"2026-02-11T00:09:30","modified_gmt":"2026-02-10T23:09:30","slug":"bizuteria-inwestycyjna-wisiorek-wbd1524","status":"publish","type":"product","link":"https:\/\/staviori.com.pl\/cs\/product\/bizuteria-inwestycyjna-wisiorek-wbd1524\/","title":{"rendered":"Exkluzivn\u00ed | kr\u00e1sn\u00fd dlouh\u00fd p\u0159\u00edv\u011bsek z b\u00edl\u00e9ho zlata 750 se saf\u00edry a diamanty"},"content":{"rendered":"<p>Model: DSP0489<br \/>\nWaga ok. 1,65g<\/p>\n<p>P\u0159\u00edv\u011bsek.<br \/>\nB\u00edl\u00e9 zlato 0,750.<br \/>\n21 Diament\u00f3w, szlif brylantowy, o masie 0,16ct, barwa G-H, czysto\u015b\u0107 SI1.<br \/>\n3 Szafiry, o masie 1,39ct.<\/p>\n<p>Wymiary 8&#215;28 mm.<br \/>\nTlou\u0161\u0165ka 5 mm.<br \/>\nProdukt je k dispozici pouze na vy\u017e\u00e1d\u00e1n\u00ed, doba dod\u00e1n\u00ed cca 5 t\u00fddn\u016f.<\/p>","protected":false},"excerpt":{"rendered":"<p>Zjawiskowy wisiorek wykonany z bia\u0142ego z\u0142ota 14K, ozdobiony trzema g\u0142\u0119bokimi, szafirowymi kamieniami o \u0142\u0105cznej masie 1,39 ct. Centralny szafir w kszta\u0142cie \u0142ezki otoczony jest subtelnym halo z 21 b\u0142yszcz\u0105cych diament\u00f3w, kt\u00f3re podkre\u015blaj\u0105 jego intensywn\u0105 barw\u0119. Smuk\u0142a forma i elegancka linia sprawiaj\u0105, \u017ce jest to bi\u017cuteria idealna na wyj\u0105tkowe okazje, emanuj\u0105ca szykiem i ponadczasowym pi\u0119knem.<\/p>","protected":false},"featured_media":21323,"comment_status":"closed","ping_status":"closed","template":"","meta":{"om_disable_all_campaigns":false},"product_brand":[2284],"product_cat":[1803,729,6719],"product_tag":[6112,6111,2769,5655,6115,6114,6113,6110,6108,5032,4442,6109,2364],"class_list":{"0":"post-15751","1":"product","2":"type-product","3":"status-publish","4":"has-post-thumbnail","6":"product_brand-staviori","7":"product_cat-brylanty-exclusive","8":"product_cat-wisiorki","9":"product_cat-wisiorki-brylanty-exclusive","10":"product_tag-anhanger-mit-diamanten","11":"product_tag-anhanger-mit-saphir","12":"product_tag-bizuteria-z-bialego-zlota","13":"product_tag-diamond-pendant","14":"product_tag-dsp0489","15":"product_tag-privesek-s-diamanty","16":"product_tag-privesek-se-safirem","17":"product_tag-sapphire-pendant","18":"product_tag-wbd1524","19":"product_tag-white-gold-jewelry","20":"product_tag-wisiorek-z-diamentami","21":"product_tag-wisiorek-z-szafirem","22":"product_tag-zloto-585","23":"pa_barwa-g-h","24":"pa_czystosc-si1","25":"pa_dostawca-draco","26":"pa_grubosc-5mm","27":"pa_kamien-brylanty","28":"pa_kamien-szafiry-naturalne","29":"pa_kolor-biale","30":"pa_kruszec-zloto","31":"pa_proba-0-750","32":"pa_waga-165g","33":"pa_wymiary-8x28mm","35":"first","36":"onbackorder","37":"purchasable","38":"product-type-simple"},"aioseo_notices":[],"_links":{"self":[{"href":"https:\/\/staviori.com.pl\/cs\/wp-json\/wp\/v2\/product\/15751","targetHints":{"allow":["GET"]}}],"collection":[{"href":"https:\/\/staviori.com.pl\/cs\/wp-json\/wp\/v2\/product"}],"about":[{"href":"https:\/\/staviori.com.pl\/cs\/wp-json\/wp\/v2\/types\/product"}],"replies":[{"embeddable":true,"href":"https:\/\/staviori.com.pl\/cs\/wp-json\/wp\/v2\/comments?post=15751"}],"wp:featuredmedia":[{"embeddable":true,"href":"https:\/\/staviori.com.pl\/cs\/wp-json\/wp\/v2\/media\/21323"}],"wp:attachment":[{"href":"https:\/\/staviori.com.pl\/cs\/wp-json\/wp\/v2\/media?parent=15751"}],"wp:term":[{"taxonomy":"product_brand","embeddable":true,"href":"https:\/\/staviori.com.pl\/cs\/wp-json\/wp\/v2\/product_brand?post=15751"},{"taxonomy":"product_cat","embeddable":true,"href":"https:\/\/staviori.com.pl\/cs\/wp-json\/wp\/v2\/product_cat?post=15751"},{"taxonomy":"product_tag","embeddable":true,"href":"https:\/\/staviori.com.pl\/cs\/wp-json\/wp\/v2\/product_tag?post=15751"}],"curies":[{"name":"wp","href":"https:\/\/api.w.org\/{rel}","templated":true}]}}