{"id":15749,"date":"2025-02-24T22:49:42","date_gmt":"2025-02-24T21:49:42","guid":{"rendered":"https:\/\/staviori.com.pl\/product\/wisiorek-z-brylantem-wbd0954\/"},"modified":"2026-02-11T00:09:30","modified_gmt":"2026-02-10T23:09:30","slug":"wisiorek-z-brylantem-wbd1000e","status":"publish","type":"product","link":"https:\/\/staviori.com.pl\/cs\/product\/wisiorek-z-brylantem-wbd1000e\/","title":{"rendered":"Kr\u00e1sn\u00fd p\u0159\u00edv\u011bsek z b\u00edl\u00e9ho zlata s diamantem a smaragdy"},"content":{"rendered":"<p>Model: WBD01000E<br \/>\nWaga ok. 0,95g<\/p>\n<p>P\u0159\u00edv\u011bsek.<br \/>\nB\u00edl\u00e9 zlato 0,585.<br \/>\n1 diamant, briliantov\u00fd brus, hmotnost 0,005ct, barva H, \u010distota I1.<br \/>\n6 Szmaragd\u00f3w, o masie 0,30ct.<\/p>\n<p>Pr\u016fm\u011br 8 mm.<br \/>\nD\u0142ugo\u015b\u0107 14 mm.<\/p>","protected":false},"excerpt":{"rendered":"<p>Zachwycaj\u0105cy wisiorek w kszta\u0142cie kwiatka, wykonany z bia\u0142ego z\u0142ota pr\u00f3by 0,585. W centralnej cz\u0119\u015bci l\u015bni diament o szlifie brylantowym, otoczony sze\u015bcioma intensywnie zielonymi szmaragdami, kt\u00f3re nadaj\u0105 kompozycji wyj\u0105tkowej \u015bwie\u017co\u015bci i elegancji. To bi\u017cuteria pe\u0142na symboliki natury, idealna na specjalne okazje i jako prezent wyra\u017caj\u0105cy wyj\u0105tkowe uczucia.<\/p>","protected":false},"featured_media":21319,"comment_status":"closed","ping_status":"closed","template":"","meta":{"om_disable_all_campaigns":false},"product_brand":[2284],"product_cat":[1838,2242,729],"product_tag":[6095,4807,5077,3722,4126,2317,4148,6100,6101,4317,6093,6094,4951,6103,4147,6104,6102,6097,6096,4028],"class_list":{"0":"post-15749","1":"product","2":"type-product","3":"status-publish","4":"has-post-thumbnail","6":"product_brand-staviori","7":"product_cat-diamenty","8":"product_cat-wisiorek-z-brylantem","9":"product_cat-wisiorki","10":"product_tag-anhanger","11":"product_tag-biale-zloto-585","12":"product_tag-diamant","13":"product_tag-diament","14":"product_tag-diamond","15":"product_tag-elegancka-bizuteria","16":"product_tag-emerald","17":"product_tag-floral-pendant","18":"product_tag-kwiatowy-wisiorek","19":"product_tag-luksusowy-prezent","20":"product_tag-pendant","21":"product_tag-privesek","22":"product_tag-smaragd","23":"product_tag-smaragd-anhanger","24":"product_tag-szmaragd","25":"product_tag-wbd01000e","26":"product_tag-wbd0954","27":"product_tag-weisgold-585","28":"product_tag-white-gold-14k","29":"product_tag-wisiorek","30":"pa_barwa-h-2","31":"pa_czystosc-i1","32":"pa_dlugosc-14mm","33":"pa_dostawca-estrella","34":"pa_kamien-diament","35":"pa_kamien-szmaragdy","36":"pa_kolor-biale","37":"pa_kruszec-zloto","38":"pa_motyw-kwiatek","39":"pa_proba-0-585","40":"pa_srednica-8mm","41":"pa_waga-095g","43":"first","44":"instock","45":"purchasable","46":"product-type-simple"},"aioseo_notices":[],"_links":{"self":[{"href":"https:\/\/staviori.com.pl\/cs\/wp-json\/wp\/v2\/product\/15749","targetHints":{"allow":["GET"]}}],"collection":[{"href":"https:\/\/staviori.com.pl\/cs\/wp-json\/wp\/v2\/product"}],"about":[{"href":"https:\/\/staviori.com.pl\/cs\/wp-json\/wp\/v2\/types\/product"}],"replies":[{"embeddable":true,"href":"https:\/\/staviori.com.pl\/cs\/wp-json\/wp\/v2\/comments?post=15749"}],"wp:featuredmedia":[{"embeddable":true,"href":"https:\/\/staviori.com.pl\/cs\/wp-json\/wp\/v2\/media\/21319"}],"wp:attachment":[{"href":"https:\/\/staviori.com.pl\/cs\/wp-json\/wp\/v2\/media?parent=15749"}],"wp:term":[{"taxonomy":"product_brand","embeddable":true,"href":"https:\/\/staviori.com.pl\/cs\/wp-json\/wp\/v2\/product_brand?post=15749"},{"taxonomy":"product_cat","embeddable":true,"href":"https:\/\/staviori.com.pl\/cs\/wp-json\/wp\/v2\/product_cat?post=15749"},{"taxonomy":"product_tag","embeddable":true,"href":"https:\/\/staviori.com.pl\/cs\/wp-json\/wp\/v2\/product_tag?post=15749"}],"curies":[{"name":"wp","href":"https:\/\/api.w.org\/{rel}","templated":true}]}}