{"id":15747,"date":"2025-02-24T22:49:42","date_gmt":"2025-02-24T21:49:42","guid":{"rendered":"https:\/\/staviori.com.pl\/product\/srebrne-kolczyki-sss6353\/"},"modified":"2026-02-11T00:09:29","modified_gmt":"2026-02-10T23:09:29","slug":"srebrne-kolczyki-sss6353","status":"publish","type":"product","link":"https:\/\/staviori.com.pl\/cs\/product\/srebrne-kolczyki-sss6353\/","title":{"rendered":"Rhodiovan\u00e9 st\u0159\u00edbrn\u00e9 n\u00e1u\u0161nice s kubick\u00fdmi zirkony"},"content":{"rendered":"<p>Model: SSS6353<br \/>\nHmotnost p\u0159ibli\u017en\u011b 0,65 g<\/p>\n<p>N\u00e1u\u0161nice<br \/>\n0,925 rhodiovan\u00e9 st\u0159\u00edbro.<br \/>\nZirkonie.<\/p>\n<p>\u0160\u00ed\u0159ka 5,40 mm.<br \/>\nV\u00fd\u0161ka 6,70 mm.<\/p>","protected":false},"excerpt":{"rendered":"<p>Elegantn\u00ed n\u00e1u\u0161nice z rhodiovan\u00e9ho st\u0159\u00edbra 0,925 zdoben\u00e9 t\u0159pytiv\u00fdmi zirkony. Jemn\u00e1 kombinace t\u0159\u00ed kamen\u016f s dal\u0161\u00edm, jemn\u011b zav\u011b\u0161en\u00fdm zirkonem jim dod\u00e1v\u00e1 jedine\u010dn\u00fd p\u016fvab a lehkost. \u0160perk, kter\u00fd kr\u00e1sn\u011b odr\u00e1\u017e\u00ed sv\u011btlo a dod\u00e1 jiskru ka\u017ed\u00e9 stylizaci - ka\u017edodenn\u00ed i ve\u010dern\u00ed. Ide\u00e1ln\u00ed volba pro \u017eeny, kter\u00e9 ocen\u00ed klasickou eleganci s n\u00e1dechem modernosti.<\/p>","protected":false},"featured_media":21313,"comment_status":"closed","ping_status":"closed","template":"","meta":{"om_disable_all_campaigns":false},"product_brand":[2284],"product_cat":[199,1818,1817],"product_tag":[3858,4191,2858,3743,2660,6079,1394,6072,6073,2291,5794,6090,6075,6074,2427,2426,5295,4025,2851,6089,6088],"class_list":{"0":"post-15747","1":"product","2":"type-product","3":"status-publish","4":"has-post-thumbnail","6":"product_brand-staviori","7":"product_cat-kolczyki","8":"product_cat-srebrne-kolczyki","9":"product_cat-srebro-2","10":"product_tag-classic-earrings","11":"product_tag-cubic-zirconia","12":"product_tag-delikatne-kolczyki","13":"product_tag-earrings","14":"product_tag-eleganckie-kolczyki","15":"product_tag-elegant-earrings","16":"product_tag-kolczyki","17":"product_tag-nausnice","18":"product_tag-ohrringe","19":"product_tag-prezent-dla-niej","20":"product_tag-rhodium-plated-silver","21":"product_tag-shining-jewelry","22":"product_tag-silber-925","23":"product_tag-silver-925","24":"product_tag-srebro-925","25":"product_tag-srebro-rodowane","26":"product_tag-stribro-925","27":"product_tag-symbol-milosci","28":"product_tag-wieczorowe-kolczyki","29":"product_tag-zirkon","30":"product_tag-zirkonia","31":"pa_dostawca-karen-silver","32":"pa_kamien-cyrkonia","33":"pa_kruszec-srebro-rodowane","34":"pa_proba-0-925","35":"pa_szerokosc-5-40mm","36":"pa_waga-065g","37":"pa_wysokosc-6-70mm","38":"pa_zapiecie-sztyft","40":"first","41":"instock","42":"purchasable","43":"product-type-simple"},"aioseo_notices":[],"_links":{"self":[{"href":"https:\/\/staviori.com.pl\/cs\/wp-json\/wp\/v2\/product\/15747","targetHints":{"allow":["GET"]}}],"collection":[{"href":"https:\/\/staviori.com.pl\/cs\/wp-json\/wp\/v2\/product"}],"about":[{"href":"https:\/\/staviori.com.pl\/cs\/wp-json\/wp\/v2\/types\/product"}],"replies":[{"embeddable":true,"href":"https:\/\/staviori.com.pl\/cs\/wp-json\/wp\/v2\/comments?post=15747"}],"wp:featuredmedia":[{"embeddable":true,"href":"https:\/\/staviori.com.pl\/cs\/wp-json\/wp\/v2\/media\/21313"}],"wp:attachment":[{"href":"https:\/\/staviori.com.pl\/cs\/wp-json\/wp\/v2\/media?parent=15747"}],"wp:term":[{"taxonomy":"product_brand","embeddable":true,"href":"https:\/\/staviori.com.pl\/cs\/wp-json\/wp\/v2\/product_brand?post=15747"},{"taxonomy":"product_cat","embeddable":true,"href":"https:\/\/staviori.com.pl\/cs\/wp-json\/wp\/v2\/product_cat?post=15747"},{"taxonomy":"product_tag","embeddable":true,"href":"https:\/\/staviori.com.pl\/cs\/wp-json\/wp\/v2\/product_tag?post=15747"}],"curies":[{"name":"wp","href":"https:\/\/api.w.org\/{rel}","templated":true}]}}