{"id":15742,"date":"2025-02-24T22:49:42","date_gmt":"2025-02-24T21:49:42","guid":{"rendered":"https:\/\/staviori.com.pl\/product\/srebrne-kolczyki-sss6292\/"},"modified":"2026-02-11T00:09:29","modified_gmt":"2026-02-10T23:09:29","slug":"srebrne-kolczyki-sss6292","status":"publish","type":"product","link":"https:\/\/staviori.com.pl\/cs\/product\/srebrne-kolczyki-sss6292\/","title":{"rendered":"Pozlacen\u00e9 st\u0159\u00edbrn\u00e9 n\u00e1u\u0161nice modern\u00ed"},"content":{"rendered":"<p>Model: SSS6292<br \/>\nHmotnost p\u0159ibli\u017en\u011b 2,90 g<\/p>\n<p>N\u00e1u\u0161nice.<br \/>\nSrebro 0,925 pokryte z\u0142otem 0,750<\/p>\n<p>D\u00e9lka 55 mm.<br \/>\nSzeroko\u015b\u0107 12 mm.<\/p>","protected":false},"excerpt":{"rendered":"<p>Nowoczesne i wyj\u0105tkowo efektowne kolczyki ze srebra pr\u00f3by 0,925, pokryte 18-karatowym z\u0142otem. Ich dynamiczny, falisty kszta\u0142t przyci\u0105ga uwag\u0119 i nadaje stylizacji oryginalnego charakteru. D\u0142ugie, subtelnie po\u0142yskuj\u0105ce elementy pi\u0119knie wysmuklaj\u0105 szyj\u0119, a matowe wyko\u0144czenie dodaje im artystycznego wyrazu. Zapinane na wygodny sztyft, s\u0105 doskona\u0142ym wyborem dla kobiet, kt\u00f3re ceni\u0105 elegancj\u0119 w nowoczesnym wydaniu.<\/p>","protected":false},"featured_media":7911,"comment_status":"closed","ping_status":"closed","template":"","meta":{"om_disable_all_campaigns":false},"product_brand":[2284],"product_cat":[199,1818,1817],"product_tag":[2891,3743,6079,6080,6076,1394,5924,6077,6072,6078,6073,6075,6074,2427,5295,6081,2341],"class_list":{"0":"post-15742","1":"product","2":"type-product","3":"status-publish","4":"has-post-thumbnail","6":"product_brand-staviori","7":"product_cat-kolczyki","8":"product_cat-srebrne-kolczyki","9":"product_cat-srebro-2","10":"product_tag-dlugie-kolczyki","11":"product_tag-earrings","12":"product_tag-elegant-earrings","13":"product_tag-faliste-kolczyki","14":"product_tag-gold-750","15":"product_tag-kolczyki","16":"product_tag-long-earrings","17":"product_tag-modern-design","18":"product_tag-nausnice","19":"product_tag-nowoczesne-kolczyki","20":"product_tag-ohrringe","21":"product_tag-silber-925","22":"product_tag-silver-925","23":"product_tag-srebro-925","24":"product_tag-stribro-925","25":"product_tag-wavy-earrings","26":"product_tag-zloto-750","27":"pa_dlugosc-55mm","28":"pa_dostawca-karen-silver","29":"pa_kruszec-srebro","30":"pa_kruszec-srebro-pozlacane","31":"pa_proba-0-925","32":"pa_szerokosc-12mm","33":"pa_waga-200g","34":"pa_zapiecie-sztyft","36":"first","37":"outofstock","38":"purchasable","39":"product-type-simple"},"aioseo_notices":[],"_links":{"self":[{"href":"https:\/\/staviori.com.pl\/cs\/wp-json\/wp\/v2\/product\/15742","targetHints":{"allow":["GET"]}}],"collection":[{"href":"https:\/\/staviori.com.pl\/cs\/wp-json\/wp\/v2\/product"}],"about":[{"href":"https:\/\/staviori.com.pl\/cs\/wp-json\/wp\/v2\/types\/product"}],"replies":[{"embeddable":true,"href":"https:\/\/staviori.com.pl\/cs\/wp-json\/wp\/v2\/comments?post=15742"}],"wp:featuredmedia":[{"embeddable":true,"href":"https:\/\/staviori.com.pl\/cs\/wp-json\/wp\/v2\/media\/7911"}],"wp:attachment":[{"href":"https:\/\/staviori.com.pl\/cs\/wp-json\/wp\/v2\/media?parent=15742"}],"wp:term":[{"taxonomy":"product_brand","embeddable":true,"href":"https:\/\/staviori.com.pl\/cs\/wp-json\/wp\/v2\/product_brand?post=15742"},{"taxonomy":"product_cat","embeddable":true,"href":"https:\/\/staviori.com.pl\/cs\/wp-json\/wp\/v2\/product_cat?post=15742"},{"taxonomy":"product_tag","embeddable":true,"href":"https:\/\/staviori.com.pl\/cs\/wp-json\/wp\/v2\/product_tag?post=15742"}],"curies":[{"name":"wp","href":"https:\/\/api.w.org\/{rel}","templated":true}]}}