{"id":15740,"date":"2025-02-24T22:49:42","date_gmt":"2025-02-24T21:49:42","guid":{"rendered":"https:\/\/staviori.com.pl\/product\/srebrne-kolczyki-sss6166\/"},"modified":"2026-02-11T00:09:29","modified_gmt":"2026-02-10T23:09:29","slug":"srebrne-kolczyki-sss6166","status":"publish","type":"product","link":"https:\/\/staviori.com.pl\/cs\/product\/srebrne-kolczyki-sss6166\/","title":{"rendered":"St\u0159\u00edbrn\u00e9 n\u00e1u\u0161nice SSS6166"},"content":{"rendered":"<p>Model: SSS6166<br \/>\nHmotnost p\u0159ibli\u017en\u011b 1,30 g<\/p>\n<p>N\u00e1u\u0161nice.<br \/>\nSrebro 0,925 pokryte r\u00f3\u017cowym z\u0142otem<\/p>\n<p>Szeroko\u015b\u0107 6.72 mm.<br \/>\nWysoko\u015b\u0107 9.10 mm.<\/p>\n<p>Kr\u00e1sn\u00e9 n\u00e1u\u0161nice beru\u0161ky. Post\u0159\u00edb\u0159en\u00e9 r\u016f\u017eov\u00fdm zlatem.<\/p>","protected":false},"excerpt":{"rendered":"<p>Urocze kolczyki w kszta\u0142cie biedronek wykonane ze srebra pr\u00f3by 925, pokryte r\u00f3\u017cowym z\u0142otem, to idealny dodatek dla os\u00f3b ceni\u0105cych subteln\u0105 i radosn\u0105 bi\u017cuteri\u0119. Delikatny po\u0142ysk i staranne detale nadaj\u0105 im wyj\u0105tkowego uroku. Biedronki od wiek\u00f3w uwa\u017cane s\u0105 za symbol szcz\u0119\u015bcia, dlatego te kolczyki to doskona\u0142y prezent pe\u0142en pozytywnej energii.<\/p>","protected":false},"featured_media":7898,"comment_status":"closed","ping_status":"closed","template":"","meta":{"om_disable_all_campaigns":false},"product_brand":[2284],"product_cat":[199,1818,1817],"product_tag":[3025,6067,3342,3270,6066,6068,5927,2427],"class_list":{"0":"post-15740","1":"product","2":"type-product","3":"status-publish","4":"has-post-thumbnail","6":"product_brand-staviori","7":"product_cat-kolczyki","8":"product_cat-srebrne-kolczyki","9":"product_cat-srebro-2","10":"product_tag-bizuteria-na-szczescie","11":"product_tag-gluckskafer-ohrringe","12":"product_tag-kolczyki-biedronki","13":"product_tag-kolczyki-rozowe-zloto","14":"product_tag-ladybug-earrings","15":"product_tag-nausnice-beruska","16":"product_tag-rose-gold-earrings","17":"product_tag-srebro-925","18":"pa_dostawca-karen-silver","19":"pa_kruszec-srebro","20":"pa_kruszec-srebro-pozlacane","21":"pa_kruszec-srebro-rodowane","22":"pa_motyw-biedronka","23":"pa_proba-0-925","24":"pa_szerokosc-6-72mm","25":"pa_waga-130g","26":"pa_wysokosc-9-10mm","27":"pa_zapiecie-sztyft","29":"first","30":"instock","31":"purchasable","32":"product-type-simple"},"aioseo_notices":[],"_links":{"self":[{"href":"https:\/\/staviori.com.pl\/cs\/wp-json\/wp\/v2\/product\/15740","targetHints":{"allow":["GET"]}}],"collection":[{"href":"https:\/\/staviori.com.pl\/cs\/wp-json\/wp\/v2\/product"}],"about":[{"href":"https:\/\/staviori.com.pl\/cs\/wp-json\/wp\/v2\/types\/product"}],"replies":[{"embeddable":true,"href":"https:\/\/staviori.com.pl\/cs\/wp-json\/wp\/v2\/comments?post=15740"}],"wp:featuredmedia":[{"embeddable":true,"href":"https:\/\/staviori.com.pl\/cs\/wp-json\/wp\/v2\/media\/7898"}],"wp:attachment":[{"href":"https:\/\/staviori.com.pl\/cs\/wp-json\/wp\/v2\/media?parent=15740"}],"wp:term":[{"taxonomy":"product_brand","embeddable":true,"href":"https:\/\/staviori.com.pl\/cs\/wp-json\/wp\/v2\/product_brand?post=15740"},{"taxonomy":"product_cat","embeddable":true,"href":"https:\/\/staviori.com.pl\/cs\/wp-json\/wp\/v2\/product_cat?post=15740"},{"taxonomy":"product_tag","embeddable":true,"href":"https:\/\/staviori.com.pl\/cs\/wp-json\/wp\/v2\/product_tag?post=15740"}],"curies":[{"name":"wp","href":"https:\/\/api.w.org\/{rel}","templated":true}]}}