{"id":15736,"date":"2025-02-24T22:49:42","date_gmt":"2025-02-24T21:49:42","guid":{"rendered":"https:\/\/staviori.com.pl\/product\/srebrne-kolczyki-sss6129y\/"},"modified":"2026-02-11T00:09:29","modified_gmt":"2026-02-10T23:09:29","slug":"srebrne-kolczyki-sss6129y","status":"publish","type":"product","link":"https:\/\/staviori.com.pl\/cs\/product\/srebrne-kolczyki-sss6129y\/","title":{"rendered":"Pozlacen\u00e9 st\u0159\u00edbrn\u00e9 n\u00e1u\u0161nice ve tvaru \u010dty\u0159l\u00edstku"},"content":{"rendered":"<p>Model: SSS6129Y<br \/>\nHmotnost p\u0159ibli\u017en\u011b 0,90 g<\/p>\n<p>N\u00e1u\u0161nice.<br \/>\nSt\u0159\u00edbro 0.925 pokoven\u00e9 \u017elut\u00fdm zlatem<\/p>\n<p>Szeroko\u015b\u0107 7.10 mm.<br \/>\nWysoko\u015b\u0107 7.58 mm.<\/p>\n<p>Ka\u017cda chwila jest wype\u0142niona szcz\u0119\u015bciem, gdy nosisz te urzekaj\u0105ce kolczyki ze srebra pr\u00f3by 925 pokryte \u017c\u00f3\u0142tym z\u0142otem w kszta\u0142cie czterolistnej koniczyny.<\/p>","protected":false},"excerpt":{"rendered":"<p>Urocze kolczyki w kszta\u0142cie czterolistnej koniczyny, wykonane ze srebra pr\u00f3by 925, to bi\u017cuteria, kt\u00f3ra symbolizuje szcz\u0119\u015bcie i pomy\u015blno\u015b\u0107. Delikatny po\u0142ysk srebra sprawia, \u017ce s\u0105 subtelnym, a jednocze\u015bnie wyj\u0105tkowym dodatkiem na co dzie\u0144. Idealne dla os\u00f3b ceni\u0105cych bi\u017cuteri\u0119 z pozytywnym przes\u0142aniem.<\/p>","protected":false},"featured_media":7873,"comment_status":"closed","ping_status":"closed","template":"","meta":{"om_disable_all_campaigns":false},"product_brand":[2284],"product_cat":[199,1818,1817],"product_tag":[6052,3176,3024,6053,6056,6054,2942,2427,2506,6055],"class_list":{"0":"post-15736","1":"product","2":"type-product","3":"status-publish","4":"has-post-thumbnail","6":"product_brand-staviori","7":"product_cat-kolczyki","8":"product_cat-srebrne-kolczyki","9":"product_cat-srebro-2","10":"product_tag-clover-earrings","11":"product_tag-czterolistna-koniczyna","12":"product_tag-kolczyki-koniczynki","13":"product_tag-lucky-earrings","14":"product_tag-nausnice-ctyrlistek","15":"product_tag-ohrringe-silber-kleeblatt","16":"product_tag-srebrne-kolczyki","17":"product_tag-srebro-925","18":"product_tag-srebro-pozlacane","19":"product_tag-stribrne-nausnice-konvalinka","20":"pa_dostawca-karen-silver","21":"pa_kruszec-srebro","22":"pa_kruszec-srebro-pozlacane","23":"pa_motyw-koniczynka","24":"pa_proba-0-925","25":"pa_szerokosc-7-10mm","26":"pa_waga-090g","27":"pa_wysokosc-7-58mm","28":"pa_zapiecie-sztyft","30":"first","31":"outofstock","32":"purchasable","33":"product-type-simple"},"aioseo_notices":[],"_links":{"self":[{"href":"https:\/\/staviori.com.pl\/cs\/wp-json\/wp\/v2\/product\/15736","targetHints":{"allow":["GET"]}}],"collection":[{"href":"https:\/\/staviori.com.pl\/cs\/wp-json\/wp\/v2\/product"}],"about":[{"href":"https:\/\/staviori.com.pl\/cs\/wp-json\/wp\/v2\/types\/product"}],"replies":[{"embeddable":true,"href":"https:\/\/staviori.com.pl\/cs\/wp-json\/wp\/v2\/comments?post=15736"}],"wp:featuredmedia":[{"embeddable":true,"href":"https:\/\/staviori.com.pl\/cs\/wp-json\/wp\/v2\/media\/7873"}],"wp:attachment":[{"href":"https:\/\/staviori.com.pl\/cs\/wp-json\/wp\/v2\/media?parent=15736"}],"wp:term":[{"taxonomy":"product_brand","embeddable":true,"href":"https:\/\/staviori.com.pl\/cs\/wp-json\/wp\/v2\/product_brand?post=15736"},{"taxonomy":"product_cat","embeddable":true,"href":"https:\/\/staviori.com.pl\/cs\/wp-json\/wp\/v2\/product_cat?post=15736"},{"taxonomy":"product_tag","embeddable":true,"href":"https:\/\/staviori.com.pl\/cs\/wp-json\/wp\/v2\/product_tag?post=15736"}],"curies":[{"name":"wp","href":"https:\/\/api.w.org\/{rel}","templated":true}]}}