{"id":15734,"date":"2025-02-24T22:49:39","date_gmt":"2025-02-24T21:49:39","guid":{"rendered":"https:\/\/staviori.com.pl\/product\/srebrne-kolczyki-sss6128r\/"},"modified":"2026-02-11T00:09:29","modified_gmt":"2026-02-10T23:09:29","slug":"srebrne-kolczyki-sss6128r","status":"publish","type":"product","link":"https:\/\/staviori.com.pl\/cs\/product\/srebrne-kolczyki-sss6128r\/","title":{"rendered":"R\u016f\u017eov\u011b pozlacen\u00e9 st\u0159\u00edbrn\u00e9 n\u00e1u\u0161nice \/ man\u017eety do u\u0161\u00ed"},"content":{"rendered":"<p>Model: SSS6128R<br \/>\nHmotnost p\u0159ibli\u017en\u011b 0,75 g<\/p>\n<p>Kolczyk \/ Mankiet do uszu<\/p>\n<p>Srebro 0,925 pokryte r\u00f3\u017cowym z\u0142otem<\/p>\n<p>\u015arednica 12.76 mm.<\/p>","protected":false},"excerpt":{"rendered":"<p>Stylowy mankiet do ucha wykonany ze srebra pr\u00f3by 925 i pokryty r\u00f3\u017cowym z\u0142otem to nowoczesna bi\u017cuteria o wyj\u0105tkowym charakterze. Geometryczne zdobienie nadaje mu oryginalno\u015bci i odwa\u017cnego stylu, dzi\u0119ki czemu \u015bwietnie komponuje si\u0119 z modnymi stylizacjami. Idealny wyb\u00f3r dla os\u00f3b, kt\u00f3re lubi\u0105 wyr\u00f3\u017cnia\u0107 si\u0119 subtelnymi, ale efektownymi detalami.<\/p>","protected":false},"featured_media":7859,"comment_status":"closed","ping_status":"closed","template":"","meta":{"om_disable_all_campaigns":false},"product_brand":[2284],"product_cat":[199,1818,1817],"product_tag":[3403,6051,3402,6008,5929,6017,6016,2427,6000],"class_list":{"0":"post-15734","1":"product","2":"type-product","3":"status-publish","4":"has-post-thumbnail","6":"product_brand-staviori","7":"product_cat-kolczyki","8":"product_cat-srebrne-kolczyki","9":"product_cat-srebro-2","10":"product_tag-ear-cuff","11":"product_tag-geometric-ear-cuff","12":"product_tag-mankiet-do-ucha","13":"product_tag-mankiet-rozowe-zloto","14":"product_tag-nausnice-ruzove-zlato","15":"product_tag-ohrmanschette-rosegold","16":"product_tag-rose-gold-ear-cuff","17":"product_tag-srebro-925","18":"product_tag-stribrna-nausnice-manzeta","19":"pa_dostawca-karen-silver","20":"pa_kruszec-srebro","21":"pa_kruszec-srebro-pozlacane","22":"pa_proba-0-925","23":"pa_srednica-12-76mm","24":"pa_waga-075g","26":"first","27":"instock","28":"purchasable","29":"product-type-simple"},"aioseo_notices":[],"_links":{"self":[{"href":"https:\/\/staviori.com.pl\/cs\/wp-json\/wp\/v2\/product\/15734","targetHints":{"allow":["GET"]}}],"collection":[{"href":"https:\/\/staviori.com.pl\/cs\/wp-json\/wp\/v2\/product"}],"about":[{"href":"https:\/\/staviori.com.pl\/cs\/wp-json\/wp\/v2\/types\/product"}],"replies":[{"embeddable":true,"href":"https:\/\/staviori.com.pl\/cs\/wp-json\/wp\/v2\/comments?post=15734"}],"wp:featuredmedia":[{"embeddable":true,"href":"https:\/\/staviori.com.pl\/cs\/wp-json\/wp\/v2\/media\/7859"}],"wp:attachment":[{"href":"https:\/\/staviori.com.pl\/cs\/wp-json\/wp\/v2\/media?parent=15734"}],"wp:term":[{"taxonomy":"product_brand","embeddable":true,"href":"https:\/\/staviori.com.pl\/cs\/wp-json\/wp\/v2\/product_brand?post=15734"},{"taxonomy":"product_cat","embeddable":true,"href":"https:\/\/staviori.com.pl\/cs\/wp-json\/wp\/v2\/product_cat?post=15734"},{"taxonomy":"product_tag","embeddable":true,"href":"https:\/\/staviori.com.pl\/cs\/wp-json\/wp\/v2\/product_tag?post=15734"}],"curies":[{"name":"wp","href":"https:\/\/api.w.org\/{rel}","templated":true}]}}