{"id":15731,"date":"2025-02-24T22:49:39","date_gmt":"2025-02-24T21:49:39","guid":{"rendered":"https:\/\/staviori.com.pl\/product\/srebrny-pierscionek-sss6074\/"},"modified":"2026-02-11T00:09:58","modified_gmt":"2026-02-10T23:09:58","slug":"srebrny-pierscionek-sss6074","status":"publish","type":"product","link":"https:\/\/staviori.com.pl\/cs\/product\/srebrny-pierscionek-sss6074\/","title":{"rendered":"St\u0159\u00edbrn\u00fd prsten s mal\u00fdm srdcem"},"content":{"rendered":"<p>Model: SSS6074<br \/>\nHmotnost p\u0159ibli\u017en\u011b 0,55 g<\/p>\n<p>Prsten.<br \/>\nSt\u0159\u00edbro 0,925.<\/p>\n<p>Rozm\u011bry 3,59 \u00d7 3,1 mm.<br \/>\n\u0160\u00ed\u0159ka krou\u017eku cca 1 mm.<\/p>\n<p>K dispozici jsou pouze n\u011bkter\u00e9 velikosti - zeptejte se<\/p>","protected":false},"excerpt":{"rendered":"<p>Jemn\u00fd st\u0159\u00edbrn\u00fd prsten s a\u017eurov\u00fdm motivem srdce je decentn\u00edm dopl\u0148kem pln\u00fdm \u0161armu. D\u00edky sv\u00e9 minimalistick\u00e9 podob\u011b je ide\u00e1ln\u00ed pro ka\u017edodenn\u00ed no\u0161en\u00ed a z\u00e1rove\u0148 je symbolem v\u0159elosti a bl\u00edzkosti. Skv\u011ble se hod\u00ed jako d\u00e1rek pro milovanou osobu nebo jako romantick\u00fd akcent ke ka\u017edodenn\u00edmu \u0161perku.<\/p>","protected":false},"featured_media":7851,"comment_status":"closed","ping_status":"closed","template":"","meta":{"om_disable_all_campaigns":false},"product_brand":[2284],"product_cat":[801,2206,1817],"product_tag":[5259,2384,6044,5552,5160,6043,2427,6045],"class_list":{"0":"post-15731","1":"product","2":"type-product","3":"status-publish","4":"has-post-thumbnail","6":"product_brand-staviori","7":"product_cat-pierscionki","8":"product_cat-srebrny-pierscionek","9":"product_cat-srebro-2","10":"product_tag-azurowy-pierscionek","11":"product_tag-minimalistyczna-bizuteria","12":"product_tag-ohrring-silber-herz","13":"product_tag-pierscionek-serce","14":"product_tag-pierscionek-srebrny","15":"product_tag-silver-heart-ring","16":"product_tag-srebro-925","17":"product_tag-stribrny-prsten-srdce","18":"pa_dostawca-karen-silver","19":"pa_kruszec-srebro","20":"pa_motyw-serce","21":"pa_proba-0-925","22":"pa_rozmiar-2351","23":"pa_rozmiar-2352","24":"pa_rozmiar-2354","25":"pa_rozmiar-2356","26":"pa_rozmiar-4862","27":"pa_szerokosc-obraczki-ok-1mm","28":"pa_waga-055g","29":"pa_wymiary-3-59x3-1mm","31":"first","32":"instock","33":"purchasable","34":"product-type-variable"},"aioseo_notices":[],"_links":{"self":[{"href":"https:\/\/staviori.com.pl\/cs\/wp-json\/wp\/v2\/product\/15731","targetHints":{"allow":["GET"]}}],"collection":[{"href":"https:\/\/staviori.com.pl\/cs\/wp-json\/wp\/v2\/product"}],"about":[{"href":"https:\/\/staviori.com.pl\/cs\/wp-json\/wp\/v2\/types\/product"}],"replies":[{"embeddable":true,"href":"https:\/\/staviori.com.pl\/cs\/wp-json\/wp\/v2\/comments?post=15731"}],"wp:featuredmedia":[{"embeddable":true,"href":"https:\/\/staviori.com.pl\/cs\/wp-json\/wp\/v2\/media\/7851"}],"wp:attachment":[{"href":"https:\/\/staviori.com.pl\/cs\/wp-json\/wp\/v2\/media?parent=15731"}],"wp:term":[{"taxonomy":"product_brand","embeddable":true,"href":"https:\/\/staviori.com.pl\/cs\/wp-json\/wp\/v2\/product_brand?post=15731"},{"taxonomy":"product_cat","embeddable":true,"href":"https:\/\/staviori.com.pl\/cs\/wp-json\/wp\/v2\/product_cat?post=15731"},{"taxonomy":"product_tag","embeddable":true,"href":"https:\/\/staviori.com.pl\/cs\/wp-json\/wp\/v2\/product_tag?post=15731"}],"curies":[{"name":"wp","href":"https:\/\/api.w.org\/{rel}","templated":true}]}}