{"id":15730,"date":"2025-02-24T22:49:39","date_gmt":"2025-02-24T21:49:39","guid":{"rendered":"https:\/\/staviori.com.pl\/product\/srebrny-pierscionek-sss6073\/"},"modified":"2026-02-11T00:09:58","modified_gmt":"2026-02-10T23:09:58","slug":"srebrny-pierscionek-sss6073","status":"publish","type":"product","link":"https:\/\/staviori.com.pl\/cs\/product\/srebrny-pierscionek-sss6073\/","title":{"rendered":"St\u0159\u00edbrn\u00fd prsten se srdcem"},"content":{"rendered":"<p>Model: SSS6073<br \/>\nHmotnost p\u0159ibli\u017en\u011b 0,84 g<\/p>\n<p>Prsten.<br \/>\nSt\u0159\u00edbro 0,925.<br \/>\nWymiary 5.40&#215;5.0 mm.<\/p>\n<p>K dispozici jsou pouze n\u011bkter\u00e9 velikosti - zeptejte se<\/p>\n<p>Jemn\u00fd, kr\u00e1sn\u00fd st\u0159\u00edbrn\u00fd prsten se srd\u00ed\u010dkem. Perfektn\u00ed, abychom v\u011bd\u011bli, \u017ee n\u00e1m na n\u011bkom z\u00e1le\u017e\u00ed \ud83d\ude42 .<\/p>","protected":false},"excerpt":{"rendered":"<p>Jemn\u00fd prsten ze st\u0159\u00edbra s jemn\u00fdm motivem srdce je \u0161perk pln\u00fd p\u016fvabu a symboliky. D\u00edky minimalistick\u00e9mu designu je ide\u00e1ln\u00ed pro ka\u017edodenn\u00ed no\u0161en\u00ed a z\u00e1rove\u0148 je jedine\u010dn\u00fdm vyj\u00e1d\u0159en\u00edm n\u00e1klonnosti. Skv\u011ble se hod\u00ed jako d\u00e1rek pro milovanou osobu nebo mal\u00fd d\u00e1rek \"od srdce\".<\/p>\n<p>K dispozici jsou pouze n\u011bkter\u00e9 velikosti - zeptejte se<\/p>","protected":false},"featured_media":7848,"comment_status":"closed","ping_status":"closed","template":"","meta":{"om_disable_all_campaigns":false},"product_brand":[2284],"product_cat":[801,2206,1817],"product_tag":[4256,2384,6044,5552,5160,6043,2427,6045],"class_list":{"0":"post-15730","1":"product","2":"type-product","3":"status-publish","4":"has-post-thumbnail","6":"product_brand-staviori","7":"product_cat-pierscionki","8":"product_cat-srebrny-pierscionek","9":"product_cat-srebro-2","10":"product_tag-heart-jewelry","11":"product_tag-minimalistyczna-bizuteria","12":"product_tag-ohrring-silber-herz","13":"product_tag-pierscionek-serce","14":"product_tag-pierscionek-srebrny","15":"product_tag-silver-heart-ring","16":"product_tag-srebro-925","17":"product_tag-stribrny-prsten-srdce","18":"pa_dostawca-karen-silver","19":"pa_kruszec-srebro","20":"pa_motyw-serce","21":"pa_proba-0-925","22":"pa_rozmiar-2351","23":"pa_rozmiar-2354","24":"pa_rozmiar-2356","25":"pa_rozmiar-2359","26":"pa_rozmiar-4862","27":"pa_waga-080g","28":"pa_wymiary-5-40x5-0mm","30":"first","31":"instock","32":"purchasable","33":"product-type-variable"},"aioseo_notices":[],"_links":{"self":[{"href":"https:\/\/staviori.com.pl\/cs\/wp-json\/wp\/v2\/product\/15730","targetHints":{"allow":["GET"]}}],"collection":[{"href":"https:\/\/staviori.com.pl\/cs\/wp-json\/wp\/v2\/product"}],"about":[{"href":"https:\/\/staviori.com.pl\/cs\/wp-json\/wp\/v2\/types\/product"}],"replies":[{"embeddable":true,"href":"https:\/\/staviori.com.pl\/cs\/wp-json\/wp\/v2\/comments?post=15730"}],"wp:featuredmedia":[{"embeddable":true,"href":"https:\/\/staviori.com.pl\/cs\/wp-json\/wp\/v2\/media\/7848"}],"wp:attachment":[{"href":"https:\/\/staviori.com.pl\/cs\/wp-json\/wp\/v2\/media?parent=15730"}],"wp:term":[{"taxonomy":"product_brand","embeddable":true,"href":"https:\/\/staviori.com.pl\/cs\/wp-json\/wp\/v2\/product_brand?post=15730"},{"taxonomy":"product_cat","embeddable":true,"href":"https:\/\/staviori.com.pl\/cs\/wp-json\/wp\/v2\/product_cat?post=15730"},{"taxonomy":"product_tag","embeddable":true,"href":"https:\/\/staviori.com.pl\/cs\/wp-json\/wp\/v2\/product_tag?post=15730"}],"curies":[{"name":"wp","href":"https:\/\/api.w.org\/{rel}","templated":true}]}}