{"id":15722,"date":"2025-02-24T22:49:39","date_gmt":"2025-02-24T21:49:39","guid":{"rendered":"https:\/\/staviori.com.pl\/product\/srebrne-kolczyki-sss5970r\/"},"modified":"2026-02-11T00:09:27","modified_gmt":"2026-02-10T23:09:27","slug":"srebrne-kolczyki-sss5970r","status":"publish","type":"product","link":"https:\/\/staviori.com.pl\/cs\/product\/srebrne-kolczyki-sss5970r\/","title":{"rendered":"Post\u0159\u00edb\u0159en\u00e9 pozlacen\u00e9 n\u00e1u\u0161nice ps\u00ed tlapky | r\u016f\u017eov\u00e1"},"content":{"rendered":"<p>Model: SSS5970R<br \/>\nWaga ok. 1,36g<\/p>\n<p>N\u00e1u\u0161nice.<br \/>\nSrebro 0,925 pokryte r\u00f3\u017cowym z\u0142otem<\/p>\n<p>Szeroko\u015b\u0107 10.54 mm.<br \/>\nWysoko\u015b\u0107 9.95 mm.<\/p>\n<p>N\u00e1dhern\u00e9 r\u016f\u017eov\u011b pozlacen\u00e9 st\u0159\u00edbrn\u00e9 n\u00e1u\u0161nice ve tvaru ps\u00ed tlapky - pro ka\u017ed\u00e9ho ps\u00edho kamar\u00e1da.<\/p>","protected":false},"excerpt":{"rendered":"<p>Urocze kolczyki w kszta\u0142cie psiej \u0142apki wykonane ze srebra pr\u00f3by 925 i pokryte r\u00f3\u017cowym z\u0142otem to wyj\u0105tkowy dodatek dla ka\u017cdego mi\u0142o\u015bnika ps\u00f3w. Delikatny po\u0142ysk i ciep\u0142y odcie\u0144 r\u00f3\u017cowego z\u0142ota nadaj\u0105 im subtelnej elegancji, a jednocze\u015bnie symbolizuj\u0105 przyja\u017a\u0144 i lojalno\u015b\u0107. Idealne jako prezent i codzienna ozdoba z nut\u0105 uroku.<\/p>\n<p>https:\/\/www.youtube.com\/watch?v=_xDZv-l_7hQ<\/p>","protected":false},"featured_media":7817,"comment_status":"closed","ping_status":"closed","template":"","meta":{"om_disable_all_campaigns":false},"product_brand":[2284],"product_cat":[199,1818,1817],"product_tag":[6032,6029,3270,6034,5928,6031,6033,5927,5914,2427,5988],"class_list":{"0":"post-15722","1":"product","2":"type-product","3":"status-publish","4":"has-post-thumbnail","6":"product_brand-staviori","7":"product_cat-kolczyki","8":"product_cat-srebrne-kolczyki","9":"product_cat-srebro-2","10":"product_tag-dog-lover-earrings","11":"product_tag-kolczyki-lapki","12":"product_tag-kolczyki-rozowe-zloto","13":"product_tag-nausnice-tlapka","14":"product_tag-ohrringe-rosegold","15":"product_tag-paw-earrings","16":"product_tag-pfote-ohrringe","17":"product_tag-rose-gold-earrings","18":"product_tag-srebrne-kolczyki-pozlacane","19":"product_tag-srebro-925","20":"product_tag-stribrne-nausnice-pozlacene","21":"pa_barwa-rozowy","22":"pa_dostawca-karen-silver","23":"pa_kruszec-srebro","24":"pa_kruszec-srebro-pozlacane","25":"pa_motyw-pies","26":"pa_proba-0-925","27":"pa_szerokosc-10-54mm","28":"pa_waga-135g-2","29":"pa_wysokosc-9-95mm","30":"pa_zapiecie-sztyft","32":"first","33":"instock","34":"purchasable","35":"product-type-simple"},"aioseo_notices":[],"_links":{"self":[{"href":"https:\/\/staviori.com.pl\/cs\/wp-json\/wp\/v2\/product\/15722","targetHints":{"allow":["GET"]}}],"collection":[{"href":"https:\/\/staviori.com.pl\/cs\/wp-json\/wp\/v2\/product"}],"about":[{"href":"https:\/\/staviori.com.pl\/cs\/wp-json\/wp\/v2\/types\/product"}],"replies":[{"embeddable":true,"href":"https:\/\/staviori.com.pl\/cs\/wp-json\/wp\/v2\/comments?post=15722"}],"wp:featuredmedia":[{"embeddable":true,"href":"https:\/\/staviori.com.pl\/cs\/wp-json\/wp\/v2\/media\/7817"}],"wp:attachment":[{"href":"https:\/\/staviori.com.pl\/cs\/wp-json\/wp\/v2\/media?parent=15722"}],"wp:term":[{"taxonomy":"product_brand","embeddable":true,"href":"https:\/\/staviori.com.pl\/cs\/wp-json\/wp\/v2\/product_brand?post=15722"},{"taxonomy":"product_cat","embeddable":true,"href":"https:\/\/staviori.com.pl\/cs\/wp-json\/wp\/v2\/product_cat?post=15722"},{"taxonomy":"product_tag","embeddable":true,"href":"https:\/\/staviori.com.pl\/cs\/wp-json\/wp\/v2\/product_tag?post=15722"}],"curies":[{"name":"wp","href":"https:\/\/api.w.org\/{rel}","templated":true}]}}