{"id":15720,"date":"2025-02-24T22:49:39","date_gmt":"2025-02-24T21:49:39","guid":{"rendered":"https:\/\/staviori.com.pl\/product\/srebrne-kolczyki-sss5935y\/"},"modified":"2026-02-11T00:09:27","modified_gmt":"2026-02-10T23:09:27","slug":"srebrne-kolczyki-sss5935y","status":"publish","type":"product","link":"https:\/\/staviori.com.pl\/cs\/product\/srebrne-kolczyki-sss5935y\/","title":{"rendered":"Post\u0159\u00edb\u0159en\u00e1 pozlacen\u00e1 man\u017eeta do ucha s perlou"},"content":{"rendered":"<p>Model: SSS5935Y<br \/>\nWaga ok. 0,38g<\/p>\n<p>Kolczyk \/ Mankiet do uszu<br \/>\nSt\u0159\u00edbro 0.925 pokoven\u00e9 \u017elut\u00fdm zlatem<br \/>\nPerle\u0165ov\u00e1 matka<\/p>\n<p>\u015arednica kulki 4 mm.<br \/>\nV\u00fd\u0161ka 12 mm.<br \/>\nSzeroko\u015b\u0107 1.1 mm.<\/p>","protected":false},"excerpt":{"rendered":"<p>Elegancki mankiet do ucha wykonany ze srebra pr\u00f3by 925 i pokryty \u017c\u00f3\u0142tym z\u0142otem to subtelna bi\u017cuteria z nut\u0105 luksusu. Delikatna per\u0142owa kulka pi\u0119knie zdobi ucho, dodaj\u0105c ca\u0142o\u015bci kobiecego wdzi\u0119ku i szyku. Idealny wyb\u00f3r dla os\u00f3b poszukuj\u0105cych nowoczesnej, a zarazem klasycznej ozdoby \u2013 bez konieczno\u015bci przek\u0142uwania ucha.<\/p>","protected":false},"featured_media":11213,"comment_status":"closed","ping_status":"closed","template":"","meta":{"om_disable_all_campaigns":false},"product_brand":[2284],"product_cat":[199,1818,1817],"product_tag":[3403,6020,3402,6025,6019,6028,6027,6011,6026,6007,2427,6000],"class_list":{"0":"post-15720","1":"product","2":"type-product","3":"status-publish","4":"has-post-thumbnail","6":"product_brand-staviori","7":"product_cat-kolczyki","8":"product_cat-srebrne-kolczyki","9":"product_cat-srebro-2","10":"product_tag-ear-cuff","11":"product_tag-gold-plated-ear-cuff","12":"product_tag-mankiet-do-ucha","13":"product_tag-mankiet-z-perla","14":"product_tag-mankiet-zloto","15":"product_tag-nausnice-perla","16":"product_tag-ohrmanschette-perle","17":"product_tag-ohrmanschette-vergoldet","18":"product_tag-pearl-ear-cuff","19":"product_tag-pozlacany-mankiet-do-ucha","20":"product_tag-srebro-925","21":"product_tag-stribrna-nausnice-manzeta","22":"pa_dostawca-karen-silver","23":"pa_kamien-masa-perlowa","24":"pa_kruszec-srebro","25":"pa_kruszec-srebro-pozlacane","26":"pa_proba-0-925","27":"pa_srednica-kulki-4mm","28":"pa_waga-038g","29":"pa_wysokosc-12mm","31":"first","32":"instock","33":"purchasable","34":"product-type-simple"},"aioseo_notices":[],"_links":{"self":[{"href":"https:\/\/staviori.com.pl\/cs\/wp-json\/wp\/v2\/product\/15720","targetHints":{"allow":["GET"]}}],"collection":[{"href":"https:\/\/staviori.com.pl\/cs\/wp-json\/wp\/v2\/product"}],"about":[{"href":"https:\/\/staviori.com.pl\/cs\/wp-json\/wp\/v2\/types\/product"}],"replies":[{"embeddable":true,"href":"https:\/\/staviori.com.pl\/cs\/wp-json\/wp\/v2\/comments?post=15720"}],"wp:featuredmedia":[{"embeddable":true,"href":"https:\/\/staviori.com.pl\/cs\/wp-json\/wp\/v2\/media\/11213"}],"wp:attachment":[{"href":"https:\/\/staviori.com.pl\/cs\/wp-json\/wp\/v2\/media?parent=15720"}],"wp:term":[{"taxonomy":"product_brand","embeddable":true,"href":"https:\/\/staviori.com.pl\/cs\/wp-json\/wp\/v2\/product_brand?post=15720"},{"taxonomy":"product_cat","embeddable":true,"href":"https:\/\/staviori.com.pl\/cs\/wp-json\/wp\/v2\/product_cat?post=15720"},{"taxonomy":"product_tag","embeddable":true,"href":"https:\/\/staviori.com.pl\/cs\/wp-json\/wp\/v2\/product_tag?post=15720"}],"curies":[{"name":"wp","href":"https:\/\/api.w.org\/{rel}","templated":true}]}}