{"id":15716,"date":"2025-02-24T22:49:39","date_gmt":"2025-02-24T21:49:39","guid":{"rendered":"https:\/\/staviori.com.pl\/product\/srebrne-kolczyki-sss5933r\/"},"modified":"2026-02-11T00:09:27","modified_gmt":"2026-02-10T23:09:27","slug":"srebrne-kolczyki-sss5933r","status":"publish","type":"product","link":"https:\/\/staviori.com.pl\/cs\/product\/srebrne-kolczyki-sss5933r\/","title":{"rendered":"U\u0161n\u00ed man\u017eeta s \u0159et\u00edzkem st\u0159\u00edbrn\u00e1, pozlacen\u00e1 r\u016f\u017eov\u00fdm zlatem"},"content":{"rendered":"<p>Model: SSS5933R<br \/>\nWaga ok. 0,50g<\/p>\n<p>Kolczyk \/ Mankiet do uszu<br \/>\nSrebro 0,925 pokryte r\u00f3\u017cowym z\u0142otem<\/p>\n<p>Szeroko\u015b\u0107 2.50 mm.<\/p>\n<p>Pi\u0119kny, d\u0142ugi mankiet do ucha, na ko\u0144cu wczepiany w inny kolczyk. Wykonany ze srebrna 0,925 i pokryty 18K z\u0142otem.<\/p>","protected":false},"excerpt":{"rendered":"<p>Stylowy mankiet do ucha z \u0142a\u0144cuszkiem to modny dodatek, kt\u00f3ry podkre\u015bli charakter ka\u017cdej stylizacji. Wykonany ze srebra pr\u00f3by 925 i pokryty r\u00f3\u017cowym z\u0142otem 18K, prezentuje si\u0119 lekko i oryginalnie. Delikatny \u0142a\u0144cuszek mo\u017cna zaczepi\u0107 o inny kolczyk, tworz\u0105c niepowtarzalny efekt. Idealny dla os\u00f3b ceni\u0105cych nowoczesn\u0105, nietuzinkow\u0105 bi\u017cuteri\u0119.<\/p>","protected":false},"featured_media":7803,"comment_status":"closed","ping_status":"closed","template":"","meta":{"om_disable_all_campaigns":false},"product_brand":[2284],"product_cat":[199,1818,1817],"product_tag":[3403,6023,3402,6008,6022,5929,6024,6017,6016,2427,6000],"class_list":{"0":"post-15716","1":"product","2":"type-product","3":"status-publish","4":"has-post-thumbnail","6":"product_brand-staviori","7":"product_cat-kolczyki","8":"product_cat-srebrne-kolczyki","9":"product_cat-srebro-2","10":"product_tag-ear-cuff","11":"product_tag-ear-cuff-with-chain","12":"product_tag-mankiet-do-ucha","13":"product_tag-mankiet-rozowe-zloto","14":"product_tag-mankiet-z-lancuszkiem","15":"product_tag-nausnice-ruzove-zlato","16":"product_tag-ohrmanschette-mit-kette","17":"product_tag-ohrmanschette-rosegold","18":"product_tag-rose-gold-ear-cuff","19":"product_tag-srebro-925","20":"product_tag-stribrna-nausnice-manzeta","21":"pa_dostawca-karen-silver","22":"pa_kruszec-srebro","23":"pa_kruszec-srebro-pozlacane","24":"pa_proba-0-925","25":"pa_szerokosc-2-50mm","26":"pa_waga-050g","28":"first","29":"instock","30":"purchasable","31":"product-type-simple"},"aioseo_notices":[],"_links":{"self":[{"href":"https:\/\/staviori.com.pl\/cs\/wp-json\/wp\/v2\/product\/15716","targetHints":{"allow":["GET"]}}],"collection":[{"href":"https:\/\/staviori.com.pl\/cs\/wp-json\/wp\/v2\/product"}],"about":[{"href":"https:\/\/staviori.com.pl\/cs\/wp-json\/wp\/v2\/types\/product"}],"replies":[{"embeddable":true,"href":"https:\/\/staviori.com.pl\/cs\/wp-json\/wp\/v2\/comments?post=15716"}],"wp:featuredmedia":[{"embeddable":true,"href":"https:\/\/staviori.com.pl\/cs\/wp-json\/wp\/v2\/media\/7803"}],"wp:attachment":[{"href":"https:\/\/staviori.com.pl\/cs\/wp-json\/wp\/v2\/media?parent=15716"}],"wp:term":[{"taxonomy":"product_brand","embeddable":true,"href":"https:\/\/staviori.com.pl\/cs\/wp-json\/wp\/v2\/product_brand?post=15716"},{"taxonomy":"product_cat","embeddable":true,"href":"https:\/\/staviori.com.pl\/cs\/wp-json\/wp\/v2\/product_cat?post=15716"},{"taxonomy":"product_tag","embeddable":true,"href":"https:\/\/staviori.com.pl\/cs\/wp-json\/wp\/v2\/product_tag?post=15716"}],"curies":[{"name":"wp","href":"https:\/\/api.w.org\/{rel}","templated":true}]}}