{"id":15714,"date":"2025-02-24T22:49:39","date_gmt":"2025-02-24T21:49:39","guid":{"rendered":"https:\/\/staviori.com.pl\/product\/srebrne-kolczyki-sss5930r\/"},"modified":"2026-02-11T00:09:27","modified_gmt":"2026-02-10T23:09:27","slug":"srebrne-kolczyki-sss5930r","status":"publish","type":"product","link":"https:\/\/staviori.com.pl\/cs\/product\/srebrne-kolczyki-sss5930r\/","title":{"rendered":"r\u016f\u017eov\u011b pozlacen\u00e9 st\u0159\u00edbro, minimalistick\u00e1 u\u0161n\u00ed man\u017eeta"},"content":{"rendered":"<p>Model: SSS5930R<br \/>\nHmotnost p\u0159ibli\u017en\u011b 0,65 g<\/p>\n<p>Kolczyk \/ Mankiet do uszu<br \/>\nSrebro 0,925 pokryte r\u00f3\u017cowym z\u0142otem<\/p>\n<p>Szeroko\u015b\u0107 1.45 mm.<br \/>\nWysoko\u015b\u0107 12.45 mm.<\/p>","protected":false},"excerpt":{"rendered":"<p>Subtiln\u00ed n\u00e1u\u0161nice ze st\u0159\u00edbra o ryzosti 925\/1000 pokoven\u00e1 r\u016f\u017eov\u00fdm zlatem je elegantn\u00ed volbou pro ty, kdo oce\u0148uj\u00ed minimalistick\u00fd styl. Jej\u00ed hladk\u00fd, \u0161t\u00edhl\u00fd tvar kr\u00e1sn\u011b zdob\u00ed ucho, ani\u017e by bylo nutn\u00e9 jej prop\u00edchnout. Ide\u00e1ln\u00ed pro ka\u017edodenn\u00ed styling i jako m\u00f3dn\u00ed akcent pro zvl\u00e1\u0161tn\u00ed p\u0159\u00edle\u017eitosti.<\/p>","protected":false},"featured_media":7797,"comment_status":"closed","ping_status":"closed","template":"","meta":{"om_disable_all_campaigns":false},"product_brand":[2284],"product_cat":[199,1818,1817],"product_tag":[3403,3402,6008,6018,5929,6017,6016,5997,2427,6000],"class_list":{"0":"post-15714","1":"product","2":"type-product","3":"status-publish","4":"has-post-thumbnail","6":"product_brand-staviori","7":"product_cat-kolczyki","8":"product_cat-srebrne-kolczyki","9":"product_cat-srebro-2","10":"product_tag-ear-cuff","11":"product_tag-mankiet-do-ucha","12":"product_tag-mankiet-rozowe-zloto","13":"product_tag-minimalistyczny-mankiet","14":"product_tag-nausnice-ruzove-zlato","15":"product_tag-ohrmanschette-rosegold","16":"product_tag-rose-gold-ear-cuff","17":"product_tag-srebrny-mankiet-do-ucha","18":"product_tag-srebro-925","19":"product_tag-stribrna-nausnice-manzeta","20":"pa_dostawca-karen-silver","21":"pa_kruszec-srebro","22":"pa_kruszec-srebro-pozlacane","23":"pa_proba-0-925","24":"pa_szerokosc-1-45mm","25":"pa_waga-065g","26":"pa_wysokosc-12-45mm","28":"first","29":"instock","30":"purchasable","31":"product-type-simple"},"aioseo_notices":[],"_links":{"self":[{"href":"https:\/\/staviori.com.pl\/cs\/wp-json\/wp\/v2\/product\/15714","targetHints":{"allow":["GET"]}}],"collection":[{"href":"https:\/\/staviori.com.pl\/cs\/wp-json\/wp\/v2\/product"}],"about":[{"href":"https:\/\/staviori.com.pl\/cs\/wp-json\/wp\/v2\/types\/product"}],"replies":[{"embeddable":true,"href":"https:\/\/staviori.com.pl\/cs\/wp-json\/wp\/v2\/comments?post=15714"}],"wp:featuredmedia":[{"embeddable":true,"href":"https:\/\/staviori.com.pl\/cs\/wp-json\/wp\/v2\/media\/7797"}],"wp:attachment":[{"href":"https:\/\/staviori.com.pl\/cs\/wp-json\/wp\/v2\/media?parent=15714"}],"wp:term":[{"taxonomy":"product_brand","embeddable":true,"href":"https:\/\/staviori.com.pl\/cs\/wp-json\/wp\/v2\/product_brand?post=15714"},{"taxonomy":"product_cat","embeddable":true,"href":"https:\/\/staviori.com.pl\/cs\/wp-json\/wp\/v2\/product_cat?post=15714"},{"taxonomy":"product_tag","embeddable":true,"href":"https:\/\/staviori.com.pl\/cs\/wp-json\/wp\/v2\/product_tag?post=15714"}],"curies":[{"name":"wp","href":"https:\/\/api.w.org\/{rel}","templated":true}]}}