{"id":15713,"date":"2025-02-24T22:49:36","date_gmt":"2025-02-24T21:49:36","guid":{"rendered":"https:\/\/staviori.com.pl\/product\/srebrne-kolczyki-sss5930\/"},"modified":"2026-02-11T00:09:27","modified_gmt":"2026-02-10T23:09:27","slug":"srebrne-kolczyki-sss5930","status":"publish","type":"product","link":"https:\/\/staviori.com.pl\/cs\/product\/srebrne-kolczyki-sss5930\/","title":{"rendered":"Minimalistick\u00e1 st\u0159\u00edbrn\u00e1 man\u017eeta do ucha"},"content":{"rendered":"<p>Model: SSS5930<br \/>\nHmotnost p\u0159ibli\u017en\u011b 0,65 g<\/p>\n<p>Kolczyk \/ Mankiet do uszu<br \/>\nSt\u0159\u00edbro 0,925.<\/p>\n<p>Szeroko\u015b\u0107 1.45 mm.<br \/>\nWysoko\u015b\u0107 12.45 mm.<\/p>","protected":false},"excerpt":{"rendered":"<p>Minimalistick\u00e1 st\u0159\u00edbrn\u00e1 man\u017eeta do u\u0161\u00ed je decentn\u00edm dopl\u0148kem, kter\u00fd dokonale podtrhne modern\u00ed styl. Je vyrobena ze st\u0159\u00edbra ryzosti 925\/1000 a vynik\u00e1 sv\u00fdm jednoduch\u00fdm, hladk\u00fdm tvarem a lehk\u00fdm proveden\u00edm. Ide\u00e1ln\u00ed volba pro ty, kte\u0159\u00ed maj\u00ed r\u00e1di jemn\u00e9 \u0161perky a cht\u011bj\u00ed si ozdobit ucho bez nutnosti propichov\u00e1n\u00ed.<\/p>","protected":false},"featured_media":7794,"comment_status":"closed","ping_status":"closed","template":"","meta":{"om_disable_all_campaigns":false},"product_brand":[2284],"product_cat":[199,1818,1817],"product_tag":[3403,6018,6001,6010,5998,5997,2427,6000],"class_list":{"0":"post-15713","1":"product","2":"type-product","3":"status-publish","4":"has-post-thumbnail","6":"product_brand-staviori","7":"product_cat-kolczyki","8":"product_cat-srebrne-kolczyki","9":"product_cat-srebro-2","10":"product_tag-ear-cuff","11":"product_tag-minimalistyczny-mankiet","12":"product_tag-nausnice-bez-propichnuti","13":"product_tag-ohrmanschette-silber","14":"product_tag-silver-ear-cuff","15":"product_tag-srebrny-mankiet-do-ucha","16":"product_tag-srebro-925","17":"product_tag-stribrna-nausnice-manzeta","18":"pa_dostawca-karen-silver","19":"pa_kruszec-srebro","20":"pa_kruszec-srebro-rodowane","21":"pa_proba-0-925","22":"pa_szerokosc-1-45mm","23":"pa_waga-065g","24":"pa_wysokosc-12-45mm","26":"first","27":"outofstock","28":"purchasable","29":"product-type-simple"},"aioseo_notices":[],"_links":{"self":[{"href":"https:\/\/staviori.com.pl\/cs\/wp-json\/wp\/v2\/product\/15713","targetHints":{"allow":["GET"]}}],"collection":[{"href":"https:\/\/staviori.com.pl\/cs\/wp-json\/wp\/v2\/product"}],"about":[{"href":"https:\/\/staviori.com.pl\/cs\/wp-json\/wp\/v2\/types\/product"}],"replies":[{"embeddable":true,"href":"https:\/\/staviori.com.pl\/cs\/wp-json\/wp\/v2\/comments?post=15713"}],"wp:featuredmedia":[{"embeddable":true,"href":"https:\/\/staviori.com.pl\/cs\/wp-json\/wp\/v2\/media\/7794"}],"wp:attachment":[{"href":"https:\/\/staviori.com.pl\/cs\/wp-json\/wp\/v2\/media?parent=15713"}],"wp:term":[{"taxonomy":"product_brand","embeddable":true,"href":"https:\/\/staviori.com.pl\/cs\/wp-json\/wp\/v2\/product_brand?post=15713"},{"taxonomy":"product_cat","embeddable":true,"href":"https:\/\/staviori.com.pl\/cs\/wp-json\/wp\/v2\/product_cat?post=15713"},{"taxonomy":"product_tag","embeddable":true,"href":"https:\/\/staviori.com.pl\/cs\/wp-json\/wp\/v2\/product_tag?post=15713"}],"curies":[{"name":"wp","href":"https:\/\/api.w.org\/{rel}","templated":true}]}}