{"id":15704,"date":"2025-02-24T22:49:36","date_gmt":"2025-02-24T21:49:36","guid":{"rendered":"https:\/\/staviori.com.pl\/product\/srebrne-kolczyki-sss5925y\/"},"modified":"2026-02-11T00:09:27","modified_gmt":"2026-02-10T23:09:27","slug":"srebrne-kolczyki-sss5925y","status":"publish","type":"product","link":"https:\/\/staviori.com.pl\/cs\/product\/srebrne-kolczyki-sss5925y\/","title":{"rendered":"Post\u0159\u00edb\u0159en\u00e9 pozlacen\u00e9 n\u00e1u\u0161nice ve tvaru diamantu"},"content":{"rendered":"<p>Model: SSS5925Y<br \/>\nHmotnost p\u0159ibli\u017en\u011b 0,65 g<\/p>\n<p>N\u00e1u\u0161nice.<br \/>\nSt\u0159\u00edbro 0,925.<br \/>\npokryt\u00e9 \u017elut\u00fdm zlatem<br \/>\nWymiary 8&#215;7 mm.<\/p>","protected":false},"excerpt":{"rendered":"<p>Jemn\u00e9 n\u00e1u\u0161nice ve tvaru diamant\u016f ze st\u0159\u00edbra a pokoven\u00e9 \u017elut\u00fdm zlatem jsou ide\u00e1ln\u00ed volbou pro milovn\u00edky modern\u00edch \u0161perk\u016f. A\u017eurov\u00fd tvar jim dod\u00e1v\u00e1 lehkost a originalitu a decentn\u00edm zp\u016fsobem podtrhuje eleganci. Skv\u011ble se hod\u00ed pro ka\u017edodenn\u00ed styling i pro zvl\u00e1\u0161tn\u00ed p\u0159\u00edle\u017eitosti.<\/p>","protected":false},"featured_media":7770,"comment_status":"closed","ping_status":"closed","template":"","meta":{"om_disable_all_campaigns":false},"product_brand":[2284],"product_cat":[199,1818,1817],"product_tag":[3179,5995,3829,5916,5994,5996,5917,3200,2942,2427,5988],"class_list":{"0":"post-15704","1":"product","2":"type-product","3":"status-publish","4":"has-post-thumbnail","6":"product_brand-staviori","7":"product_cat-kolczyki","8":"product_cat-srebrne-kolczyki","9":"product_cat-srebro-2","10":"product_tag-azurowe-kolczyki","11":"product_tag-diamant-ohrringe","12":"product_tag-diamond-earrings","13":"product_tag-gold-plated-earrings","14":"product_tag-kolczyki-diament","15":"product_tag-nausnice-diamant","16":"product_tag-ohrringe-vergoldet","17":"product_tag-pozlacane-kolczyki","18":"product_tag-srebrne-kolczyki","19":"product_tag-srebro-925","20":"product_tag-stribrne-nausnice-pozlacene","21":"pa_dostawca-karen-silver","22":"pa_kruszec-srebro","23":"pa_kruszec-srebro-pozlacane","24":"pa_proba-0-925","25":"pa_waga-065g","26":"pa_wymiary-8x7mm","27":"pa_zapiecie-sztyft","29":"first","30":"outofstock","31":"purchasable","32":"product-type-simple"},"aioseo_notices":[],"_links":{"self":[{"href":"https:\/\/staviori.com.pl\/cs\/wp-json\/wp\/v2\/product\/15704","targetHints":{"allow":["GET"]}}],"collection":[{"href":"https:\/\/staviori.com.pl\/cs\/wp-json\/wp\/v2\/product"}],"about":[{"href":"https:\/\/staviori.com.pl\/cs\/wp-json\/wp\/v2\/types\/product"}],"replies":[{"embeddable":true,"href":"https:\/\/staviori.com.pl\/cs\/wp-json\/wp\/v2\/comments?post=15704"}],"wp:featuredmedia":[{"embeddable":true,"href":"https:\/\/staviori.com.pl\/cs\/wp-json\/wp\/v2\/media\/7770"}],"wp:attachment":[{"href":"https:\/\/staviori.com.pl\/cs\/wp-json\/wp\/v2\/media?parent=15704"}],"wp:term":[{"taxonomy":"product_brand","embeddable":true,"href":"https:\/\/staviori.com.pl\/cs\/wp-json\/wp\/v2\/product_brand?post=15704"},{"taxonomy":"product_cat","embeddable":true,"href":"https:\/\/staviori.com.pl\/cs\/wp-json\/wp\/v2\/product_cat?post=15704"},{"taxonomy":"product_tag","embeddable":true,"href":"https:\/\/staviori.com.pl\/cs\/wp-json\/wp\/v2\/product_tag?post=15704"}],"curies":[{"name":"wp","href":"https:\/\/api.w.org\/{rel}","templated":true}]}}