{"id":15703,"date":"2025-02-24T22:49:36","date_gmt":"2025-02-24T21:49:36","guid":{"rendered":"https:\/\/staviori.com.pl\/product\/srebrne-kolczyki-sss5924\/"},"modified":"2026-02-11T00:09:27","modified_gmt":"2026-02-10T23:09:27","slug":"srebrne-kolczyki-sss5924","status":"publish","type":"product","link":"https:\/\/staviori.com.pl\/cs\/product\/srebrne-kolczyki-sss5924\/","title":{"rendered":"St\u0159\u00edbrn\u00e9 n\u00e1u\u0161nice s diamanty pota\u017een\u00e9 rhodiem 925"},"content":{"rendered":"<p>Model: SSS5924<br \/>\nHmotnost p\u0159ibli\u017en\u011b 2,45 g<\/p>\n<p>N\u00e1u\u0161nice.<br \/>\nSt\u0159\u00edbro 0,925.<\/p>\n<p>Szeroko\u015b\u0107 10.11 mm.<br \/>\nWysoko\u015b\u0107 11.66 mm.<\/p>","protected":false},"excerpt":{"rendered":"<p>Eleganckie srebrne kolczyki w kszta\u0142cie rombu to ponadczasowy dodatek dla ka\u017cdej kobiety. Wykonane ze srebra pr\u00f3by 925, zachwycaj\u0105 prostot\u0105 i minimalistycznym designem. Ich geometryczna forma nadaje nowoczesnego charakteru i sprawia, \u017ce \u015bwietnie pasuj\u0105 zar\u00f3wno do codziennych stylizacji, jak i eleganckich zestawie\u0144.<\/p>","protected":false},"featured_media":7767,"comment_status":"closed","ping_status":"closed","template":"","meta":{"om_disable_all_campaigns":false},"product_brand":[2284],"product_cat":[199,1818,1817],"product_tag":[5989,5992,5826,5991,5990,5820,2942,2427,5824],"class_list":{"0":"post-15703","1":"product","2":"type-product","3":"status-publish","4":"has-post-thumbnail","6":"product_brand-staviori","7":"product_cat-kolczyki","8":"product_cat-srebrne-kolczyki","9":"product_cat-srebro-2","10":"product_tag-kolczyki-romby","11":"product_tag-nausnice-kosoctverec","12":"product_tag-ohrringe-silber","13":"product_tag-rauten-ohrringe","14":"product_tag-rhombus-earrings","15":"product_tag-silver-earrings","16":"product_tag-srebrne-kolczyki","17":"product_tag-srebro-925","18":"product_tag-stribrne-nausnice","19":"pa_dostawca-karen-silver","20":"pa_kruszec-srebro","21":"pa_kruszec-srebro-rodowane","22":"pa_proba-0-925","23":"pa_szerokosc-10-11mm","24":"pa_waga-240g","25":"pa_wysokosc-11-66mm","26":"pa_zapiecie-sztyft","28":"first","29":"outofstock","30":"purchasable","31":"product-type-simple"},"aioseo_notices":[],"_links":{"self":[{"href":"https:\/\/staviori.com.pl\/cs\/wp-json\/wp\/v2\/product\/15703","targetHints":{"allow":["GET"]}}],"collection":[{"href":"https:\/\/staviori.com.pl\/cs\/wp-json\/wp\/v2\/product"}],"about":[{"href":"https:\/\/staviori.com.pl\/cs\/wp-json\/wp\/v2\/types\/product"}],"replies":[{"embeddable":true,"href":"https:\/\/staviori.com.pl\/cs\/wp-json\/wp\/v2\/comments?post=15703"}],"wp:featuredmedia":[{"embeddable":true,"href":"https:\/\/staviori.com.pl\/cs\/wp-json\/wp\/v2\/media\/7767"}],"wp:attachment":[{"href":"https:\/\/staviori.com.pl\/cs\/wp-json\/wp\/v2\/media?parent=15703"}],"wp:term":[{"taxonomy":"product_brand","embeddable":true,"href":"https:\/\/staviori.com.pl\/cs\/wp-json\/wp\/v2\/product_brand?post=15703"},{"taxonomy":"product_cat","embeddable":true,"href":"https:\/\/staviori.com.pl\/cs\/wp-json\/wp\/v2\/product_cat?post=15703"},{"taxonomy":"product_tag","embeddable":true,"href":"https:\/\/staviori.com.pl\/cs\/wp-json\/wp\/v2\/product_tag?post=15703"}],"curies":[{"name":"wp","href":"https:\/\/api.w.org\/{rel}","templated":true}]}}