{"id":15702,"date":"2025-02-24T22:49:36","date_gmt":"2025-02-24T21:49:36","guid":{"rendered":"https:\/\/staviori.com.pl\/product\/srebrne-kolczyki-sss5923y\/"},"modified":"2026-02-11T00:09:27","modified_gmt":"2026-02-10T23:09:27","slug":"srebrne-kolczyki-sss5923y","status":"publish","type":"product","link":"https:\/\/staviori.com.pl\/cs\/product\/srebrne-kolczyki-sss5923y\/","title":{"rendered":"Post\u0159\u00edb\u0159en\u00e9 pozlacen\u00e9 ananasov\u00e9 n\u00e1u\u0161nice s puzetov\u00fdm zap\u00edn\u00e1n\u00edm"},"content":{"rendered":"<p>Model: SSS5923Y<br \/>\nHmotnost p\u0159ibli\u017en\u011b 1,40 g<\/p>\n<p>N\u00e1u\u0161nice.<br \/>\nSt\u0159\u00edbro 0.925 pokoven\u00e9 \u017elut\u00fdm zlatem<\/p>\n<p>Szeroko\u015b\u0107 6.54 mm.<br \/>\nWysoko\u015b\u0107 11.86 mm.<\/p>","protected":false},"excerpt":{"rendered":"<p>Kolczyki w kszta\u0142cie ananasa to bi\u017cuteria pe\u0142na rado\u015bci i wyj\u0105tkowego uroku. Wykonane ze srebra pr\u00f3by 925 i pokryte \u017c\u00f3\u0142tym z\u0142otem, zachwycaj\u0105 subtelnym po\u0142yskiem oraz oryginalnym wzorem. Idealne na co dzie\u0144, jak i do letnich stylizacji, wnosz\u0105 nut\u0119 egzotyki i \u015bwie\u017co\u015bci do ka\u017cdej kreacji.<\/p>","protected":false},"featured_media":7764,"comment_status":"closed","ping_status":"closed","template":"","meta":{"om_disable_all_campaigns":false},"product_brand":[2284],"product_cat":[199,1818,1817],"product_tag":[5986,5916,5984,5987,5917,5985,3200,2942,2427,5988],"class_list":{"0":"post-15702","1":"product","2":"type-product","3":"status-publish","4":"has-post-thumbnail","6":"product_brand-staviori","7":"product_cat-kolczyki","8":"product_cat-srebrne-kolczyki","9":"product_cat-srebro-2","10":"product_tag-ananas-ohrringe","11":"product_tag-gold-plated-earrings","12":"product_tag-kolczyki-ananas","13":"product_tag-nausnice-ananas","14":"product_tag-ohrringe-vergoldet","15":"product_tag-pineapple-earrings","16":"product_tag-pozlacane-kolczyki","17":"product_tag-srebrne-kolczyki","18":"product_tag-srebro-925","19":"product_tag-stribrne-nausnice-pozlacene","20":"pa_dostawca-karen-silver","21":"pa_kruszec-srebro","22":"pa_kruszec-srebro-pozlacane","23":"pa_motyw-ananas","24":"pa_motyw-owoc","25":"pa_proba-0-925","26":"pa_szerokosc-6-54mm","27":"pa_waga-140g","28":"pa_wysokosc-11-86mm","29":"pa_zapiecie-sztyft","31":"first","32":"instock","33":"purchasable","34":"product-type-simple"},"aioseo_notices":[],"_links":{"self":[{"href":"https:\/\/staviori.com.pl\/cs\/wp-json\/wp\/v2\/product\/15702","targetHints":{"allow":["GET"]}}],"collection":[{"href":"https:\/\/staviori.com.pl\/cs\/wp-json\/wp\/v2\/product"}],"about":[{"href":"https:\/\/staviori.com.pl\/cs\/wp-json\/wp\/v2\/types\/product"}],"replies":[{"embeddable":true,"href":"https:\/\/staviori.com.pl\/cs\/wp-json\/wp\/v2\/comments?post=15702"}],"wp:featuredmedia":[{"embeddable":true,"href":"https:\/\/staviori.com.pl\/cs\/wp-json\/wp\/v2\/media\/7764"}],"wp:attachment":[{"href":"https:\/\/staviori.com.pl\/cs\/wp-json\/wp\/v2\/media?parent=15702"}],"wp:term":[{"taxonomy":"product_brand","embeddable":true,"href":"https:\/\/staviori.com.pl\/cs\/wp-json\/wp\/v2\/product_brand?post=15702"},{"taxonomy":"product_cat","embeddable":true,"href":"https:\/\/staviori.com.pl\/cs\/wp-json\/wp\/v2\/product_cat?post=15702"},{"taxonomy":"product_tag","embeddable":true,"href":"https:\/\/staviori.com.pl\/cs\/wp-json\/wp\/v2\/product_tag?post=15702"}],"curies":[{"name":"wp","href":"https:\/\/api.w.org\/{rel}","templated":true}]}}