{"id":15698,"date":"2025-02-24T22:49:36","date_gmt":"2025-02-24T21:49:36","guid":{"rendered":"https:\/\/staviori.com.pl\/product\/srebrne-kolczyki-sss5920y\/"},"modified":"2026-02-11T00:09:27","modified_gmt":"2026-02-10T23:09:27","slug":"srebrne-kolczyki-sss5920y","status":"publish","type":"product","link":"https:\/\/staviori.com.pl\/cs\/product\/srebrne-kolczyki-sss5920y\/","title":{"rendered":"St\u0159\u00edbrn\u00e9 n\u00e1u\u0161nice SSS5920Y"},"content":{"rendered":"<p>Model: SSS5920Y<br \/>\nWaga ok. 6,84g<\/p>\n<p>N\u00e1u\u0161nice.<br \/>\nSrebro 925 pokryte \u017c\u00f3\u0142tym z\u0142otem<\/p>\n<p>\u0160\u00ed\u0159ka 25 mm.<br \/>\nWysoko\u015b\u0107 37 mm.<\/p>\n<p>Wyj\u0105tkowe srebrne kolczyki pokryte 18K \u017c\u00f3\u0142tym z\u0142otem. Kolczyki s\u0105 bardzo eleganckie, o geometrycznej sylwetce i kosmopolitycznym stylu.<\/p>","protected":false},"excerpt":{"rendered":"<p>Wyj\u0105tkowe kolczyki wykonane ze srebra pr\u00f3by 0,925 i pokryte 18-karatowym \u017c\u00f3\u0142tym z\u0142otem. Ich geometryczny, kosmopolityczny design w kszta\u0142cie p\u00f3\u0142okr\u0119gu zachwyca elegancj\u0105 i stylem. Teksturowana powierzchnia dodaje im nowoczesnego charakteru. Kolczyki zapinane s\u0105 na klasyczne bigle, co zapewnia wygod\u0119 i bezpiecze\u0144stwo noszenia.<\/p>","protected":false},"featured_media":7755,"comment_status":"closed","ping_status":"closed","template":"","meta":{"om_disable_all_campaigns":false},"product_brand":[2284],"product_cat":[199,1818,1817],"product_tag":[5973,5829,5916,3133,3158,5972,3568,5830,5974,5914,2427,5905],"class_list":{"0":"post-15698","1":"product","2":"type-product","3":"status-publish","4":"has-post-thumbnail","6":"product_brand-staviori","7":"product_cat-kolczyki","8":"product_cat-srebrne-kolczyki","9":"product_cat-srebro-2","10":"product_tag-french-hook-earrings","11":"product_tag-geometric-earrings","12":"product_tag-gold-plated-earrings","13":"product_tag-kolczyki-eleganckie","14":"product_tag-kolczyki-geometryczne","15":"product_tag-kolczyki-z-biglem","16":"product_tag-kolczyki-zolte-zloto","17":"product_tag-nausnice-geometricke","18":"product_tag-ohrringe-geometrisch","19":"product_tag-srebrne-kolczyki-pozlacane","20":"product_tag-srebro-925","21":"product_tag-sterling-silver","22":"pa_dostawca-karen-silver","23":"pa_kruszec-srebro","24":"pa_kruszec-srebro-pozlacane","25":"pa_proba-0-925","26":"pa_szerokosc-25mm","27":"pa_waga-680g","28":"pa_wysokosc-37mm","29":"pa_zapiecie-bigiel","30":"pa_zapiecie-bigiel-zamniety","32":"first","33":"instock","34":"purchasable","35":"product-type-simple"},"aioseo_notices":[],"_links":{"self":[{"href":"https:\/\/staviori.com.pl\/cs\/wp-json\/wp\/v2\/product\/15698","targetHints":{"allow":["GET"]}}],"collection":[{"href":"https:\/\/staviori.com.pl\/cs\/wp-json\/wp\/v2\/product"}],"about":[{"href":"https:\/\/staviori.com.pl\/cs\/wp-json\/wp\/v2\/types\/product"}],"replies":[{"embeddable":true,"href":"https:\/\/staviori.com.pl\/cs\/wp-json\/wp\/v2\/comments?post=15698"}],"wp:featuredmedia":[{"embeddable":true,"href":"https:\/\/staviori.com.pl\/cs\/wp-json\/wp\/v2\/media\/7755"}],"wp:attachment":[{"href":"https:\/\/staviori.com.pl\/cs\/wp-json\/wp\/v2\/media?parent=15698"}],"wp:term":[{"taxonomy":"product_brand","embeddable":true,"href":"https:\/\/staviori.com.pl\/cs\/wp-json\/wp\/v2\/product_brand?post=15698"},{"taxonomy":"product_cat","embeddable":true,"href":"https:\/\/staviori.com.pl\/cs\/wp-json\/wp\/v2\/product_cat?post=15698"},{"taxonomy":"product_tag","embeddable":true,"href":"https:\/\/staviori.com.pl\/cs\/wp-json\/wp\/v2\/product_tag?post=15698"}],"curies":[{"name":"wp","href":"https:\/\/api.w.org\/{rel}","templated":true}]}}