{"id":15697,"date":"2025-02-24T22:49:36","date_gmt":"2025-02-24T21:49:36","guid":{"rendered":"https:\/\/staviori.com.pl\/product\/srebrne-kolczyki-sss5918y\/"},"modified":"2026-02-11T00:09:27","modified_gmt":"2026-02-10T23:09:27","slug":"srebrne-kolczyki-sss5918y","status":"publish","type":"product","link":"https:\/\/staviori.com.pl\/cs\/product\/srebrne-kolczyki-sss5918y\/","title":{"rendered":"Post\u0159\u00edb\u0159en\u00e9 tepan\u00e9 n\u00e1u\u0161nice s kopul\u00ed"},"content":{"rendered":"<p>Model: SSS5918Y<br \/>\nWaga ok. 3,25g<\/p>\n<p>N\u00e1u\u0161nice.<br \/>\nSrebro 925 pokryte \u017c\u00f3\u0142tym z\u0142otem<\/p>\n<p>Szeroko\u015b\u0107 4.5 mm.<br \/>\n\u015arednica 11 mm.<\/p>\n<p>Pi\u0119kne, m\u0142otkowane kolczyki kopu\u0142kowe prezentuj\u0105 si\u0119 doskonale. Wykonane z wysokiej jako\u015bci srebra pr\u00f3by 925, pokryte 18-K z\u0142otem z eleganckim, polerowanym wyko\u0144czeniem. B\u0119d\u0105 wspania\u0142ym uzupe\u0142nieniem stylizacji zar\u00f3wno na codzie\u0144 jak i na wyj\u0105tkowe okazje.<\/p>","protected":false},"excerpt":{"rendered":"<p>Eleganckie kolczyki kopu\u0142kowe wykonane ze srebra pr\u00f3by 0,925, pokryte 18-karatowym \u017c\u00f3\u0142tym z\u0142otem. M\u0142otkowana powierzchnia nadaje im wyj\u0105tkowego charakteru i pi\u0119knie odbija \u015bwiat\u0142o. Idealne jako modny akcent codziennych stylizacji oraz szykowny dodatek na wyj\u0105tkowe okazje.<\/p>","protected":false},"featured_media":7752,"comment_status":"closed","ping_status":"closed","template":"","meta":{"om_disable_all_campaigns":false},"product_brand":[2284],"product_cat":[199,1818,1817],"product_tag":[5969,2660,5916,5965,5968,3440,3568,3718,5971,5970,5914,2427,5905],"class_list":{"0":"post-15697","1":"product","2":"type-product","3":"status-publish","4":"has-post-thumbnail","6":"product_brand-staviori","7":"product_cat-kolczyki","8":"product_cat-srebrne-kolczyki","9":"product_cat-srebro-2","10":"product_tag-dome-earrings","11":"product_tag-eleganckie-kolczyki","12":"product_tag-gold-plated-earrings","13":"product_tag-hammered-earrings","14":"product_tag-kolczyki-kopulkowe","15":"product_tag-kolczyki-mlotkowane","16":"product_tag-kolczyki-zolte-zloto","17":"product_tag-modne-kolczyki","18":"product_tag-nausnice-kopulove-zlato","19":"product_tag-ohrringe-gehammert-gold","20":"product_tag-srebrne-kolczyki-pozlacane","21":"product_tag-srebro-925","22":"product_tag-sterling-silver","23":"pa_dostawca-karen-silver","24":"pa_kruszec-srebro","25":"pa_kruszec-srebro-pozlacane","26":"pa_proba-0-925","27":"pa_srednica-11mm","28":"pa_szerokosc-4-5mm","29":"pa_waga-320g","30":"pa_zapiecie-sztyft","32":"first","33":"instock","34":"purchasable","35":"product-type-simple"},"aioseo_notices":[],"_links":{"self":[{"href":"https:\/\/staviori.com.pl\/cs\/wp-json\/wp\/v2\/product\/15697","targetHints":{"allow":["GET"]}}],"collection":[{"href":"https:\/\/staviori.com.pl\/cs\/wp-json\/wp\/v2\/product"}],"about":[{"href":"https:\/\/staviori.com.pl\/cs\/wp-json\/wp\/v2\/types\/product"}],"replies":[{"embeddable":true,"href":"https:\/\/staviori.com.pl\/cs\/wp-json\/wp\/v2\/comments?post=15697"}],"wp:featuredmedia":[{"embeddable":true,"href":"https:\/\/staviori.com.pl\/cs\/wp-json\/wp\/v2\/media\/7752"}],"wp:attachment":[{"href":"https:\/\/staviori.com.pl\/cs\/wp-json\/wp\/v2\/media?parent=15697"}],"wp:term":[{"taxonomy":"product_brand","embeddable":true,"href":"https:\/\/staviori.com.pl\/cs\/wp-json\/wp\/v2\/product_brand?post=15697"},{"taxonomy":"product_cat","embeddable":true,"href":"https:\/\/staviori.com.pl\/cs\/wp-json\/wp\/v2\/product_cat?post=15697"},{"taxonomy":"product_tag","embeddable":true,"href":"https:\/\/staviori.com.pl\/cs\/wp-json\/wp\/v2\/product_tag?post=15697"}],"curies":[{"name":"wp","href":"https:\/\/api.w.org\/{rel}","templated":true}]}}