{"id":15695,"date":"2025-02-24T22:49:36","date_gmt":"2025-02-24T21:49:36","guid":{"rendered":"https:\/\/staviori.com.pl\/product\/srebrne-kolczyki-sss5915y\/"},"modified":"2026-02-11T00:09:27","modified_gmt":"2026-02-10T23:09:27","slug":"srebrne-kolczyki-sss5915y","status":"publish","type":"product","link":"https:\/\/staviori.com.pl\/cs\/product\/srebrne-kolczyki-sss5915y\/","title":{"rendered":"St\u0159\u00edbrn\u00e9 \u010dtvercov\u00e9 n\u00e1u\u0161nice | pozlacen\u00e9 zlato"},"content":{"rendered":"<p>Model: SSS5915Y<br \/>\nWaga ok. 2,22g<\/p>\n<p>N\u00e1u\u0161nice.<br \/>\nSrebro 925 pokryte \u017c\u00f3\u0142tym z\u0142otem<\/p>\n<p>Szeroko\u015b\u0107 10 mm.<br \/>\nV\u00fd\u0161ka 10 mm.<\/p>\n<p>Tyto jedine\u010dn\u00e9 st\u0159\u00edbrn\u00e9 \u010dtvercov\u00e9 obru\u010de jsou tak stylov\u00e9, \u017ee si je ur\u010dit\u011b zamilujete. Jsou velmi m\u00f3dn\u00ed a ide\u00e1ln\u00ed pro ka\u017edodenn\u00ed no\u0161en\u00ed.<\/p>","protected":false},"excerpt":{"rendered":"<p>Stylowe kolczyki w formie kwadratowych obr\u0119czy, wykonane ze srebra pr\u00f3by 0,925 i pokryte \u017c\u00f3\u0142tym z\u0142otem. Geometryczny design nadaje im nowoczesnego charakteru, a zarazem elegancji. Idealne zar\u00f3wno na co dzie\u0144, jak i do bardziej wyrafinowanych stylizacji.<\/p>","protected":false},"featured_media":7743,"comment_status":"closed","ping_status":"closed","template":"","meta":{"om_disable_all_campaigns":false},"product_brand":[2284],"product_cat":[199,1818,1817],"product_tag":[5916,3847,3158,5959,3542,3568,3718,5964,5963,5960,5914,2427,5905],"class_list":{"0":"post-15695","1":"product","2":"type-product","3":"status-publish","4":"has-post-thumbnail","6":"product_brand-staviori","7":"product_cat-kolczyki","8":"product_cat-srebrne-kolczyki","9":"product_cat-srebro-2","10":"product_tag-gold-plated-earrings","11":"product_tag-hoop-earrings","12":"product_tag-kolczyki-geometryczne","13":"product_tag-kolczyki-kwadratowe","14":"product_tag-kolczyki-obrecze","15":"product_tag-kolczyki-zolte-zloto","16":"product_tag-modne-kolczyki","17":"product_tag-nausnice-ctvercove-zlato","18":"product_tag-ohrringe-quadrat-gold","19":"product_tag-square-earrings","20":"product_tag-srebrne-kolczyki-pozlacane","21":"product_tag-srebro-925","22":"product_tag-sterling-silver","23":"pa_dostawca-karen-silver","24":"pa_kruszec-srebro","25":"pa_kruszec-srebro-pozlacane","26":"pa_proba-0-925","27":"pa_szerokosc-10mm","28":"pa_waga-220g","29":"pa_wysokosc-10mm","30":"pa_zapiecie-angielskie","32":"first","33":"instock","34":"purchasable","35":"product-type-simple"},"aioseo_notices":[],"_links":{"self":[{"href":"https:\/\/staviori.com.pl\/cs\/wp-json\/wp\/v2\/product\/15695","targetHints":{"allow":["GET"]}}],"collection":[{"href":"https:\/\/staviori.com.pl\/cs\/wp-json\/wp\/v2\/product"}],"about":[{"href":"https:\/\/staviori.com.pl\/cs\/wp-json\/wp\/v2\/types\/product"}],"replies":[{"embeddable":true,"href":"https:\/\/staviori.com.pl\/cs\/wp-json\/wp\/v2\/comments?post=15695"}],"wp:featuredmedia":[{"embeddable":true,"href":"https:\/\/staviori.com.pl\/cs\/wp-json\/wp\/v2\/media\/7743"}],"wp:attachment":[{"href":"https:\/\/staviori.com.pl\/cs\/wp-json\/wp\/v2\/media?parent=15695"}],"wp:term":[{"taxonomy":"product_brand","embeddable":true,"href":"https:\/\/staviori.com.pl\/cs\/wp-json\/wp\/v2\/product_brand?post=15695"},{"taxonomy":"product_cat","embeddable":true,"href":"https:\/\/staviori.com.pl\/cs\/wp-json\/wp\/v2\/product_cat?post=15695"},{"taxonomy":"product_tag","embeddable":true,"href":"https:\/\/staviori.com.pl\/cs\/wp-json\/wp\/v2\/product_tag?post=15695"}],"curies":[{"name":"wp","href":"https:\/\/api.w.org\/{rel}","templated":true}]}}