{"id":15693,"date":"2025-02-24T22:49:32","date_gmt":"2025-02-24T21:49:32","guid":{"rendered":"https:\/\/staviori.com.pl\/product\/srebrne-kolczyki-sss5912y\/"},"modified":"2026-02-11T00:09:26","modified_gmt":"2026-02-10T23:09:26","slug":"srebrne-kolczyki-sss5912y","status":"publish","type":"product","link":"https:\/\/staviori.com.pl\/cs\/product\/srebrne-kolczyki-sss5912y\/","title":{"rendered":"Kr\u00e1sn\u00e9 puzetov\u00e9 n\u00e1u\u0161nice - v\u00e1\u017eky - post\u0159\u00edb\u0159en\u00e9 | zlato"},"content":{"rendered":"<p>Model: SSS5912Y<br \/>\nHmotnost p\u0159ibli\u017en\u011b 0,90 g<\/p>\n<p>N\u00e1u\u0161nice.<br \/>\nSrebro 925 pokryte \u017c\u00f3\u0142tym z\u0142otem<\/p>\n<p>Szeroko\u015b\u0107 10 mm.<br \/>\nWysoko\u015b\u0107 5.5 mm.<\/p>\n<p>Ta czaruj\u0105ca para srebrnych kolczyk\u00f3w ozdobiona jest skrzydlat\u0105 wa\u017ck\u0105 uchwycon\u0105 w locie. Kolczyki idealnie nadaj\u0105 si\u0119 na codzie\u0144. Maj\u0105 wiele uroku!<\/p>","protected":false},"excerpt":{"rendered":"<p>Urocze kolczyki w kszta\u0142cie wa\u017cki wykonane ze srebra pr\u00f3by 0,925 i pokryte \u017c\u00f3\u0142tym z\u0142otem. Subtelny motyw natury uchwycony w locie nadaje im lekko\u015bci i wyj\u0105tkowego wdzi\u0119ku. Doskona\u0142e jako codzienny dodatek, kt\u00f3ry doda stylizacji elegancji i \u015bwie\u017co\u015bci.<\/p>","protected":false},"featured_media":7737,"comment_status":"closed","ping_status":"closed","template":"","meta":{"om_disable_all_campaigns":false},"product_brand":[2284],"product_cat":[199,1818,1817],"product_tag":[2858,5952,5916,5844,3512,3568,5903,5958,5957,5914,2427,5905],"class_list":{"0":"post-15693","1":"product","2":"type-product","3":"status-publish","4":"has-post-thumbnail","6":"product_brand-staviori","7":"product_cat-kolczyki","8":"product_cat-srebrne-kolczyki","9":"product_cat-srebro-2","10":"product_tag-delikatne-kolczyki","11":"product_tag-dragonfly-earrings","12":"product_tag-gold-plated-earrings","13":"product_tag-kolczyki-natura","14":"product_tag-kolczyki-wazki","15":"product_tag-kolczyki-zolte-zloto","16":"product_tag-kolczyki-zwierzatka","17":"product_tag-nausnice-vazka-zlato","18":"product_tag-ohrringe-libelle-gold","19":"product_tag-srebrne-kolczyki-pozlacane","20":"product_tag-srebro-925","21":"product_tag-sterling-silver","22":"pa_dostawca-karen-silver","23":"pa_kruszec-srebro","24":"pa_kruszec-srebro-pozlacane","25":"pa_motyw-wazka","26":"pa_proba-0-925","27":"pa_szerokosc-10mm","28":"pa_waga-090g","29":"pa_wysokosc-5-5mm","30":"pa_zapiecie-sztyft","32":"first","33":"instock","34":"purchasable","35":"product-type-simple"},"aioseo_notices":[],"_links":{"self":[{"href":"https:\/\/staviori.com.pl\/cs\/wp-json\/wp\/v2\/product\/15693","targetHints":{"allow":["GET"]}}],"collection":[{"href":"https:\/\/staviori.com.pl\/cs\/wp-json\/wp\/v2\/product"}],"about":[{"href":"https:\/\/staviori.com.pl\/cs\/wp-json\/wp\/v2\/types\/product"}],"replies":[{"embeddable":true,"href":"https:\/\/staviori.com.pl\/cs\/wp-json\/wp\/v2\/comments?post=15693"}],"wp:featuredmedia":[{"embeddable":true,"href":"https:\/\/staviori.com.pl\/cs\/wp-json\/wp\/v2\/media\/7737"}],"wp:attachment":[{"href":"https:\/\/staviori.com.pl\/cs\/wp-json\/wp\/v2\/media?parent=15693"}],"wp:term":[{"taxonomy":"product_brand","embeddable":true,"href":"https:\/\/staviori.com.pl\/cs\/wp-json\/wp\/v2\/product_brand?post=15693"},{"taxonomy":"product_cat","embeddable":true,"href":"https:\/\/staviori.com.pl\/cs\/wp-json\/wp\/v2\/product_cat?post=15693"},{"taxonomy":"product_tag","embeddable":true,"href":"https:\/\/staviori.com.pl\/cs\/wp-json\/wp\/v2\/product_tag?post=15693"}],"curies":[{"name":"wp","href":"https:\/\/api.w.org\/{rel}","templated":true}]}}