{"id":15692,"date":"2025-02-24T22:49:32","date_gmt":"2025-02-24T21:49:32","guid":{"rendered":"https:\/\/staviori.com.pl\/product\/srebrne-kolczyki-sss5912r\/"},"modified":"2026-02-11T00:09:26","modified_gmt":"2026-02-10T23:09:26","slug":"srebrne-kolczyki-sss5912r","status":"publish","type":"product","link":"https:\/\/staviori.com.pl\/cs\/product\/srebrne-kolczyki-sss5912r\/","title":{"rendered":"Kr\u00e1sn\u00e9 puzetov\u00e9 n\u00e1u\u0161nice - v\u00e1\u017eky - post\u0159\u00edb\u0159en\u00e9 | r\u016f\u017eov\u00e1"},"content":{"rendered":"<p>Model: SSS5912R<br \/>\nHmotnost p\u0159ibli\u017en\u011b 0,90 g<\/p>\n<p>N\u00e1u\u0161nice.<br \/>\nSrebro 925 pokryte r\u00f3\u017cowym z\u0142otem<\/p>\n<p>Szeroko\u015b\u0107 10 mm.<br \/>\nWysoko\u015b\u0107 5.5 mm.<\/p>\n<p>Czaruj\u0105ce kolczyki w kszta\u0142cie wa\u017cki uchwyconej w locie. Idealne na codzie\u0144. Maj\u0105 wiele uroku!<\/p>","protected":false},"excerpt":{"rendered":"<p>Delikatne kolczyki w kszta\u0142cie wa\u017cki wykonane ze srebra pr\u00f3by 0,925 i pokryte r\u00f3\u017cowym z\u0142otem. Subtelny motyw natury w eleganckim wydaniu sprawia, \u017ce s\u0105 idealnym dodatkiem na co dzie\u0144. Ich lekki blask i wdzi\u0119czny kszta\u0142t dodaj\u0105 romantycznego uroku ka\u017cdej stylizacji.<\/p>","protected":false},"featured_media":7734,"comment_status":"closed","ping_status":"closed","template":"","meta":{"om_disable_all_campaigns":false},"product_brand":[2284],"product_cat":[199,1818,1817],"product_tag":[2858,5952,5844,3270,3512,5903,5956,5955,5927,5914,2427,5905],"class_list":{"0":"post-15692","1":"product","2":"type-product","3":"status-publish","4":"has-post-thumbnail","6":"product_brand-staviori","7":"product_cat-kolczyki","8":"product_cat-srebrne-kolczyki","9":"product_cat-srebro-2","10":"product_tag-delikatne-kolczyki","11":"product_tag-dragonfly-earrings","12":"product_tag-kolczyki-natura","13":"product_tag-kolczyki-rozowe-zloto","14":"product_tag-kolczyki-wazki","15":"product_tag-kolczyki-zwierzatka","16":"product_tag-nausnice-vazka-ruzove-zlato","17":"product_tag-ohrringe-libelle-rosegold","18":"product_tag-rose-gold-earrings","19":"product_tag-srebrne-kolczyki-pozlacane","20":"product_tag-srebro-925","21":"product_tag-sterling-silver","22":"pa_dostawca-karen-silver","23":"pa_kruszec-srebro","24":"pa_kruszec-srebro-pozlacane","25":"pa_motyw-wazka","26":"pa_proba-0-925","27":"pa_szerokosc-10mm","28":"pa_waga-090g","29":"pa_wysokosc-5-5mm","30":"pa_zapiecie-sztyft","32":"first","33":"instock","34":"purchasable","35":"product-type-simple"},"aioseo_notices":[],"_links":{"self":[{"href":"https:\/\/staviori.com.pl\/cs\/wp-json\/wp\/v2\/product\/15692","targetHints":{"allow":["GET"]}}],"collection":[{"href":"https:\/\/staviori.com.pl\/cs\/wp-json\/wp\/v2\/product"}],"about":[{"href":"https:\/\/staviori.com.pl\/cs\/wp-json\/wp\/v2\/types\/product"}],"replies":[{"embeddable":true,"href":"https:\/\/staviori.com.pl\/cs\/wp-json\/wp\/v2\/comments?post=15692"}],"wp:featuredmedia":[{"embeddable":true,"href":"https:\/\/staviori.com.pl\/cs\/wp-json\/wp\/v2\/media\/7734"}],"wp:attachment":[{"href":"https:\/\/staviori.com.pl\/cs\/wp-json\/wp\/v2\/media?parent=15692"}],"wp:term":[{"taxonomy":"product_brand","embeddable":true,"href":"https:\/\/staviori.com.pl\/cs\/wp-json\/wp\/v2\/product_brand?post=15692"},{"taxonomy":"product_cat","embeddable":true,"href":"https:\/\/staviori.com.pl\/cs\/wp-json\/wp\/v2\/product_cat?post=15692"},{"taxonomy":"product_tag","embeddable":true,"href":"https:\/\/staviori.com.pl\/cs\/wp-json\/wp\/v2\/product_tag?post=15692"}],"curies":[{"name":"wp","href":"https:\/\/api.w.org\/{rel}","templated":true}]}}