{"id":15690,"date":"2025-02-24T22:49:32","date_gmt":"2025-02-24T21:49:32","guid":{"rendered":"https:\/\/staviori.com.pl\/product\/srebrne-kolczyki-sss5909y\/"},"modified":"2026-02-11T00:09:26","modified_gmt":"2026-02-10T23:09:26","slug":"srebrne-kolczyki-sss5909y","status":"publish","type":"product","link":"https:\/\/staviori.com.pl\/cs\/product\/srebrne-kolczyki-sss5909y\/","title":{"rendered":"N\u00e1u\u0161nice k\u0159\u00ed\u017eek na puzet\u011b, post\u0159\u00edb\u0159en\u00e9 | zlato"},"content":{"rendered":"<p>Model: SSS5909Y<br \/>\nWaga ok. 0,61g<\/p>\n<p>N\u00e1u\u0161nice.<br \/>\nSrebro 925 pokryte \u017c\u00f3\u0142tym z\u0142otem<\/p>\n<p>\u0160\u00ed\u0159ka 6 mm.<br \/>\nWysoko\u015b\u0107 8 mm.<\/p>\n<p>Ponadczasowy symbol nadziei, wiary i odnowy, Te srebrne kolczyki pomog\u0105 od\u015bwie\u017cy\u0107 ducha ka\u017cdemu, kto je nosi. S\u0105 idealne do ko\u015bcio\u0142a, s\u0105 r\u00f3wnie\u017c pi\u0119knie wykonane w celu wygodnego noszenia na codzie\u0144.<\/p>","protected":false},"excerpt":{"rendered":"<p>Klasick\u00e9 n\u00e1u\u0161nice ve tvaru k\u0159\u00ed\u017eku ze st\u0159\u00edbra s povrchovou \u00fapravou \u017elut\u00fdm zlatem. Symbol v\u00edry, nad\u011bje a obnovy, kter\u00fd se uplatn\u00ed jako decentn\u00ed ka\u017edodenn\u00ed ozdoba i jedine\u010dn\u00fd \u0161perk pro slavnostn\u00ed p\u0159\u00edle\u017eitosti. Jednoduch\u00fd a elegantn\u00ed tvar jim dod\u00e1v\u00e1 nad\u010dasov\u00fd charakter.<\/p>","protected":false},"featured_media":7729,"comment_status":"closed","ping_status":"closed","template":"","meta":{"om_disable_all_campaigns":false},"product_brand":[2284],"product_cat":[199,1818,1817],"product_tag":[5947,5916,3073,3197,5946,3568,5951,5950,5914,2427,5905],"class_list":{"0":"post-15690","1":"product","2":"type-product","3":"status-publish","4":"has-post-thumbnail","6":"product_brand-staviori","7":"product_cat-kolczyki","8":"product_cat-srebrne-kolczyki","9":"product_cat-srebro-2","10":"product_tag-cross-earrings","11":"product_tag-gold-plated-earrings","12":"product_tag-kolczyki-krzyzyki","13":"product_tag-kolczyki-minimalistyczne","14":"product_tag-kolczyki-religijne","15":"product_tag-kolczyki-zolte-zloto","16":"product_tag-nausnice-krizek-zlato","17":"product_tag-ohrringe-kreuz-gold","18":"product_tag-srebrne-kolczyki-pozlacane","19":"product_tag-srebro-925","20":"product_tag-sterling-silver","21":"pa_dostawca-karen-silver","22":"pa_kruszec-srebro","23":"pa_kruszec-srebro-pozlacane","24":"pa_motyw-krzyzyk","25":"pa_proba-0-925","26":"pa_szerokosc-6mm","27":"pa_waga-060g","28":"pa_wysokosc-8mm","29":"pa_zapiecie-sztyft","31":"first","32":"instock","33":"purchasable","34":"product-type-simple"},"aioseo_notices":[],"_links":{"self":[{"href":"https:\/\/staviori.com.pl\/cs\/wp-json\/wp\/v2\/product\/15690","targetHints":{"allow":["GET"]}}],"collection":[{"href":"https:\/\/staviori.com.pl\/cs\/wp-json\/wp\/v2\/product"}],"about":[{"href":"https:\/\/staviori.com.pl\/cs\/wp-json\/wp\/v2\/types\/product"}],"replies":[{"embeddable":true,"href":"https:\/\/staviori.com.pl\/cs\/wp-json\/wp\/v2\/comments?post=15690"}],"wp:featuredmedia":[{"embeddable":true,"href":"https:\/\/staviori.com.pl\/cs\/wp-json\/wp\/v2\/media\/7729"}],"wp:attachment":[{"href":"https:\/\/staviori.com.pl\/cs\/wp-json\/wp\/v2\/media?parent=15690"}],"wp:term":[{"taxonomy":"product_brand","embeddable":true,"href":"https:\/\/staviori.com.pl\/cs\/wp-json\/wp\/v2\/product_brand?post=15690"},{"taxonomy":"product_cat","embeddable":true,"href":"https:\/\/staviori.com.pl\/cs\/wp-json\/wp\/v2\/product_cat?post=15690"},{"taxonomy":"product_tag","embeddable":true,"href":"https:\/\/staviori.com.pl\/cs\/wp-json\/wp\/v2\/product_tag?post=15690"}],"curies":[{"name":"wp","href":"https:\/\/api.w.org\/{rel}","templated":true}]}}