{"id":15688,"date":"2025-02-24T22:49:32","date_gmt":"2025-02-24T21:49:32","guid":{"rendered":"https:\/\/staviori.com.pl\/product\/srebrne-kolczyki-sss5909\/"},"modified":"2026-04-13T23:26:34","modified_gmt":"2026-04-13T21:26:34","slug":"srebrne-kolczyki-sss5909","status":"publish","type":"product","link":"https:\/\/staviori.com.pl\/cs\/product\/srebrne-kolczyki-sss5909\/","title":{"rendered":"N\u00e1u\u0161nice k\u0159\u00ed\u017eek na puzet\u011b, rhodiovan\u00e9 st\u0159\u00edbro 925 | sterlingov\u00e9 st\u0159\u00edbro"},"content":{"rendered":"<p>Model: SSS5909<br \/>\nWaga ok. 0,61g<\/p>\n<p>N\u00e1u\u0161nice.<br \/>\nSrebro 925.<br \/>\n\u0160\u00ed\u0159ka 6 mm.<br \/>\nWysoko\u015b\u0107 8 mm.<\/p>\n<p>Ponadczasowy symbol nadziei, wiary i odnowy. Te srebrne kolczyki pomog\u0105 od\u015bwie\u017cy\u0107 ducha ka\u017cdego kto je nosi. S\u0105 idealn\u0105 par\u0105 do ko\u015bcio\u0142a, s\u0105 r\u00f3wnie\u017c pi\u0119knie wykonane w celu wygodnego noszenia na codzie\u0144<\/p>","protected":false},"excerpt":{"rendered":"<p>Jemn\u00e9 st\u0159\u00edbrn\u00e9 n\u00e1u\u0161nice ve tvaru k\u0159\u00ed\u017eku vyroben\u00e9 ze st\u0159\u00edbra ryzosti 0,925. Nad\u010dasov\u00fd symbol v\u00edry a nad\u011bje, kter\u00fd se uplatn\u00ed jako decentn\u00ed ka\u017edodenn\u00ed dopln\u011bk i jako jedine\u010dn\u00fd \u0161perk pro slavnostn\u00ed p\u0159\u00edle\u017eitosti. Jednoduch\u00fd tvar podtrhuje eleganci a spiritualitu.<\/p>","protected":false},"featured_media":7717,"comment_status":"closed","ping_status":"closed","template":"","meta":{"om_disable_all_campaigns":false},"product_brand":[2284],"product_cat":[199,1818,1817],"product_tag":[5947,3073,3197,5946,5949,5948,5820,2942,2427,5905],"class_list":{"0":"post-15688","1":"product","2":"type-product","3":"status-publish","4":"has-post-thumbnail","6":"product_brand-staviori","7":"product_cat-kolczyki","8":"product_cat-srebrne-kolczyki","9":"product_cat-srebro-2","10":"product_tag-cross-earrings","11":"product_tag-kolczyki-krzyzyki","12":"product_tag-kolczyki-minimalistyczne","13":"product_tag-kolczyki-religijne","14":"product_tag-nausnice-krizek","15":"product_tag-ohrringe-kreuz","16":"product_tag-silver-earrings","17":"product_tag-srebrne-kolczyki","18":"product_tag-srebro-925","19":"product_tag-sterling-silver","20":"pa_dostawca-karen-silver","21":"pa_kruszec-srebro","22":"pa_kruszec-srebro-rodowane","23":"pa_motyw-krzyzyk","24":"pa_proba-0-925","25":"pa_szerokosc-6mm","26":"pa_waga-060g","27":"pa_wysokosc-8mm","28":"pa_zapiecie-sztyft","30":"first","31":"instock","32":"purchasable","33":"product-type-simple"},"aioseo_notices":[],"_links":{"self":[{"href":"https:\/\/staviori.com.pl\/cs\/wp-json\/wp\/v2\/product\/15688","targetHints":{"allow":["GET"]}}],"collection":[{"href":"https:\/\/staviori.com.pl\/cs\/wp-json\/wp\/v2\/product"}],"about":[{"href":"https:\/\/staviori.com.pl\/cs\/wp-json\/wp\/v2\/types\/product"}],"replies":[{"embeddable":true,"href":"https:\/\/staviori.com.pl\/cs\/wp-json\/wp\/v2\/comments?post=15688"}],"wp:featuredmedia":[{"embeddable":true,"href":"https:\/\/staviori.com.pl\/cs\/wp-json\/wp\/v2\/media\/7717"}],"wp:attachment":[{"href":"https:\/\/staviori.com.pl\/cs\/wp-json\/wp\/v2\/media?parent=15688"}],"wp:term":[{"taxonomy":"product_brand","embeddable":true,"href":"https:\/\/staviori.com.pl\/cs\/wp-json\/wp\/v2\/product_brand?post=15688"},{"taxonomy":"product_cat","embeddable":true,"href":"https:\/\/staviori.com.pl\/cs\/wp-json\/wp\/v2\/product_cat?post=15688"},{"taxonomy":"product_tag","embeddable":true,"href":"https:\/\/staviori.com.pl\/cs\/wp-json\/wp\/v2\/product_tag?post=15688"}],"curies":[{"name":"wp","href":"https:\/\/api.w.org\/{rel}","templated":true}]}}