{"id":15687,"date":"2025-02-24T22:49:32","date_gmt":"2025-02-24T21:49:32","guid":{"rendered":"https:\/\/staviori.com.pl\/product\/srebrne-kolczyki-sss5906y\/"},"modified":"2026-02-11T00:09:25","modified_gmt":"2026-02-10T23:09:25","slug":"srebrne-kolczyki-sss5906y","status":"publish","type":"product","link":"https:\/\/staviori.com.pl\/cs\/product\/srebrne-kolczyki-sss5906y\/","title":{"rendered":"Post\u0159\u00edb\u0159en\u00e9 mal\u00e9 n\u00e1u\u0161nice srdce | gold"},"content":{"rendered":"<p>Model: SSS5906Y<br \/>\nWaga ok. 0.43g<\/p>\n<p>N\u00e1u\u0161nice.<br \/>\nSrebro 925 pokryte \u017c\u00f3\u0142tym z\u0142otem<\/p>\n<p>Szeroko\u015b\u0107 4.58 mm.<\/p>\n<p>Eleganckie i urocze srebrne kolczyki w kszta\u0142cie serca, s\u0105 idealne na codzie\u0144.<br \/>\nA\u017curowe serca s\u0105 bardzo popularne i modne, a te pi\u0119kne srebrne kolczyki pod\u0105\u017caj\u0105 za tym trendem z ponadczasowym urokiem.<\/p>","protected":false},"excerpt":{"rendered":"<p>Subtelne kolczyki w kszta\u0142cie serca wykonane ze srebra pr\u00f3by 0,925, pokryte \u017c\u00f3\u0142tym z\u0142otem. Delikatny a\u017curowy wz\u00f3r dodaje im lekko\u015bci i romantycznego charakteru. Idealne na co dzie\u0144 oraz jako wyj\u0105tkowy prezent, kt\u00f3ry podkre\u015bli ponadczasowe pi\u0119kno motywu serca.<\/p>","protected":false},"featured_media":7714,"comment_status":"closed","ping_status":"closed","template":"","meta":{"om_disable_all_campaigns":false},"product_brand":[2284],"product_cat":[199,1818,1817],"product_tag":[2858,5916,5939,2995,3096,3568,5945,5944,5938,5914,2427,5905],"class_list":{"0":"post-15687","1":"product","2":"type-product","3":"status-publish","4":"has-post-thumbnail","6":"product_brand-staviori","7":"product_cat-kolczyki","8":"product_cat-srebrne-kolczyki","9":"product_cat-srebro-2","10":"product_tag-delikatne-kolczyki","11":"product_tag-gold-plated-earrings","12":"product_tag-heart-earrings","13":"product_tag-kolczyki-azurowe","14":"product_tag-kolczyki-serca","15":"product_tag-kolczyki-zolte-zloto","16":"product_tag-nausnice-srdce-zlato","17":"product_tag-ohrringe-herz-gold","18":"product_tag-romantyczne-kolczyki","19":"product_tag-srebrne-kolczyki-pozlacane","20":"product_tag-srebro-925","21":"product_tag-sterling-silver","22":"pa_dostawca-karen-silver","23":"pa_kruszec-srebro","24":"pa_kruszec-srebro-pozlacane","25":"pa_motyw-serce","26":"pa_proba-0-925","27":"pa_szerokosc-4-58mm","28":"pa_waga-043g","30":"first","31":"instock","32":"purchasable","33":"product-type-simple"},"aioseo_notices":[],"_links":{"self":[{"href":"https:\/\/staviori.com.pl\/cs\/wp-json\/wp\/v2\/product\/15687","targetHints":{"allow":["GET"]}}],"collection":[{"href":"https:\/\/staviori.com.pl\/cs\/wp-json\/wp\/v2\/product"}],"about":[{"href":"https:\/\/staviori.com.pl\/cs\/wp-json\/wp\/v2\/types\/product"}],"replies":[{"embeddable":true,"href":"https:\/\/staviori.com.pl\/cs\/wp-json\/wp\/v2\/comments?post=15687"}],"wp:featuredmedia":[{"embeddable":true,"href":"https:\/\/staviori.com.pl\/cs\/wp-json\/wp\/v2\/media\/7714"}],"wp:attachment":[{"href":"https:\/\/staviori.com.pl\/cs\/wp-json\/wp\/v2\/media?parent=15687"}],"wp:term":[{"taxonomy":"product_brand","embeddable":true,"href":"https:\/\/staviori.com.pl\/cs\/wp-json\/wp\/v2\/product_brand?post=15687"},{"taxonomy":"product_cat","embeddable":true,"href":"https:\/\/staviori.com.pl\/cs\/wp-json\/wp\/v2\/product_cat?post=15687"},{"taxonomy":"product_tag","embeddable":true,"href":"https:\/\/staviori.com.pl\/cs\/wp-json\/wp\/v2\/product_tag?post=15687"}],"curies":[{"name":"wp","href":"https:\/\/api.w.org\/{rel}","templated":true}]}}