{"id":15686,"date":"2025-02-24T22:49:32","date_gmt":"2025-02-24T21:49:32","guid":{"rendered":"https:\/\/staviori.com.pl\/product\/srebrne-kolczyki-sss5906r\/"},"modified":"2026-02-11T00:09:25","modified_gmt":"2026-02-10T23:09:25","slug":"srebrne-kolczyki-sss5906r","status":"publish","type":"product","link":"https:\/\/staviori.com.pl\/cs\/product\/srebrne-kolczyki-sss5906r\/","title":{"rendered":"Post\u0159\u00edb\u0159en\u00e9 mal\u00e9 n\u00e1u\u0161nice srdce | r\u016f\u017eov\u00e1"},"content":{"rendered":"<p>Model: SSS5906R<br \/>\nWaga ok. 0,43g<\/p>\n<p>N\u00e1u\u0161nice.<br \/>\nSrebro 925 pokryte r\u00f3\u017cowym z\u0142otem<\/p>\n<p>Szeroko\u015b\u0107 4.58 mm.<br \/>\nWysoko\u015b\u0107 4.14 mm.<\/p>\n<p>Eleganckie i urocze, srebrne kolczyki w kszta\u0142cie serca s\u0105 idealne na codzie\u0144. A\u017curowe serca s\u0105 bardzo modne, a te pi\u0119kne srebrne kolczyki pod\u0105\u017caj\u0105 za tym trendem z ponadczasowym urokiem.<\/p>","protected":false},"excerpt":{"rendered":"<p>Delikatne kolczyki w kszta\u0142cie serca wykonane ze srebra pr\u00f3by 0,925 i pokryte r\u00f3\u017cowym z\u0142otem. A\u017curowy wz\u00f3r sprawia, \u017ce prezentuj\u0105 si\u0119 lekko i romantycznie, dodaj\u0105c subtelnego uroku ka\u017cdej stylizacji. Idealne na co dzie\u0144, a tak\u017ce jako wyj\u0105tkowy prezent dla bliskiej osoby.<\/p>","protected":false},"featured_media":7711,"comment_status":"closed","ping_status":"closed","template":"","meta":{"om_disable_all_campaigns":false},"product_brand":[2284],"product_cat":[199,1818,1817],"product_tag":[2858,5939,2995,3270,3096,5943,5942,5938,5927,5914,2427,5905],"class_list":{"0":"post-15686","1":"product","2":"type-product","3":"status-publish","4":"has-post-thumbnail","6":"product_brand-staviori","7":"product_cat-kolczyki","8":"product_cat-srebrne-kolczyki","9":"product_cat-srebro-2","10":"product_tag-delikatne-kolczyki","11":"product_tag-heart-earrings","12":"product_tag-kolczyki-azurowe","13":"product_tag-kolczyki-rozowe-zloto","14":"product_tag-kolczyki-serca","15":"product_tag-nausnice-srdce-ruzove-zlato","16":"product_tag-ohrringe-herz-rosegold","17":"product_tag-romantyczne-kolczyki","18":"product_tag-rose-gold-earrings","19":"product_tag-srebrne-kolczyki-pozlacane","20":"product_tag-srebro-925","21":"product_tag-sterling-silver","22":"pa_dostawca-karen-silver","23":"pa_kolor-rozowe","24":"pa_kruszec-srebro","25":"pa_kruszec-srebro-pozlacane","26":"pa_motyw-serce","27":"pa_proba-0-925","28":"pa_szerokosc-4-58mm","29":"pa_waga-g","30":"pa_wysokosc-4-14mm","32":"first","33":"instock","34":"purchasable","35":"product-type-simple"},"aioseo_notices":[],"_links":{"self":[{"href":"https:\/\/staviori.com.pl\/cs\/wp-json\/wp\/v2\/product\/15686","targetHints":{"allow":["GET"]}}],"collection":[{"href":"https:\/\/staviori.com.pl\/cs\/wp-json\/wp\/v2\/product"}],"about":[{"href":"https:\/\/staviori.com.pl\/cs\/wp-json\/wp\/v2\/types\/product"}],"replies":[{"embeddable":true,"href":"https:\/\/staviori.com.pl\/cs\/wp-json\/wp\/v2\/comments?post=15686"}],"wp:featuredmedia":[{"embeddable":true,"href":"https:\/\/staviori.com.pl\/cs\/wp-json\/wp\/v2\/media\/7711"}],"wp:attachment":[{"href":"https:\/\/staviori.com.pl\/cs\/wp-json\/wp\/v2\/media?parent=15686"}],"wp:term":[{"taxonomy":"product_brand","embeddable":true,"href":"https:\/\/staviori.com.pl\/cs\/wp-json\/wp\/v2\/product_brand?post=15686"},{"taxonomy":"product_cat","embeddable":true,"href":"https:\/\/staviori.com.pl\/cs\/wp-json\/wp\/v2\/product_cat?post=15686"},{"taxonomy":"product_tag","embeddable":true,"href":"https:\/\/staviori.com.pl\/cs\/wp-json\/wp\/v2\/product_tag?post=15686"}],"curies":[{"name":"wp","href":"https:\/\/api.w.org\/{rel}","templated":true}]}}