{"id":15684,"date":"2025-02-24T22:49:32","date_gmt":"2025-02-24T21:49:32","guid":{"rendered":"https:\/\/staviori.com.pl\/product\/srebrne-kolczyki-sss5201w\/"},"modified":"2026-02-11T00:09:25","modified_gmt":"2026-02-10T23:09:25","slug":"srebrne-kolczyki-sss5201w","status":"publish","type":"product","link":"https:\/\/staviori.com.pl\/cs\/product\/srebrne-kolczyki-sss5201w\/","title":{"rendered":"St\u0159\u00edbrn\u00e9 n\u00e1u\u0161nice na v\u00e1no\u010dn\u00ed strome\u010dek"},"content":{"rendered":"<p>Model: SSS5201W<br \/>\nHmotnost p\u0159ibli\u017en\u011b 1,20 g<\/p>\n<p>N\u00e1u\u0161nice.<br \/>\n0,925 rhodiovan\u00e9 st\u0159\u00edbro.<\/p>\n<p>Szeroko\u015b\u0107 9 mm.<br \/>\nD\u0142ugo\u015b\u0107 14 mm.<\/p>\n<p>Weso\u0142ych \u015bwi\u0105t! Pi\u0119kne kolczyki w kszta\u0142cie choinki wykonane ze srebra pr\u00f3by 925.<br \/>\nKolczyki zapinane na sztyft. Mog\u0105 by\u0107 hitem zar\u00f3wno na co dzie\u0144, jak i na imprezy!<\/p>","protected":false},"excerpt":{"rendered":"<p>Urocze kolczyki w kszta\u0142cie choinki, wykonane ze srebra pr\u00f3by 0,925. Delikatny, \u015bwi\u0105teczny motyw sprawia, \u017ce s\u0105 idealnym dodatkiem na zimowy czas \u2013 zar\u00f3wno do codziennych stylizacji, jak i na wyj\u0105tkowe okazje. Zapinane na wygodny sztyft, pi\u0119knie podkre\u015bl\u0105 radosny charakter \u015bwi\u0105t.<\/p>","protected":false},"featured_media":7699,"comment_status":"closed","ping_status":"closed","template":"","meta":{"om_disable_all_campaigns":false},"product_brand":[2284],"product_cat":[199,1818,1817],"product_tag":[5934,5935,5933,5896,5937,5936,5820,2942,2427,5905],"class_list":{"0":"post-15684","1":"product","2":"type-product","3":"status-publish","4":"has-post-thumbnail","6":"product_brand-staviori","7":"product_cat-kolczyki","8":"product_cat-srebrne-kolczyki","9":"product_cat-srebro-2","10":"product_tag-bizuteria-swiateczna","11":"product_tag-christmas-earrings","12":"product_tag-kolczyki-choinki","13":"product_tag-kolczyki-swiateczne","14":"product_tag-nausnice-vanocni","15":"product_tag-ohrringe-weihnachten","16":"product_tag-silver-earrings","17":"product_tag-srebrne-kolczyki","18":"product_tag-srebro-925","19":"product_tag-sterling-silver","20":"pa_dlugosc-14mm","21":"pa_dostawca-karen-silver","22":"pa_kruszec-srebro","23":"pa_kruszec-srebro-rodowane","24":"pa_motyw-boze-narodzenie","25":"pa_motyw-choinka","26":"pa_motyw-swieta","27":"pa_proba-0-925","28":"pa_szerokosc-9mm","29":"pa_waga-120g","31":"first","32":"instock","33":"purchasable","34":"product-type-simple"},"aioseo_notices":[],"_links":{"self":[{"href":"https:\/\/staviori.com.pl\/cs\/wp-json\/wp\/v2\/product\/15684","targetHints":{"allow":["GET"]}}],"collection":[{"href":"https:\/\/staviori.com.pl\/cs\/wp-json\/wp\/v2\/product"}],"about":[{"href":"https:\/\/staviori.com.pl\/cs\/wp-json\/wp\/v2\/types\/product"}],"replies":[{"embeddable":true,"href":"https:\/\/staviori.com.pl\/cs\/wp-json\/wp\/v2\/comments?post=15684"}],"wp:featuredmedia":[{"embeddable":true,"href":"https:\/\/staviori.com.pl\/cs\/wp-json\/wp\/v2\/media\/7699"}],"wp:attachment":[{"href":"https:\/\/staviori.com.pl\/cs\/wp-json\/wp\/v2\/media?parent=15684"}],"wp:term":[{"taxonomy":"product_brand","embeddable":true,"href":"https:\/\/staviori.com.pl\/cs\/wp-json\/wp\/v2\/product_brand?post=15684"},{"taxonomy":"product_cat","embeddable":true,"href":"https:\/\/staviori.com.pl\/cs\/wp-json\/wp\/v2\/product_cat?post=15684"},{"taxonomy":"product_tag","embeddable":true,"href":"https:\/\/staviori.com.pl\/cs\/wp-json\/wp\/v2\/product_tag?post=15684"}],"curies":[{"name":"wp","href":"https:\/\/api.w.org\/{rel}","templated":true}]}}