{"id":15677,"date":"2025-02-24T22:49:32","date_gmt":"2025-02-24T21:49:32","guid":{"rendered":"https:\/\/staviori.com.pl\/product\/srebrne-kolczyki-sss5192\/"},"modified":"2026-02-19T21:01:29","modified_gmt":"2026-02-19T20:01:29","slug":"srebrne-kolczyki-sss5192","status":"publish","type":"product","link":"https:\/\/staviori.com.pl\/cs\/product\/srebrne-kolczyki-sss5192\/","title":{"rendered":"St\u0159\u00edbrn\u00e9 puzetov\u00e9 n\u00e1u\u0161nice | 925 rhodiovan\u00e9 st\u0159\u00edbro"},"content":{"rendered":"<p>Model: SSS5192<br \/>\nWaga ok. 1,79g<\/p>\n<p>N\u00e1u\u0161nice.<br \/>\nSt\u0159\u00edbro 0,925.<br \/>\nD\u0142ugo\u015b\u0107 33 mm.<br \/>\nTlou\u0161\u0165ka 3 mm.<\/p>\n<p>Odwa\u017cne i modne. Prosta, pod\u0142u\u017cna linia zachwyca i przyci\u0105ga wzrok.<\/p>","protected":false},"excerpt":{"rendered":"<p>PL:<br \/>\nNowoczesne srebrne kolczyki o minimalistycznym designie. Wykonane ze srebra pr\u00f3by 0,925, zachwycaj\u0105 prost\u0105, pod\u0142u\u017cn\u0105 form\u0105, kt\u00f3ra doskonale podkre\u015bla elegancj\u0119 i odwag\u0119 stylizacji. Idealne dla kobiet ceni\u0105cych subtelny, a zarazem wyrazisty akcent bi\u017cuteryjny.<\/p>","protected":false},"featured_media":7669,"comment_status":"closed","ping_status":"closed","template":"","meta":{"om_disable_all_campaigns":false},"product_brand":[2284],"product_cat":[199,1818,1817],"product_tag":[2891,3197,3196,3354,5822,5913,5912,5820,2942,2427,5905],"class_list":{"0":"post-15677","1":"product","2":"type-product","3":"status-publish","4":"has-post-thumbnail","6":"product_brand-staviori","7":"product_cat-kolczyki","8":"product_cat-srebrne-kolczyki","9":"product_cat-srebro-2","10":"product_tag-dlugie-kolczyki","11":"product_tag-kolczyki-minimalistyczne","12":"product_tag-kolczyki-nowoczesne","13":"product_tag-kolczyki-paleczki","14":"product_tag-minimalist-earrings","15":"product_tag-nausnice-minimalisticke","16":"product_tag-ohrringe-minimalistisch","17":"product_tag-silver-earrings","18":"product_tag-srebrne-kolczyki","19":"product_tag-srebro-925","20":"product_tag-sterling-silver","21":"pa_dlugosc-33mm","22":"pa_dostawca-karen-silver","23":"pa_grubosc-3mm","24":"pa_kruszec-srebro","25":"pa_kruszec-srebro-rodowane","26":"pa_proba-0-925","27":"pa_waga-179g","29":"first","30":"instock","31":"purchasable","32":"product-type-simple"},"aioseo_notices":[],"_links":{"self":[{"href":"https:\/\/staviori.com.pl\/cs\/wp-json\/wp\/v2\/product\/15677","targetHints":{"allow":["GET"]}}],"collection":[{"href":"https:\/\/staviori.com.pl\/cs\/wp-json\/wp\/v2\/product"}],"about":[{"href":"https:\/\/staviori.com.pl\/cs\/wp-json\/wp\/v2\/types\/product"}],"replies":[{"embeddable":true,"href":"https:\/\/staviori.com.pl\/cs\/wp-json\/wp\/v2\/comments?post=15677"}],"wp:featuredmedia":[{"embeddable":true,"href":"https:\/\/staviori.com.pl\/cs\/wp-json\/wp\/v2\/media\/7669"}],"wp:attachment":[{"href":"https:\/\/staviori.com.pl\/cs\/wp-json\/wp\/v2\/media?parent=15677"}],"wp:term":[{"taxonomy":"product_brand","embeddable":true,"href":"https:\/\/staviori.com.pl\/cs\/wp-json\/wp\/v2\/product_brand?post=15677"},{"taxonomy":"product_cat","embeddable":true,"href":"https:\/\/staviori.com.pl\/cs\/wp-json\/wp\/v2\/product_cat?post=15677"},{"taxonomy":"product_tag","embeddable":true,"href":"https:\/\/staviori.com.pl\/cs\/wp-json\/wp\/v2\/product_tag?post=15677"}],"curies":[{"name":"wp","href":"https:\/\/api.w.org\/{rel}","templated":true}]}}