{"id":15675,"date":"2025-02-24T22:49:32","date_gmt":"2025-02-24T21:49:32","guid":{"rendered":"https:\/\/staviori.com.pl\/product\/srebrne-kolczyki-sss5127\/"},"modified":"2026-02-11T00:09:25","modified_gmt":"2026-02-10T23:09:25","slug":"srebrne-kolczyki-sss5127","status":"publish","type":"product","link":"https:\/\/staviori.com.pl\/cs\/product\/srebrne-kolczyki-sss5127\/","title":{"rendered":"St\u0159\u00edbrn\u00e9 n\u00e1u\u0161nice ve tvaru slona"},"content":{"rendered":"<p>Model: SSS5127<br \/>\nHmotnost p\u0159ibli\u017en\u011b 1,30 g<\/p>\n<p>N\u00e1u\u0161nice.<br \/>\nSt\u0159\u00edbro 0,925.<br \/>\nWymiary 9&#215;6 mm.<\/p>","protected":false},"excerpt":{"rendered":"<p>Urocze srebrne kolczyki w kszta\u0142cie s\u0142onika, symbolizuj\u0105ce szcz\u0119\u015bcie i powodzenie. Wykonane z najwy\u017cszej jako\u015bci srebra pr\u00f3by 0,925, zachwycaj\u0105 prostot\u0105 i subtelnym blaskiem. Idealny dodatek zar\u00f3wno dla dzieci, jak i doros\u0142ych, kt\u00f3ry wniesie odrobin\u0119 rado\u015bci do ka\u017cdej stylizacji.<\/p>","protected":false},"featured_media":7644,"comment_status":"closed","ping_status":"closed","template":"","meta":{"om_disable_all_campaigns":false},"product_brand":[2284],"product_cat":[199,1818,1817],"product_tag":[5904,5902,5903,5907,5906,5820,2942,2427,5905],"class_list":{"0":"post-15675","1":"product","2":"type-product","3":"status-publish","4":"has-post-thumbnail","6":"product_brand-staviori","7":"product_cat-kolczyki","8":"product_cat-srebrne-kolczyki","9":"product_cat-srebro-2","10":"product_tag-elephant-earrings","11":"product_tag-kolczyki-sloniki","12":"product_tag-kolczyki-zwierzatka","13":"product_tag-nausnice-slon","14":"product_tag-ohrringe-elefant","15":"product_tag-silver-earrings","16":"product_tag-srebrne-kolczyki","17":"product_tag-srebro-925","18":"product_tag-sterling-silver","19":"pa_dostawca-karen-silver","20":"pa_kruszec-srebro","21":"pa_kruszec-srebro-rodowane","22":"pa_motyw-slonik","23":"pa_motyw-zwierze","24":"pa_proba-0-925","25":"pa_waga-130g","26":"pa_waga-g","27":"pa_wymiary-9x6mm","29":"first","30":"instock","31":"purchasable","32":"product-type-simple"},"aioseo_notices":[],"_links":{"self":[{"href":"https:\/\/staviori.com.pl\/cs\/wp-json\/wp\/v2\/product\/15675","targetHints":{"allow":["GET"]}}],"collection":[{"href":"https:\/\/staviori.com.pl\/cs\/wp-json\/wp\/v2\/product"}],"about":[{"href":"https:\/\/staviori.com.pl\/cs\/wp-json\/wp\/v2\/types\/product"}],"replies":[{"embeddable":true,"href":"https:\/\/staviori.com.pl\/cs\/wp-json\/wp\/v2\/comments?post=15675"}],"wp:featuredmedia":[{"embeddable":true,"href":"https:\/\/staviori.com.pl\/cs\/wp-json\/wp\/v2\/media\/7644"}],"wp:attachment":[{"href":"https:\/\/staviori.com.pl\/cs\/wp-json\/wp\/v2\/media?parent=15675"}],"wp:term":[{"taxonomy":"product_brand","embeddable":true,"href":"https:\/\/staviori.com.pl\/cs\/wp-json\/wp\/v2\/product_brand?post=15675"},{"taxonomy":"product_cat","embeddable":true,"href":"https:\/\/staviori.com.pl\/cs\/wp-json\/wp\/v2\/product_cat?post=15675"},{"taxonomy":"product_tag","embeddable":true,"href":"https:\/\/staviori.com.pl\/cs\/wp-json\/wp\/v2\/product_tag?post=15675"}],"curies":[{"name":"wp","href":"https:\/\/api.w.org\/{rel}","templated":true}]}}